{"id":1298,"date":"2025-12-27T17:26:54","date_gmt":"2025-12-27T17:26:54","guid":{"rendered":"https:\/\/airevejer.es\/?page_id=1298"},"modified":"2025-12-27T17:44:33","modified_gmt":"2025-12-27T17:44:33","slug":"politicas-de-privacidad","status":"publish","type":"page","link":"https:\/\/airevejer.es\/de\/politicas-de-privacidad\/","title":{"rendered":"Datenschutzbestimmungen"},"content":{"rendered":"<div data-elementor-type=\"wp-page\" data-elementor-id=\"1298\" class=\"elementor elementor-1298\" data-elementor-post-type=\"page\">\n\t\t\t\t<div class=\"elementor-element elementor-element-6ca16b9 e-flex e-con-boxed e-con e-parent\" data-id=\"6ca16b9\" data-element_type=\"container\" data-e-type=\"container\">\n\t\t\t\t\t<div class=\"e-con-inner\">\n\t\t\t\t<div class=\"elementor-element elementor-element-029c8b7 elementor-fixed elementor-widget elementor-widget-theme-site-logo elementor-widget-image\" data-id=\"029c8b7\" data-element_type=\"widget\" data-e-type=\"widget\" data-settings=\"{&quot;_position&quot;:&quot;fixed&quot;}\" data-widget_type=\"theme-site-logo.default\">\n\t\t\t\t<div class=\"elementor-widget-container\">\n\t\t\t\t\t\t\t\t\t\t\t<a href=\"https:\/\/airevejer.es\/de\">\n\t\t\t<img decoding=\"async\" width=\"150\" height=\"150\" src=\"https:\/\/airevejer.es\/wp-content\/uploads\/2025\/12\/37EAE454-1607-4673-92E9-595A68030E3A-scaled.png\" class=\"attachment-thumbnail size-thumbnail wp-image-16\" alt=\"37EAE454 1607 4673 92E9 595A68030E3A Scaled\" srcset=\"https:\/\/airevejer.es\/wp-content\/uploads\/2025\/12\/37EAE454-1607-4673-92E9-595A68030E3A-scaled-150x150.png 150w, https:\/\/airevejer.es\/wp-content\/uploads\/2025\/12\/37EAE454-1607-4673-92E9-595A68030E3A-scaled-300x300.png 300w, https:\/\/airevejer.es\/wp-content\/uploads\/2025\/12\/37EAE454-1607-4673-92E9-595A68030E3A-scaled-1024x1024.png 1024w, https:\/\/airevejer.es\/wp-content\/uploads\/2025\/12\/37EAE454-1607-4673-92E9-595A68030E3A-scaled-768x768.png 768w, https:\/\/airevejer.es\/wp-content\/uploads\/2025\/12\/37EAE454-1607-4673-92E9-595A68030E3A-scaled-1536x1536.png 1536w, https:\/\/airevejer.es\/wp-content\/uploads\/2025\/12\/37EAE454-1607-4673-92E9-595A68030E3A-scaled-2048x2048.png 2048w, https:\/\/airevejer.es\/wp-content\/uploads\/2025\/12\/37EAE454-1607-4673-92E9-595A68030E3A-scaled-12x12.png 12w, https:\/\/airevejer.es\/wp-content\/uploads\/2025\/12\/37EAE454-1607-4673-92E9-595A68030E3A-scaled-600x600.png 600w, https:\/\/airevejer.es\/wp-content\/uploads\/2025\/12\/37EAE454-1607-4673-92E9-595A68030E3A-scaled-100x100.png 100w, https:\/\/airevejer.es\/wp-content\/uploads\/2025\/12\/37EAE454-1607-4673-92E9-595A68030E3A-scaled-144x144.png 144w\" sizes=\"(max-width: 150px) 100vw, 150px\" title=\"Datenschutzbestimmungen\">\t\t\t\t<\/a>\n\t\t\t\t\t\t\t\t\t\t\t<\/div>\n\t\t\t\t<\/div>\n\t\t\t\t\t<\/div>\n\t\t\t\t<\/div>\n\t\t<div class=\"elementor-element elementor-element-0d08fef e-flex e-con-boxed e-con e-parent\" data-id=\"0d08fef\" data-element_type=\"container\" data-e-type=\"container\">\n\t\t\t\t\t<div class=\"e-con-inner\">\n\t\t\t\t<div class=\"elementor-element elementor-element-6bf1d54 elementor-widget elementor-widget-heading\" data-id=\"6bf1d54\" data-element_type=\"widget\" data-e-type=\"widget\" data-widget_type=\"heading.default\">\n\t\t\t\t<div class=\"elementor-widget-container\">\n\t\t\t\t\t<h2 class=\"elementor-heading-title elementor-size-default\">Datenschutzbestimmungen<\/h2>\t\t\t\t<\/div>\n\t\t\t\t<\/div>\n\t\t\t\t\t<\/div>\n\t\t\t\t<\/div>\n\t\t<div class=\"elementor-element elementor-element-b1bd2c1 e-flex e-con-boxed e-con e-parent\" data-id=\"b1bd2c1\" data-element_type=\"container\" data-e-type=\"container\">\n\t\t\t\t\t<div class=\"e-con-inner\">\n\t\t\t\t<div class=\"elementor-element elementor-element-2d7ed93 elementor-widget elementor-widget-text-editor\" data-id=\"2d7ed93\" data-element_type=\"widget\" data-e-type=\"widget\" data-widget_type=\"text-editor.default\">\n\t\t\t\t<div class=\"elementor-widget-container\">\n\t\t\t\t\t\t\t\t\t<p class=\"p1\"><b>Datenschutzrichtlinie<\/b><b><\/b><\/p><p class=\"p1\">En <b>Luft Vejer<\/b> nos comprometemos a proteger la privacidad y los datos personales de los usuarios que acceden a nuestro sitio web, conforme a lo dispuesto en el <b>Verordnung (EU) 2016\/679 (DSGVO)<\/b> y la <b>Ley Org\u00e1nica 3\/2018, de Protecci\u00f3n de Datos Personales y garant\u00eda de los derechos digitales (LOPDGDD)<\/b>.<\/p><p class=\"p1\"><b>1. Responsable del tratamiento<\/b><b><\/b><\/p><p class=\"p1\"><b>Responsable:<\/b> Aire Vejer S.L.<\/p><p class=\"p1\"><b>Handelsbezeichnung:<\/b> Luft Vejer<\/p><p class=\"p1\"><b>CIF:<\/b> B72342579<\/p><p class=\"p1\"><b>Sitz der Gesellschaft<\/b> La Barca de Vejer s\/n, Vejer de la Frontera (C\u00e1diz)<\/p><p class=\"p1\"><b>E-Mail<\/b> info@airevejer.es<\/p><p class=\"p1\"><b>Telefon<\/b> 638805946<\/p><p class=\"p1\"><b>2. Datos personales que tratamos<\/b><b><\/b><\/p><p class=\"p1\">A trav\u00e9s de este sitio web podemos recopilar los siguientes datos personales:<\/p><p class=\"p1\">\u2022Datos identificativos: nombre y apellidos<\/p><p class=\"p1\">\u2022Datos de contacto: correo electr\u00f3nico, tel\u00e9fono<\/p><p class=\"p1\">\u2022Datos de reserva y facturaci\u00f3n<\/p><p class=\"p1\">\u2022Datos de navegaci\u00f3n (direcci\u00f3n IP, tipo de dispositivo, navegador)<\/p><p class=\"p1\">\u2022Cualquier otro dato facilitado voluntariamente por el usuario mediante formularios<\/p><p class=\"p1\"><b>3. Finalidad del tratamiento<\/b><b><\/b><\/p><p class=\"p1\">Los datos personales del usuario ser\u00e1n tratados con las siguientes finalidades:<\/p><p class=\"p1\">\u2022Gestionar solicitudes de informaci\u00f3n o contacto<\/p><p class=\"p1\">\u2022Gestionar y formalizar reservas de alojamiento<\/p><p class=\"p1\">\u2022Enviar comunicaciones relacionadas con la estancia o servicios contratados<\/p><p class=\"p1\">\u2022Cumplir con obligaciones legales y fiscales<\/p><p class=\"p1\">\u2022Mejorar la experiencia de navegaci\u00f3n y los servicios ofrecidos<\/p><p class=\"p1\"><b>4. Base legal del tratamiento<\/b><b><\/b><\/p><p class=\"p1\">La base legal para el tratamiento de los datos es:<\/p><p class=\"p1\">\u2022La ejecuci\u00f3n de un contrato o la aplicaci\u00f3n de medidas precontractuales<\/p><p class=\"p1\">\u2022El consentimiento del usuario<\/p><p class=\"p1\">\u2022El cumplimiento de obligaciones legales<\/p><p class=\"p1\">\u2022El inter\u00e9s leg\u00edtimo del responsable para mejorar sus servicios<\/p><p class=\"p1\"><b>5. Conservaci\u00f3n de los datos<\/b><b><\/b><\/p><p class=\"p1\">Los datos personales se conservar\u00e1n durante el tiempo necesario para cumplir con la finalidad para la que fueron recabados y, posteriormente, durante los plazos legalmente exigidos para el cumplimiento de obligaciones legales.<\/p><p class=\"p1\"><b>6. Destinatarios de los datos<\/b><b><\/b><\/p><p class=\"p1\">Los datos podr\u00e1n ser comunicados a:<\/p><p class=\"p1\">\u2022Proveedores de servicios necesarios para la actividad (motor de reservas, alojamiento web, servicios tecnol\u00f3gicos)<\/p><p class=\"p1\">\u2022Administraciones p\u00fablicas, cuando sea obligatorio por ley<\/p><p class=\"p1\">No se ceder\u00e1n datos personales a terceros con fines comerciales, salvo obligaci\u00f3n legal o consentimiento expreso del usuario.<\/p><p class=\"p1\"><b>7. Transferencias internacionales de datos<\/b><b><\/b><\/p><p class=\"p1\">En caso de utilizar servicios de terceros que impliquen transferencias internacionales de datos, estas se realizar\u00e1n con las garant\u00edas adecuadas conforme al RGPD, mediante cl\u00e1usulas contractuales tipo u otros mecanismos legales.<\/p><p class=\"p1\"><b>8. Derechos del usuario<\/b><b><\/b><\/p><p class=\"p1\">El usuario tiene derecho a:<\/p><p class=\"p1\">\u2022Acceder a sus datos personales<\/p><p class=\"p1\">\u2022Rectificar datos inexactos<\/p><p class=\"p1\">\u2022Solicitar su supresi\u00f3n<\/p><p class=\"p1\">\u2022Solicitar la limitaci\u00f3n del tratamiento<\/p><p class=\"p1\">\u2022Oponerse al tratamiento<\/p><p class=\"p1\">\u2022Solicitar la portabilidad de sus datos<\/p><p class=\"p1\">El ejercicio de estos derechos podr\u00e1 realizarse mediante solicitud escrita, adjuntando copia de un documento identificativo, al correo electr\u00f3nico info@airevejer.es<\/p><p class=\"p1\">Asimismo, el usuario tiene derecho a presentar una reclamaci\u00f3n ante la <b>Agencia Espa\u00f1ola de Protecci\u00f3n de Datos (www.aepd.es)<\/b> si considera que el tratamiento de sus datos no se ajusta a la normativa vigente.<\/p><p class=\"p1\"><b>9. Medidas de seguridad<\/b><b><\/b><\/p><p class=\"p1\">Aire Vejer S.L. adopta las medidas t\u00e9cnicas y organizativas necesarias para garantizar la seguridad, integridad y confidencialidad de los datos personales, evitando su p\u00e9rdida, alteraci\u00f3n o acceso no autorizado.<\/p><p class=\"p1\"><b>10. Veracidad de los datos<\/b><b><\/b><\/p><p class=\"p1\">El usuario garantiza que los datos facilitados son veraces, exactos y actualizados, siendo responsable de comunicar cualquier modificaci\u00f3n de los mismos.<\/p><p class=\"p1\"><b>11. Actualizaci\u00f3n de la pol\u00edtica de privacidad<\/b><b><\/b><\/p><p class=\"p1\" style=\"text-align: center;\">Aire Vejer S.L. se reserva el derecho a modificar la presente Pol\u00edtica de Privacidad para adaptarla a cambios legislativos o jurisprudenciales. La versi\u00f3n publicada en el sitio web ser\u00e1 la vigente en cada momento.<\/p>\t\t\t\t\t\t\t\t<\/div>\n\t\t\t\t<\/div>\n\t\t\t\t\t<\/div>\n\t\t\t\t<\/div>\n\t\t<div class=\"elementor-element elementor-element-2f69fa7 e-flex e-con-boxed e-con e-parent\" data-id=\"2f69fa7\" data-element_type=\"container\" data-e-type=\"container\">\n\t\t\t\t\t<div class=\"e-con-inner\">\n\t\t\t\t<div class=\"elementor-element elementor-element-4ac63da elementor-widget elementor-widget-image\" data-id=\"4ac63da\" data-element_type=\"widget\" data-e-type=\"widget\" data-widget_type=\"image.default\">\n\t\t\t\t<div class=\"elementor-widget-container\">\n\t\t\t\t\t\t\t\t\t\t\t\t\t\t\t<img decoding=\"async\" width=\"150\" height=\"150\" src=\"https:\/\/airevejer.es\/wp-content\/uploads\/2025\/12\/99406FFE-D393-4936-9DCB-5F3A69EF0A72-150x150.png\" class=\"attachment-thumbnail size-thumbnail wp-image-802\" alt=\"99406ffe d393 4936 9dcb 5f3a69ef0a72\" srcset=\"https:\/\/airevejer.es\/wp-content\/uploads\/2025\/12\/99406FFE-D393-4936-9DCB-5F3A69EF0A72-150x150.png 150w, https:\/\/airevejer.es\/wp-content\/uploads\/2025\/12\/99406FFE-D393-4936-9DCB-5F3A69EF0A72-100x100.png 100w\" sizes=\"(max-width: 150px) 100vw, 150px\" title=\"Datenschutzbestimmungen\">\t\t\t\t\t\t\t\t\t\t\t\t\t\t\t<\/div>\n\t\t\t\t<\/div>\n\t\t\t\t\t<\/div>\n\t\t\t\t<\/div>\n\t\t<div class=\"elementor-element elementor-element-32bc51a e-flex e-con-boxed e-con e-parent\" data-id=\"32bc51a\" data-element_type=\"container\" data-e-type=\"container\">\n\t\t\t\t\t<div class=\"e-con-inner\">\n\t\t<div class=\"elementor-element elementor-element-fdd2790 e-grid e-con-full e-con e-child\" data-id=\"fdd2790\" data-element_type=\"container\" data-e-type=\"container\">\n\t\t\t\t<div class=\"elementor-element elementor-element-77437d8 elementor-nav-menu__align-center elementor-nav-menu--dropdown-tablet elementor-nav-menu__text-align-aside elementor-widget elementor-widget-nav-menu\" data-id=\"77437d8\" data-element_type=\"widget\" data-e-type=\"widget\" data-settings=\"{&quot;layout&quot;:&quot;vertical&quot;,&quot;submenu_icon&quot;:{&quot;value&quot;:&quot;&lt;i class=\\&quot;fas fa-caret-down\\&quot; aria-hidden=\\&quot;true\\&quot;&gt;&lt;\\\/i&gt;&quot;,&quot;library&quot;:&quot;fa-solid&quot;}}\" data-widget_type=\"nav-menu.default\">\n\t\t\t\t<div class=\"elementor-widget-container\">\n\t\t\t\t\t\t\t\t<nav aria-label=\"Men\u00fc\" class=\"elementor-nav-menu--main elementor-nav-menu__container elementor-nav-menu--layout-vertical e--pointer-none\">\n\t\t\t\t<ul id=\"menu-1-77437d8\" class=\"elementor-nav-menu sm-vertical\"><li class=\"menu-item menu-item-type-post_type menu-item-object-page menu-item-154\"><a href=\"https:\/\/airevejer.es\/de\/amenities\/\" class=\"elementor-item menu-link\">R\u00c4UME UND DIENSTLEISTUNGEN<\/a><\/li>\n<li class=\"menu-item menu-item-type-post_type menu-item-object-page menu-item-155\"><a href=\"https:\/\/airevejer.es\/de\/rooms-2\/\" class=\"elementor-item menu-link\">ZIMMER<\/a><\/li>\n<li class=\"menu-item menu-item-type-post_type menu-item-object-page menu-item-1249\"><a href=\"https:\/\/airevejer.es\/de\/el-entorno\/\" class=\"elementor-item menu-link\">Die UMWELT<\/a><\/li>\n<li class=\"menu-item menu-item-type-post_type menu-item-object-page menu-item-919\"><a href=\"https:\/\/airevejer.es\/de\/contacto\/\" class=\"elementor-item menu-link\">KONTAKT<\/a><\/li>\n<\/ul>\t\t\t<\/nav>\n\t\t\t\t\t\t<nav class=\"elementor-nav-menu--dropdown elementor-nav-menu__container\" aria-hidden=\"true\">\n\t\t\t\t<ul id=\"menu-2-77437d8\" class=\"elementor-nav-menu sm-vertical\"><li class=\"menu-item menu-item-type-post_type menu-item-object-page menu-item-154\"><a href=\"https:\/\/airevejer.es\/de\/amenities\/\" class=\"elementor-item menu-link\" tabindex=\"-1\">R\u00c4UME UND DIENSTLEISTUNGEN<\/a><\/li>\n<li class=\"menu-item menu-item-type-post_type menu-item-object-page menu-item-155\"><a href=\"https:\/\/airevejer.es\/de\/rooms-2\/\" class=\"elementor-item menu-link\" tabindex=\"-1\">ZIMMER<\/a><\/li>\n<li class=\"menu-item menu-item-type-post_type menu-item-object-page menu-item-1249\"><a href=\"https:\/\/airevejer.es\/de\/el-entorno\/\" class=\"elementor-item menu-link\" tabindex=\"-1\">Die UMWELT<\/a><\/li>\n<li class=\"menu-item menu-item-type-post_type menu-item-object-page menu-item-919\"><a href=\"https:\/\/airevejer.es\/de\/contacto\/\" class=\"elementor-item menu-link\" tabindex=\"-1\">KONTAKT<\/a><\/li>\n<\/ul>\t\t\t<\/nav>\n\t\t\t\t\t\t<\/div>\n\t\t\t\t<\/div>\n\t\t\t\t<div class=\"elementor-element elementor-element-b49b527 elementor-widget elementor-widget-text-editor\" data-id=\"b49b527\" data-element_type=\"widget\" data-e-type=\"widget\" data-widget_type=\"text-editor.default\">\n\t\t\t\t<div class=\"elementor-widget-container\">\n\t\t\t\t\t\t\t\t\t<h6>AIRE VEJER Boutique-Herberge<\/h6><p>\u00a0<\/p><p>La Barca de Vejer s\/n<\/p><p>Vejer de la Frontera (C\u00e1diz)<\/p><p>info@airevejer.es<\/p><p>638805946<\/p>\t\t\t\t\t\t\t\t<\/div>\n\t\t\t\t<\/div>\n\t\t\t\t<div class=\"elementor-element elementor-element-355807e elementor-nav-menu__align-center elementor-nav-menu--dropdown-tablet elementor-nav-menu__text-align-aside elementor-widget elementor-widget-nav-menu\" data-id=\"355807e\" data-element_type=\"widget\" data-e-type=\"widget\" data-settings=\"{&quot;layout&quot;:&quot;vertical&quot;,&quot;submenu_icon&quot;:{&quot;value&quot;:&quot;&lt;i class=\\&quot;fas fa-caret-down\\&quot; aria-hidden=\\&quot;true\\&quot;&gt;&lt;\\\/i&gt;&quot;,&quot;library&quot;:&quot;fa-solid&quot;}}\" data-widget_type=\"nav-menu.default\">\n\t\t\t\t<div class=\"elementor-widget-container\">\n\t\t\t\t\t\t\t\t<nav aria-label=\"Men\u00fc\" class=\"elementor-nav-menu--main elementor-nav-menu__container elementor-nav-menu--layout-vertical e--pointer-none\">\n\t\t\t\t<ul id=\"menu-1-355807e\" class=\"elementor-nav-menu sm-vertical\"><li class=\"menu-item menu-item-type-post_type menu-item-object-page menu-item-972\"><a href=\"https:\/\/airevejer.es\/de\/politica-de-cookies\/\" class=\"elementor-item menu-link\">Cookie-Richtlinie<\/a><\/li>\n<li class=\"menu-item menu-item-type-post_type menu-item-object-page menu-item-985\"><a href=\"https:\/\/airevejer.es\/de\/elementor-975\/\" class=\"elementor-item menu-link\">Rechtlicher Hinweis<\/a><\/li>\n<li class=\"menu-item menu-item-type-post_type menu-item-object-page menu-item-privacy-policy menu-item-1328\"><a rel=\"privacy-policy\" href=\"https:\/\/airevejer.es\/de\/politicas-de-privacidad\/\" class=\"elementor-item menu-link\">Datenschutzbestimmungen<\/a><\/li>\n<li class=\"menu-item menu-item-type-post_type menu-item-object-page menu-item-1952\"><a href=\"https:\/\/airevejer.es\/de\/condiciones-de-reserva\/\" class=\"elementor-item menu-link\">Buchungsbedingungen<\/a><\/li>\n<\/ul>\t\t\t<\/nav>\n\t\t\t\t\t\t<nav class=\"elementor-nav-menu--dropdown elementor-nav-menu__container\" aria-hidden=\"true\">\n\t\t\t\t<ul id=\"menu-2-355807e\" class=\"elementor-nav-menu sm-vertical\"><li class=\"menu-item menu-item-type-post_type menu-item-object-page menu-item-972\"><a href=\"https:\/\/airevejer.es\/de\/politica-de-cookies\/\" class=\"elementor-item menu-link\" tabindex=\"-1\">Cookie-Richtlinie<\/a><\/li>\n<li class=\"menu-item menu-item-type-post_type menu-item-object-page menu-item-985\"><a href=\"https:\/\/airevejer.es\/de\/elementor-975\/\" class=\"elementor-item menu-link\" tabindex=\"-1\">Rechtlicher Hinweis<\/a><\/li>\n<li class=\"menu-item menu-item-type-post_type menu-item-object-page menu-item-privacy-policy menu-item-1328\"><a rel=\"privacy-policy\" href=\"https:\/\/airevejer.es\/de\/politicas-de-privacidad\/\" class=\"elementor-item menu-link\" tabindex=\"-1\">Datenschutzbestimmungen<\/a><\/li>\n<li class=\"menu-item menu-item-type-post_type menu-item-object-page menu-item-1952\"><a href=\"https:\/\/airevejer.es\/de\/condiciones-de-reserva\/\" class=\"elementor-item menu-link\" tabindex=\"-1\">Buchungsbedingungen<\/a><\/li>\n<\/ul>\t\t\t<\/nav>\n\t\t\t\t\t\t<\/div>\n\t\t\t\t<\/div>\n\t\t\t\t<\/div>\n\t\t\t\t\t<\/div>\n\t\t\t\t<\/div>\n\t\t<div class=\"elementor-element elementor-element-34e7976 e-flex e-con-boxed e-con e-parent\" data-id=\"34e7976\" data-element_type=\"container\" data-e-type=\"container\">\n\t\t\t\t\t<div class=\"e-con-inner\">\n\t\t\t\t<div class=\"elementor-element elementor-element-364fb25 elementor-widget elementor-widget-copyright\" data-id=\"364fb25\" data-element_type=\"widget\" data-e-type=\"widget\" data-widget_type=\"copyright.default\">\n\t\t\t\t<div class=\"elementor-widget-container\">\n\t\t\t\t\t\t\t<div class=\"hfe-copyright-wrapper\">\n\t\t\t\t\t\t\t<span>\u00a92025 Aire Vejer. Todos los derechos reservados. <\/span>\n\t\t\t\t\t<\/div>\n\t\t\t\t\t\t<\/div>\n\t\t\t\t<\/div>\n\t\t\t\t\t<\/div>\n\t\t\t\t<\/div>\n\t\t\t\t<\/div>","protected":false},"excerpt":{"rendered":"<p>Pol\u00edticas de privacidad Pol\u00edtica de Privacidad En Aire Vejer nos comprometemos a proteger la privacidad y los datos personales de los usuarios que acceden a nuestro sitio web, conforme a lo dispuesto en el Reglamento (UE) 2016\/679 (RGPD) y la Ley Org\u00e1nica 3\/2018, de Protecci\u00f3n de Datos Personales y garant\u00eda de los derechos digitales (LOPDGDD). [&hellip;]<\/p>","protected":false},"author":1,"featured_media":0,"parent":0,"menu_order":0,"comment_status":"closed","ping_status":"closed","template":"","meta":{"_uag_custom_page_level_css":"","site-sidebar-layout":"no-sidebar","site-content-layout":"page-builder","ast-site-content-layout":"full-width-container","site-content-style":"default","site-sidebar-style":"default","ast-global-header-display":"","ast-banner-title-visibility":"","ast-main-header-display":"","ast-hfb-above-header-display":"","ast-hfb-below-header-display":"","ast-hfb-mobile-header-display":"","site-post-title":"","ast-breadcrumbs-content":"","ast-featured-img":"disabled","footer-sml-layout":"","ast-disable-related-posts":"","theme-transparent-header-meta":"","adv-header-id-meta":"","stick-header-meta":"","header-above-stick-meta":"","header-main-stick-meta":"","header-below-stick-meta":"","astra-migrate-meta-layouts":"set","ast-page-background-enabled":"default","ast-page-background-meta":{"desktop":{"background-color":"","background-image":"","background-repeat":"repeat","background-position":"center center","background-size":"auto","background-attachment":"scroll","background-type":"","background-media":"","overlay-type":"","overlay-color":"","overlay-opacity":"","overlay-gradient":""},"tablet":{"background-color":"","background-image":"","background-repeat":"repeat","background-position":"center center","background-size":"auto","background-attachment":"scroll","background-type":"","background-media":"","overlay-type":"","overlay-color":"","overlay-opacity":"","overlay-gradient":""},"mobile":{"background-color":"","background-image":"","background-repeat":"repeat","background-position":"center center","background-size":"auto","background-attachment":"scroll","background-type":"","background-media":"","overlay-type":"","overlay-color":"","overlay-opacity":"","overlay-gradient":""}},"ast-content-background-meta":{"desktop":{"background-color":"var(--ast-global-color-5)","background-image":"","background-repeat":"repeat","background-position":"center center","background-size":"auto","background-attachment":"scroll","background-type":"","background-media":"","overlay-type":"","overlay-color":"","overlay-opacity":"","overlay-gradient":""},"tablet":{"background-color":"var(--ast-global-color-5)","background-image":"","background-repeat":"repeat","background-position":"center center","background-size":"auto","background-attachment":"scroll","background-type":"","background-media":"","overlay-type":"","overlay-color":"","overlay-opacity":"","overlay-gradient":""},"mobile":{"background-color":"var(--ast-global-color-5)","background-image":"","background-repeat":"repeat","background-position":"center center","background-size":"auto","background-attachment":"scroll","background-type":"","background-media":"","overlay-type":"","overlay-color":"","overlay-opacity":"","overlay-gradient":""}},"footnotes":""},"class_list":["post-1298","page","type-page","status-publish","hentry"],"_hostinger_reach_plugin_has_subscription_block":false,"_hostinger_reach_plugin_is_elementor":false,"uagb_featured_image_src":{"full":false,"thumbnail":false,"medium":false,"medium_large":false,"large":false,"1536x1536":false,"2048x2048":false,"trp-custom-language-flag":false},"uagb_author_info":{"display_name":"aire","author_link":"https:\/\/airevejer.es\/de\/author\/aire\/"},"uagb_comment_info":0,"uagb_excerpt":"Pol\u00edticas de privacidad Pol\u00edtica de Privacidad En Aire Vejer nos comprometemos a proteger la privacidad y los datos personales de los usuarios que acceden a nuestro sitio web, conforme a lo dispuesto en el Reglamento (UE) 2016\/679 (RGPD) y la Ley Org\u00e1nica 3\/2018, de Protecci\u00f3n de Datos Personales y garant\u00eda de los derechos digitales (LOPDGDD).&hellip;","_links":{"self":[{"href":"https:\/\/airevejer.es\/de\/wp-json\/wp\/v2\/pages\/1298","targetHints":{"allow":["GET"]}}],"collection":[{"href":"https:\/\/airevejer.es\/de\/wp-json\/wp\/v2\/pages"}],"about":[{"href":"https:\/\/airevejer.es\/de\/wp-json\/wp\/v2\/types\/page"}],"author":[{"embeddable":true,"href":"https:\/\/airevejer.es\/de\/wp-json\/wp\/v2\/users\/1"}],"replies":[{"embeddable":true,"href":"https:\/\/airevejer.es\/de\/wp-json\/wp\/v2\/comments?post=1298"}],"version-history":[{"count":10,"href":"https:\/\/airevejer.es\/de\/wp-json\/wp\/v2\/pages\/1298\/revisions"}],"predecessor-version":[{"id":1324,"href":"https:\/\/airevejer.es\/de\/wp-json\/wp\/v2\/pages\/1298\/revisions\/1324"}],"wp:attachment":[{"href":"https:\/\/airevejer.es\/de\/wp-json\/wp\/v2\/media?parent=1298"}],"curies":[{"name":"wp","href":"https:\/\/api.w.org\/{rel}","templated":true}]}}