{"id":954,"date":"2025-12-22T16:50:13","date_gmt":"2025-12-22T16:50:13","guid":{"rendered":"https:\/\/airevejer.es\/?page_id=954"},"modified":"2025-12-27T17:45:49","modified_gmt":"2025-12-27T17:45:49","slug":"politica-de-cookies","status":"publish","type":"page","link":"https:\/\/airevejer.es\/de\/politica-de-cookies\/","title":{"rendered":"Cookie-Richtlinie"},"content":{"rendered":"<div data-elementor-type=\"wp-page\" data-elementor-id=\"954\" class=\"elementor elementor-954\" data-elementor-post-type=\"page\">\n\t\t\t\t<div class=\"elementor-element elementor-element-84e359c e-flex e-con-boxed e-con e-parent\" data-id=\"84e359c\" data-element_type=\"container\" data-e-type=\"container\">\n\t\t\t\t\t<div class=\"e-con-inner\">\n\t\t\t\t<div class=\"elementor-element elementor-element-a8f804d elementor-widget elementor-widget-heading\" data-id=\"a8f804d\" data-element_type=\"widget\" data-e-type=\"widget\" data-widget_type=\"heading.default\">\n\t\t\t\t<div class=\"elementor-widget-container\">\n\t\t\t\t\t<h2 class=\"elementor-heading-title elementor-size-default\">Cookie-Richtlinien<\/h2>\t\t\t\t<\/div>\n\t\t\t\t<\/div>\n\t\t\t\t\t<\/div>\n\t\t\t\t<\/div>\n\t\t<div class=\"elementor-element elementor-element-f5327e8 e-flex e-con-boxed e-con e-parent\" data-id=\"f5327e8\" data-element_type=\"container\" data-e-type=\"container\">\n\t\t\t\t\t<div class=\"e-con-inner\">\n\t\t\t\t<div class=\"elementor-element elementor-element-2445278 elementor-fixed elementor-widget elementor-widget-theme-site-logo elementor-widget-image\" data-id=\"2445278\" data-element_type=\"widget\" data-e-type=\"widget\" data-settings=\"{&quot;_position&quot;:&quot;fixed&quot;}\" data-widget_type=\"theme-site-logo.default\">\n\t\t\t\t<div class=\"elementor-widget-container\">\n\t\t\t\t\t\t\t\t\t\t\t<a href=\"https:\/\/airevejer.es\/de\">\n\t\t\t<img decoding=\"async\" width=\"150\" height=\"150\" src=\"https:\/\/airevejer.es\/wp-content\/uploads\/2025\/12\/37EAE454-1607-4673-92E9-595A68030E3A-scaled.png\" class=\"attachment-thumbnail size-thumbnail wp-image-16\" alt=\"37EAE454 1607 4673 92E9 595A68030E3A Scaled\" srcset=\"https:\/\/airevejer.es\/wp-content\/uploads\/2025\/12\/37EAE454-1607-4673-92E9-595A68030E3A-scaled-150x150.png 150w, https:\/\/airevejer.es\/wp-content\/uploads\/2025\/12\/37EAE454-1607-4673-92E9-595A68030E3A-scaled-300x300.png 300w, https:\/\/airevejer.es\/wp-content\/uploads\/2025\/12\/37EAE454-1607-4673-92E9-595A68030E3A-scaled-1024x1024.png 1024w, https:\/\/airevejer.es\/wp-content\/uploads\/2025\/12\/37EAE454-1607-4673-92E9-595A68030E3A-scaled-768x768.png 768w, https:\/\/airevejer.es\/wp-content\/uploads\/2025\/12\/37EAE454-1607-4673-92E9-595A68030E3A-scaled-1536x1536.png 1536w, https:\/\/airevejer.es\/wp-content\/uploads\/2025\/12\/37EAE454-1607-4673-92E9-595A68030E3A-scaled-2048x2048.png 2048w, https:\/\/airevejer.es\/wp-content\/uploads\/2025\/12\/37EAE454-1607-4673-92E9-595A68030E3A-scaled-12x12.png 12w, https:\/\/airevejer.es\/wp-content\/uploads\/2025\/12\/37EAE454-1607-4673-92E9-595A68030E3A-scaled-600x600.png 600w, https:\/\/airevejer.es\/wp-content\/uploads\/2025\/12\/37EAE454-1607-4673-92E9-595A68030E3A-scaled-100x100.png 100w, https:\/\/airevejer.es\/wp-content\/uploads\/2025\/12\/37EAE454-1607-4673-92E9-595A68030E3A-scaled-144x144.png 144w\" sizes=\"(max-width: 150px) 100vw, 150px\" title=\"Cookie-Richtlinie\">\t\t\t\t<\/a>\n\t\t\t\t\t\t\t\t\t\t\t<\/div>\n\t\t\t\t<\/div>\n\t\t\t\t<div class=\"elementor-element elementor-element-c79d605 elementor-widget elementor-widget-text-editor\" data-id=\"c79d605\" data-element_type=\"widget\" data-e-type=\"widget\" data-widget_type=\"text-editor.default\">\n\t\t\t\t<div class=\"elementor-widget-container\">\n\t\t\t\t\t\t\t\t\t<h5 class=\"p1\">\u00a0<\/h5><p class=\"p1\">En <b>Luft Vejer<\/b> Wir verwenden eigene und fremde Cookies, um die ordnungsgem\u00e4\u00dfe Funktion der Website zu gew\u00e4hrleisten, den Buchungsprozess zu erleichtern, die Benutzererfahrung zu verbessern, den Datenverkehr zu analysieren und Inhalte anzubieten, die mit unseren Unterkunftsleistungen zusammenh\u00e4ngen.<\/p><p class=\"p1\"><b>Was sind Kekse?<\/b><b><\/b><\/p><p class=\"p1\">Cookies sind kleine Textdateien, die auf dem Ger\u00e4t des Benutzers heruntergeladen werden, wenn er eine Webseite besucht. Sie erm\u00f6glichen das Speichern und Abrufen von Informationen \u00fcber die Navigation des Benutzers oder seines Ger\u00e4ts, um den angebotenen Dienst zu verbessern.<\/p><p class=\"p1\"><b>2. Arten von Cookies, die verwendet werden<\/b><b><\/b><\/p><p class=\"p1\"><b>a) Technische oder notwendige Cookies<\/b><b><\/b><\/p><p class=\"p1\">Sie sind f\u00fcr die ordnungsgem\u00e4\u00dfe Funktion der Website unerl\u00e4sslich und um Aktionen wie Navigation, Zugriff auf sichere Bereiche oder Buchungsverwaltung zu erm\u00f6glichen. Sie erfordern keine Zustimmung des Nutzers.<\/p><p class=\"p1\"><b>b) Personalisierungs-Cookies<\/b><b><\/b><\/p><p class=\"p1\">Erlauben Sie, sich Voreinstellungen des Benutzers zu merken, wie die Sprache oder die Art des Ger\u00e4ts, um eine individuellere Erfahrung anzubieten.<\/p><p class=\"p1\"><b>c) Analyse- oder Mess-Cookies<\/b><b><\/b><\/p><p class=\"p1\">Erlauben Sie die Analyse des Nutzerverhaltens auf der Website und die Messung der Aktivit\u00e4t mit dem Ziel, die angebotenen Dienste und Inhalte zu verbessern.<\/p><p class=\"p1\"><b>d) Werbe- und Marketing-Cookies<\/b><b><\/b><\/p><p class=\"p1\">Sie werden verwendet, um Anzeigen f\u00fcr unsere Dienste anzuzeigen und die Wirksamkeit von Werbekampagnen zu messen.<\/p><p class=\"p1\"><b>3. Drittanbieter-Cookies<\/b><b><\/b><\/p><p class=\"p1\">Die Website von Aire Vejer kann Dienste von Drittanbietern nutzen, die Cookies zu analytischen oder werblichen Zwecken installieren, wie zum Beispiel:<\/p><p class=\"p1\">Google Analytics<\/p><p class=\"p1\">Google Anzeigen<\/p><p class=\"p1\">\u2022Meta (Facebook \/ Instagram)<\/p><p class=\"p1\">Externer Buchungs-Engine, falls zutreffend<\/p><p class=\"p1\">Diese Dritten k\u00f6nnen internationale Daten\u00fcbertragungen vornehmen, die gem\u00e4\u00df den von den europ\u00e4ischen Datenschutzbestimmungen geforderten Garantien erfolgen.<\/p><p class=\"p1\"><b>4. Zustimmungsverwaltung<\/b><b><\/b><\/p><p class=\"p1\">Beim Zugriff auf die Website kann der Benutzer <b>akzeptieren, ablehnen oder konfigurieren<\/b> die Verwendung von Cookies durch das aktivierte Cookie-Banner.<\/p><p class=\"p1\">Die Zustimmung kann jederzeit ge\u00e4ndert oder widerrufen werden.<\/p><p class=\"p1\"><b>5. Cookie-Einstellungen im Browser<\/b><b><\/b><\/p><p class=\"p1\">Der Nutzer kann die auf seinem Ger\u00e4t installierten Cookies \u00fcber die Browsereinstellungen zulassen, blockieren oder l\u00f6schen:<\/p><p class=\"p1\">Google Chrome<\/p><p class=\"p1\">Mozilla Firefox<\/p><p class=\"p1\">Safari<\/p><p class=\"p1\">\u2022Microsoft Rand<\/p><p class=\"p1\">Die Deaktivierung bestimmter Cookies kann die korrekte Funktion der Website oder des Buchungssystems beeintr\u00e4chtigen.<\/p><p class=\"p1\"><b>6.Rechtliche Grundlage der Verarbeitung<\/b><b><\/b><\/p><p class=\"p1\">Die Rechtsgrundlage f\u00fcr die Verwendung von nicht notwendigen Cookies ist der <b>Einverst\u00e4ndnis des Benutzers<\/b>, gem\u00e4\u00df Artikel 6.1.a der Verordnung (EU) 2016\/679 (DSGVO).<\/p><p class=\"p1\"><b>7. Aktualisierung der Cookie-Richtlinie<\/b><b><\/b><\/p><p class=\"p1\">Aire Vejer beh\u00e4lt sich das Recht vor, diese Cookie-Richtlinie zu \u00e4ndern, um sie an gesetzliche oder technische Neuerungen anzupassen. Die auf der Website ver\u00f6ffentlichte Version ist jeweils g\u00fcltig.<\/p><p class=\"p1\"><b>8. Verantwortlicher f\u00fcr die Verarbeitung<\/b><b><\/b><\/p><p class=\"p1\"><b>Titel<\/b> Luft Vejer<\/p><p class=\"p1\"><b>Adresse<\/b> La Barca de Vejer s\/n, Vejer de la Frontera (C\u00e1diz)<\/p><p class=\"p1\"><b>E-Mail<\/b> info@airevejer.es<\/p>\t\t\t\t\t\t\t\t<\/div>\n\t\t\t\t<\/div>\n\t\t\t\t\t<\/div>\n\t\t\t\t<\/div>\n\t\t<div class=\"elementor-element elementor-element-9d67433 e-flex e-con-boxed e-con e-parent\" data-id=\"9d67433\" data-element_type=\"container\" data-e-type=\"container\">\n\t\t\t\t\t<div class=\"e-con-inner\">\n\t\t\t\t<div class=\"elementor-element elementor-element-2a6cfe1 elementor-widget elementor-widget-image\" data-id=\"2a6cfe1\" data-element_type=\"widget\" data-e-type=\"widget\" data-widget_type=\"image.default\">\n\t\t\t\t<div class=\"elementor-widget-container\">\n\t\t\t\t\t\t\t\t\t\t\t\t\t\t\t<img decoding=\"async\" width=\"150\" height=\"150\" src=\"https:\/\/airevejer.es\/wp-content\/uploads\/2025\/12\/99406FFE-D393-4936-9DCB-5F3A69EF0A72-150x150.png\" class=\"attachment-thumbnail size-thumbnail wp-image-802\" alt=\"99406ffe d393 4936 9dcb 5f3a69ef0a72\" srcset=\"https:\/\/airevejer.es\/wp-content\/uploads\/2025\/12\/99406FFE-D393-4936-9DCB-5F3A69EF0A72-150x150.png 150w, https:\/\/airevejer.es\/wp-content\/uploads\/2025\/12\/99406FFE-D393-4936-9DCB-5F3A69EF0A72-100x100.png 100w\" sizes=\"(max-width: 150px) 100vw, 150px\" title=\"Cookie-Richtlinie\">\t\t\t\t\t\t\t\t\t\t\t\t\t\t\t<\/div>\n\t\t\t\t<\/div>\n\t\t\t\t\t<\/div>\n\t\t\t\t<\/div>\n\t\t<div class=\"elementor-element elementor-element-f24e9d9 e-flex e-con-boxed e-con e-parent\" data-id=\"f24e9d9\" data-element_type=\"container\" data-e-type=\"container\">\n\t\t\t\t\t<div class=\"e-con-inner\">\n\t\t<div class=\"elementor-element elementor-element-d180691 e-grid e-con-full e-con e-child\" data-id=\"d180691\" data-element_type=\"container\" data-e-type=\"container\" data-settings=\"{&quot;background_background&quot;:&quot;classic&quot;}\">\n\t\t\t\t<div class=\"elementor-element elementor-element-65a6ee4 elementor-nav-menu__align-center elementor-nav-menu--dropdown-tablet elementor-nav-menu__text-align-aside elementor-widget elementor-widget-nav-menu\" data-id=\"65a6ee4\" data-element_type=\"widget\" data-e-type=\"widget\" data-settings=\"{&quot;layout&quot;:&quot;vertical&quot;,&quot;submenu_icon&quot;:{&quot;value&quot;:&quot;&lt;i class=\\&quot;fas fa-caret-down\\&quot; aria-hidden=\\&quot;true\\&quot;&gt;&lt;\\\/i&gt;&quot;,&quot;library&quot;:&quot;fa-solid&quot;}}\" data-widget_type=\"nav-menu.default\">\n\t\t\t\t<div class=\"elementor-widget-container\">\n\t\t\t\t\t\t\t\t<nav aria-label=\"Men\u00fc\" class=\"elementor-nav-menu--main elementor-nav-menu__container elementor-nav-menu--layout-vertical e--pointer-none\">\n\t\t\t\t<ul id=\"menu-1-65a6ee4\" class=\"elementor-nav-menu sm-vertical\"><li class=\"menu-item menu-item-type-post_type menu-item-object-page menu-item-154\"><a href=\"https:\/\/airevejer.es\/de\/amenities\/\" class=\"elementor-item menu-link\">R\u00c4UME UND DIENSTLEISTUNGEN<\/a><\/li>\n<li class=\"menu-item menu-item-type-post_type menu-item-object-page menu-item-155\"><a href=\"https:\/\/airevejer.es\/de\/rooms-2\/\" class=\"elementor-item menu-link\">ZIMMER<\/a><\/li>\n<li class=\"menu-item menu-item-type-post_type menu-item-object-page menu-item-1249\"><a href=\"https:\/\/airevejer.es\/de\/el-entorno\/\" class=\"elementor-item menu-link\">Die UMWELT<\/a><\/li>\n<li class=\"menu-item menu-item-type-post_type menu-item-object-page menu-item-919\"><a href=\"https:\/\/airevejer.es\/de\/contacto\/\" class=\"elementor-item menu-link\">KONTAKT<\/a><\/li>\n<\/ul>\t\t\t<\/nav>\n\t\t\t\t\t\t<nav class=\"elementor-nav-menu--dropdown elementor-nav-menu__container\" aria-hidden=\"true\">\n\t\t\t\t<ul id=\"menu-2-65a6ee4\" class=\"elementor-nav-menu sm-vertical\"><li class=\"menu-item menu-item-type-post_type menu-item-object-page menu-item-154\"><a href=\"https:\/\/airevejer.es\/de\/amenities\/\" class=\"elementor-item menu-link\" tabindex=\"-1\">R\u00c4UME UND DIENSTLEISTUNGEN<\/a><\/li>\n<li class=\"menu-item menu-item-type-post_type menu-item-object-page menu-item-155\"><a href=\"https:\/\/airevejer.es\/de\/rooms-2\/\" class=\"elementor-item menu-link\" tabindex=\"-1\">ZIMMER<\/a><\/li>\n<li class=\"menu-item menu-item-type-post_type menu-item-object-page menu-item-1249\"><a href=\"https:\/\/airevejer.es\/de\/el-entorno\/\" class=\"elementor-item menu-link\" tabindex=\"-1\">Die UMWELT<\/a><\/li>\n<li class=\"menu-item menu-item-type-post_type menu-item-object-page menu-item-919\"><a href=\"https:\/\/airevejer.es\/de\/contacto\/\" class=\"elementor-item menu-link\" tabindex=\"-1\">KONTAKT<\/a><\/li>\n<\/ul>\t\t\t<\/nav>\n\t\t\t\t\t\t<\/div>\n\t\t\t\t<\/div>\n\t\t\t\t<div class=\"elementor-element elementor-element-21a0392 elementor-widget elementor-widget-text-editor\" data-id=\"21a0392\" data-element_type=\"widget\" data-e-type=\"widget\" data-widget_type=\"text-editor.default\">\n\t\t\t\t<div class=\"elementor-widget-container\">\n\t\t\t\t\t\t\t\t\t<h6>AIRE VEJER Boutique-Herberge<\/h6><p>\u00a0<\/p><p>La Barca de Vejer s\/n<\/p><p>Vejer de la Frontera (C\u00e1diz)<\/p><p>info@airevejer.es<\/p><p>638805946<\/p>\t\t\t\t\t\t\t\t<\/div>\n\t\t\t\t<\/div>\n\t\t\t\t<div class=\"elementor-element elementor-element-3ceff2f elementor-nav-menu__align-center elementor-nav-menu--dropdown-tablet elementor-nav-menu__text-align-aside elementor-widget elementor-widget-nav-menu\" data-id=\"3ceff2f\" data-element_type=\"widget\" data-e-type=\"widget\" data-settings=\"{&quot;layout&quot;:&quot;vertical&quot;,&quot;submenu_icon&quot;:{&quot;value&quot;:&quot;&lt;i class=\\&quot;fas fa-caret-down\\&quot; aria-hidden=\\&quot;true\\&quot;&gt;&lt;\\\/i&gt;&quot;,&quot;library&quot;:&quot;fa-solid&quot;}}\" data-widget_type=\"nav-menu.default\">\n\t\t\t\t<div class=\"elementor-widget-container\">\n\t\t\t\t\t\t\t\t<nav aria-label=\"Men\u00fc\" class=\"elementor-nav-menu--main elementor-nav-menu__container elementor-nav-menu--layout-vertical e--pointer-none\">\n\t\t\t\t<ul id=\"menu-1-3ceff2f\" class=\"elementor-nav-menu sm-vertical\"><li class=\"menu-item menu-item-type-post_type menu-item-object-page menu-item-972\"><a href=\"https:\/\/airevejer.es\/de\/politica-de-cookies\/\" class=\"elementor-item menu-link\">Cookie-Richtlinie<\/a><\/li>\n<li class=\"menu-item menu-item-type-post_type menu-item-object-page menu-item-985\"><a href=\"https:\/\/airevejer.es\/de\/elementor-975\/\" class=\"elementor-item menu-link\">Rechtlicher Hinweis<\/a><\/li>\n<li class=\"menu-item menu-item-type-post_type menu-item-object-page menu-item-privacy-policy menu-item-1328\"><a rel=\"privacy-policy\" href=\"https:\/\/airevejer.es\/de\/politicas-de-privacidad\/\" class=\"elementor-item menu-link\">Datenschutzbestimmungen<\/a><\/li>\n<li class=\"menu-item menu-item-type-post_type menu-item-object-page menu-item-1952\"><a href=\"https:\/\/airevejer.es\/de\/condiciones-de-reserva\/\" class=\"elementor-item menu-link\">Buchungsbedingungen<\/a><\/li>\n<\/ul>\t\t\t<\/nav>\n\t\t\t\t\t\t<nav class=\"elementor-nav-menu--dropdown elementor-nav-menu__container\" aria-hidden=\"true\">\n\t\t\t\t<ul id=\"menu-2-3ceff2f\" class=\"elementor-nav-menu sm-vertical\"><li class=\"menu-item menu-item-type-post_type menu-item-object-page menu-item-972\"><a href=\"https:\/\/airevejer.es\/de\/politica-de-cookies\/\" class=\"elementor-item menu-link\" tabindex=\"-1\">Cookie-Richtlinie<\/a><\/li>\n<li class=\"menu-item menu-item-type-post_type menu-item-object-page menu-item-985\"><a href=\"https:\/\/airevejer.es\/de\/elementor-975\/\" class=\"elementor-item menu-link\" tabindex=\"-1\">Rechtlicher Hinweis<\/a><\/li>\n<li class=\"menu-item menu-item-type-post_type menu-item-object-page menu-item-privacy-policy menu-item-1328\"><a rel=\"privacy-policy\" href=\"https:\/\/airevejer.es\/de\/politicas-de-privacidad\/\" class=\"elementor-item menu-link\" tabindex=\"-1\">Datenschutzbestimmungen<\/a><\/li>\n<li class=\"menu-item menu-item-type-post_type menu-item-object-page menu-item-1952\"><a href=\"https:\/\/airevejer.es\/de\/condiciones-de-reserva\/\" class=\"elementor-item menu-link\" tabindex=\"-1\">Buchungsbedingungen<\/a><\/li>\n<\/ul>\t\t\t<\/nav>\n\t\t\t\t\t\t<\/div>\n\t\t\t\t<\/div>\n\t\t\t\t<\/div>\n\t\t\t\t\t<\/div>\n\t\t\t\t<\/div>\n\t\t<div class=\"elementor-element elementor-element-4b55916 e-flex e-con-boxed e-con e-parent\" data-id=\"4b55916\" data-element_type=\"container\" data-e-type=\"container\">\n\t\t\t\t\t<div class=\"e-con-inner\">\n\t\t\t\t<div class=\"elementor-element elementor-element-63e4c25 elementor-widget elementor-widget-copyright\" data-id=\"63e4c25\" data-element_type=\"widget\" data-e-type=\"widget\" data-widget_type=\"copyright.default\">\n\t\t\t\t<div class=\"elementor-widget-container\">\n\t\t\t\t\t\t\t<div class=\"hfe-copyright-wrapper\">\n\t\t\t\t\t\t\t<span> \u00a92025 Aire Vejer. Alle Rechte vorbehalten <\/span>\n\t\t\t\t\t<\/div>\n\t\t\t\t\t\t<\/div>\n\t\t\t\t<\/div>\n\t\t\t\t\t<\/div>\n\t\t\t\t<\/div>\n\t\t<div class=\"elementor-element elementor-element-0612a47 e-flex e-con-boxed e-con e-parent\" data-id=\"0612a47\" data-element_type=\"container\" data-e-type=\"container\">\n\t\t\t\t\t<div class=\"e-con-inner\">\n\t\t\t\t\t<\/div>\n\t\t\t\t<\/div>\n\t\t\t\t<\/div>","protected":false},"excerpt":{"rendered":"<p>Pol\u00edticas de cookies \u00a0 En Aire Vejer utilizamos cookies propias y de terceros con la finalidad de garantizar el correcto funcionamiento del sitio web, facilitar el proceso de reservas, mejorar la experiencia del usuario, analizar el tr\u00e1fico y ofrecer contenidos relacionados con nuestros servicios de alojamiento. 1. \u00bfQu\u00e9 son las cookies? Las cookies son peque\u00f1os [&hellip;]<\/p>","protected":false},"author":1,"featured_media":0,"parent":0,"menu_order":0,"comment_status":"closed","ping_status":"closed","template":"elementor_canvas","meta":{"_uag_custom_page_level_css":"","site-sidebar-layout":"no-sidebar","site-content-layout":"page-builder","ast-site-content-layout":"full-width-container","site-content-style":"unboxed","site-sidebar-style":"unboxed","ast-global-header-display":"","ast-banner-title-visibility":"","ast-main-header-display":"","ast-hfb-above-header-display":"","ast-hfb-below-header-display":"","ast-hfb-mobile-header-display":"","site-post-title":"disabled","ast-breadcrumbs-content":"","ast-featured-img":"disabled","footer-sml-layout":"","ast-disable-related-posts":"","theme-transparent-header-meta":"","adv-header-id-meta":"","stick-header-meta":"","header-above-stick-meta":"","header-main-stick-meta":"","header-below-stick-meta":"","astra-migrate-meta-layouts":"set","ast-page-background-enabled":"default","ast-page-background-meta":{"desktop":{"background-color":"","background-image":"","background-repeat":"repeat","background-position":"center center","background-size":"auto","background-attachment":"scroll","background-type":"","background-media":"","overlay-type":"","overlay-color":"","overlay-opacity":"","overlay-gradient":""},"tablet":{"background-color":"","background-image":"","background-repeat":"repeat","background-position":"center center","background-size":"auto","background-attachment":"scroll","background-type":"","background-media":"","overlay-type":"","overlay-color":"","overlay-opacity":"","overlay-gradient":""},"mobile":{"background-color":"","background-image":"","background-repeat":"repeat","background-position":"center center","background-size":"auto","background-attachment":"scroll","background-type":"","background-media":"","overlay-type":"","overlay-color":"","overlay-opacity":"","overlay-gradient":""}},"ast-content-background-meta":{"desktop":{"background-color":"var(--ast-global-color-5)","background-image":"","background-repeat":"repeat","background-position":"center center","background-size":"auto","background-attachment":"scroll","background-type":"","background-media":"","overlay-type":"","overlay-color":"","overlay-opacity":"","overlay-gradient":""},"tablet":{"background-color":"var(--ast-global-color-5)","background-image":"","background-repeat":"repeat","background-position":"center center","background-size":"auto","background-attachment":"scroll","background-type":"","background-media":"","overlay-type":"","overlay-color":"","overlay-opacity":"","overlay-gradient":""},"mobile":{"background-color":"var(--ast-global-color-5)","background-image":"","background-repeat":"repeat","background-position":"center center","background-size":"auto","background-attachment":"scroll","background-type":"","background-media":"","overlay-type":"","overlay-color":"","overlay-opacity":"","overlay-gradient":""}},"footnotes":""},"class_list":["post-954","page","type-page","status-publish","hentry"],"_hostinger_reach_plugin_has_subscription_block":false,"_hostinger_reach_plugin_is_elementor":false,"uagb_featured_image_src":{"full":false,"thumbnail":false,"medium":false,"medium_large":false,"large":false,"1536x1536":false,"2048x2048":false,"trp-custom-language-flag":false},"uagb_author_info":{"display_name":"aire","author_link":"https:\/\/airevejer.es\/de\/author\/aire\/"},"uagb_comment_info":0,"uagb_excerpt":"Pol\u00edticas de cookies \u00a0 En Aire Vejer utilizamos cookies propias y de terceros con la finalidad de garantizar el correcto funcionamiento del sitio web, facilitar el proceso de reservas, mejorar la experiencia del usuario, analizar el tr\u00e1fico y ofrecer contenidos relacionados con nuestros servicios de alojamiento. 1. \u00bfQu\u00e9 son las cookies? Las cookies son peque\u00f1os&hellip;","_links":{"self":[{"href":"https:\/\/airevejer.es\/de\/wp-json\/wp\/v2\/pages\/954","targetHints":{"allow":["GET"]}}],"collection":[{"href":"https:\/\/airevejer.es\/de\/wp-json\/wp\/v2\/pages"}],"about":[{"href":"https:\/\/airevejer.es\/de\/wp-json\/wp\/v2\/types\/page"}],"author":[{"embeddable":true,"href":"https:\/\/airevejer.es\/de\/wp-json\/wp\/v2\/users\/1"}],"replies":[{"embeddable":true,"href":"https:\/\/airevejer.es\/de\/wp-json\/wp\/v2\/comments?post=954"}],"version-history":[{"count":17,"href":"https:\/\/airevejer.es\/de\/wp-json\/wp\/v2\/pages\/954\/revisions"}],"predecessor-version":[{"id":1327,"href":"https:\/\/airevejer.es\/de\/wp-json\/wp\/v2\/pages\/954\/revisions\/1327"}],"wp:attachment":[{"href":"https:\/\/airevejer.es\/de\/wp-json\/wp\/v2\/media?parent=954"}],"curies":[{"name":"wp","href":"https:\/\/api.w.org\/{rel}","templated":true}]}}