{"id":954,"date":"2025-12-22T16:50:13","date_gmt":"2025-12-22T16:50:13","guid":{"rendered":"https:\/\/airevejer.es\/?page_id=954"},"modified":"2025-12-27T17:45:49","modified_gmt":"2025-12-27T17:45:49","slug":"politica-de-cookies","status":"publish","type":"page","link":"https:\/\/airevejer.es\/en\/politica-de-cookies\/","title":{"rendered":"Cookies Policy"},"content":{"rendered":"<div data-elementor-type=\"wp-page\" data-elementor-id=\"954\" class=\"elementor elementor-954\" data-elementor-post-type=\"page\">\n\t\t\t\t<div class=\"elementor-element elementor-element-84e359c e-flex e-con-boxed e-con e-parent\" data-id=\"84e359c\" data-element_type=\"container\" data-e-type=\"container\">\n\t\t\t\t\t<div class=\"e-con-inner\">\n\t\t\t\t<div class=\"elementor-element elementor-element-a8f804d elementor-widget elementor-widget-heading\" data-id=\"a8f804d\" data-element_type=\"widget\" data-e-type=\"widget\" data-widget_type=\"heading.default\">\n\t\t\t\t<div class=\"elementor-widget-container\">\n\t\t\t\t\t<h2 class=\"elementor-heading-title elementor-size-default\">Pol\u00edticas de cookies<\/h2>\t\t\t\t<\/div>\n\t\t\t\t<\/div>\n\t\t\t\t\t<\/div>\n\t\t\t\t<\/div>\n\t\t<div class=\"elementor-element elementor-element-f5327e8 e-flex e-con-boxed e-con e-parent\" data-id=\"f5327e8\" data-element_type=\"container\" data-e-type=\"container\">\n\t\t\t\t\t<div class=\"e-con-inner\">\n\t\t\t\t<div class=\"elementor-element elementor-element-2445278 elementor-fixed elementor-widget elementor-widget-theme-site-logo elementor-widget-image\" data-id=\"2445278\" data-element_type=\"widget\" data-e-type=\"widget\" data-settings=\"{&quot;_position&quot;:&quot;fixed&quot;}\" data-widget_type=\"theme-site-logo.default\">\n\t\t\t\t<div class=\"elementor-widget-container\">\n\t\t\t\t\t\t\t\t\t\t\t<a href=\"https:\/\/airevejer.es\/en\">\n\t\t\t<img decoding=\"async\" width=\"150\" height=\"150\" src=\"https:\/\/airevejer.es\/wp-content\/uploads\/2025\/12\/37EAE454-1607-4673-92E9-595A68030E3A-scaled.png\" class=\"attachment-thumbnail size-thumbnail wp-image-16\" alt=\"37EAE454 1607 4673 92E9 595A68030E3A Scaled\" srcset=\"https:\/\/airevejer.es\/wp-content\/uploads\/2025\/12\/37EAE454-1607-4673-92E9-595A68030E3A-scaled-150x150.png 150w, https:\/\/airevejer.es\/wp-content\/uploads\/2025\/12\/37EAE454-1607-4673-92E9-595A68030E3A-scaled-300x300.png 300w, https:\/\/airevejer.es\/wp-content\/uploads\/2025\/12\/37EAE454-1607-4673-92E9-595A68030E3A-scaled-1024x1024.png 1024w, https:\/\/airevejer.es\/wp-content\/uploads\/2025\/12\/37EAE454-1607-4673-92E9-595A68030E3A-scaled-768x768.png 768w, https:\/\/airevejer.es\/wp-content\/uploads\/2025\/12\/37EAE454-1607-4673-92E9-595A68030E3A-scaled-1536x1536.png 1536w, https:\/\/airevejer.es\/wp-content\/uploads\/2025\/12\/37EAE454-1607-4673-92E9-595A68030E3A-scaled-2048x2048.png 2048w, https:\/\/airevejer.es\/wp-content\/uploads\/2025\/12\/37EAE454-1607-4673-92E9-595A68030E3A-scaled-12x12.png 12w, https:\/\/airevejer.es\/wp-content\/uploads\/2025\/12\/37EAE454-1607-4673-92E9-595A68030E3A-scaled-600x600.png 600w, https:\/\/airevejer.es\/wp-content\/uploads\/2025\/12\/37EAE454-1607-4673-92E9-595A68030E3A-scaled-100x100.png 100w, https:\/\/airevejer.es\/wp-content\/uploads\/2025\/12\/37EAE454-1607-4673-92E9-595A68030E3A-scaled-144x144.png 144w\" sizes=\"(max-width: 150px) 100vw, 150px\" title=\"Cookies Policy\">\t\t\t\t<\/a>\n\t\t\t\t\t\t\t\t\t\t\t<\/div>\n\t\t\t\t<\/div>\n\t\t\t\t<div class=\"elementor-element elementor-element-c79d605 elementor-widget elementor-widget-text-editor\" data-id=\"c79d605\" data-element_type=\"widget\" data-e-type=\"widget\" data-widget_type=\"text-editor.default\">\n\t\t\t\t<div class=\"elementor-widget-container\">\n\t\t\t\t\t\t\t\t\t<h5 class=\"p1\">\u00a0<\/h5><p class=\"p1\">At <b>Air Vejer<\/b> utilizamos cookies propias y de terceros con la finalidad de garantizar el correcto funcionamiento del sitio web, facilitar el proceso de reservas, mejorar la experiencia del usuario, analizar el tr\u00e1fico y ofrecer contenidos relacionados con nuestros servicios de alojamiento.<\/p><p class=\"p1\"><b>1. \u00bfQu\u00e9 son las cookies?<\/b><b><\/b><\/p><p class=\"p1\">Las cookies son peque\u00f1os archivos de texto que se descargan en el dispositivo del usuario cuando visita una p\u00e1gina web. Permiten almacenar y recuperar informaci\u00f3n sobre la navegaci\u00f3n del usuario o de su equipo, con el fin de mejorar el servicio ofrecido.<\/p><p class=\"p1\"><b>2. Tipos de cookies utilizadas<\/b><b><\/b><\/p><p class=\"p1\"><b>a) Cookies t\u00e9cnicas o necesarias<\/b><b><\/b><\/p><p class=\"p1\">Son imprescindibles para el correcto funcionamiento del sitio web y para permitir acciones como la navegaci\u00f3n, el acceso a \u00e1reas seguras o la gesti\u00f3n de reservas. No requieren el consentimiento del usuario.<\/p><p class=\"p1\"><b>b) Cookies de personalizaci\u00f3n<\/b><b><\/b><\/p><p class=\"p1\">Permiten recordar preferencias del usuario, como el idioma o el tipo de dispositivo, para ofrecer una experiencia m\u00e1s personalizada.<\/p><p class=\"p1\"><b>c) Cookies de an\u00e1lisis o medici\u00f3n<\/b><b><\/b><\/p><p class=\"p1\">Permiten analizar el comportamiento de los usuarios en el sitio web y medir la actividad, con el objetivo de mejorar los servicios y contenidos ofrecidos.<\/p><p class=\"p1\"><b>d) Cookies de publicidad y marketing<\/b><b><\/b><\/p><p class=\"p1\">Se utilizan para mostrar anuncios relacionados con nuestros servicios y medir la eficacia de las campa\u00f1as publicitarias.<\/p><p class=\"p1\"><b>3. Cookies de terceros<\/b><b><\/b><\/p><p class=\"p1\">El sitio web de Aire Vejer puede utilizar servicios de terceros que instalan cookies con fines anal\u00edticos o publicitarios, como:<\/p><p class=\"p1\">\u2022Google Analytics<\/p><p class=\"p1\">\u2022Google Ads<\/p><p class=\"p1\">\u2022Meta (Facebook \/ Instagram)<\/p><p class=\"p1\">\u2022Motor de reservas externo, en su caso<\/p><p class=\"p1\">Estos terceros pueden realizar transferencias internacionales de datos, que se efect\u00faan conforme a las garant\u00edas exigidas por la normativa europea de protecci\u00f3n de datos.<\/p><p class=\"p1\"><b>4. Gesti\u00f3n del consentimiento<\/b><b><\/b><\/p><p class=\"p1\">Al acceder al sitio web, el usuario puede <b>aceptar, rechazar o configurar<\/b> el uso de cookies mediante el banner de cookies habilitado.<\/p><p class=\"p1\">El consentimiento puede modificarse o retirarse en cualquier momento.<\/p><p class=\"p1\"><b>5. Configuraci\u00f3n de cookies en el navegador<\/b><b><\/b><\/p><p class=\"p1\">El usuario puede permitir, bloquear o eliminar las cookies instaladas en su dispositivo a trav\u00e9s de la configuraci\u00f3n del navegador:<\/p><p class=\"p1\">\u2022Google Chrome<\/p><p class=\"p1\">\u2022Mozilla Firefox<\/p><p class=\"p1\">\u2022Safari<\/p><p class=\"p1\">\u2022Microsoft Edge<\/p><p class=\"p1\">La desactivaci\u00f3n de determinadas cookies puede afectar al correcto funcionamiento del sitio web o del sistema de reservas.<\/p><p class=\"p1\"><b>6.Base legal del tratamiento<\/b><b><\/b><\/p><p class=\"p1\">La base legal para el uso de cookies no necesarias es el <b>consentimiento del usuario<\/b>, conforme al art\u00edculo 6.1.a del Reglamento (UE) 2016\/679 (RGPD).<\/p><p class=\"p1\"><b>7.Actualizaci\u00f3n de la pol\u00edtica de cookies<\/b><b><\/b><\/p><p class=\"p1\">Aire Vejer se reserva el derecho a modificar la presente Pol\u00edtica de Cookies para adaptarla a novedades legislativas o t\u00e9cnicas. La versi\u00f3n publicada en el sitio web ser\u00e1 la vigente en cada momento.<\/p><p class=\"p1\"><b>8. Responsable del tratamiento<\/b><b><\/b><\/p><p class=\"p1\"><b>Titular:<\/b> Air Vejer<\/p><p class=\"p1\"><b>Direcci\u00f3n:<\/b> La Barca de Vejer s\/n , Vejer de la Frontera (C\u00e1diz)<\/p><p class=\"p1\"><b>Email:<\/b> info@airevejer.es<\/p>\t\t\t\t\t\t\t\t<\/div>\n\t\t\t\t<\/div>\n\t\t\t\t\t<\/div>\n\t\t\t\t<\/div>\n\t\t<div class=\"elementor-element elementor-element-9d67433 e-flex e-con-boxed e-con e-parent\" data-id=\"9d67433\" data-element_type=\"container\" data-e-type=\"container\">\n\t\t\t\t\t<div class=\"e-con-inner\">\n\t\t\t\t<div class=\"elementor-element elementor-element-2a6cfe1 elementor-widget elementor-widget-image\" data-id=\"2a6cfe1\" data-element_type=\"widget\" data-e-type=\"widget\" data-widget_type=\"image.default\">\n\t\t\t\t<div class=\"elementor-widget-container\">\n\t\t\t\t\t\t\t\t\t\t\t\t\t\t\t<img decoding=\"async\" width=\"150\" height=\"150\" src=\"https:\/\/airevejer.es\/wp-content\/uploads\/2025\/12\/99406FFE-D393-4936-9DCB-5F3A69EF0A72-150x150.png\" class=\"attachment-thumbnail size-thumbnail wp-image-802\" alt=\"99406ffe d393 4936 9dcb 5f3a69ef0a72\" srcset=\"https:\/\/airevejer.es\/wp-content\/uploads\/2025\/12\/99406FFE-D393-4936-9DCB-5F3A69EF0A72-150x150.png 150w, https:\/\/airevejer.es\/wp-content\/uploads\/2025\/12\/99406FFE-D393-4936-9DCB-5F3A69EF0A72-100x100.png 100w\" sizes=\"(max-width: 150px) 100vw, 150px\" title=\"Cookies Policy\">\t\t\t\t\t\t\t\t\t\t\t\t\t\t\t<\/div>\n\t\t\t\t<\/div>\n\t\t\t\t\t<\/div>\n\t\t\t\t<\/div>\n\t\t<div class=\"elementor-element elementor-element-f24e9d9 e-flex e-con-boxed e-con e-parent\" data-id=\"f24e9d9\" data-element_type=\"container\" data-e-type=\"container\">\n\t\t\t\t\t<div class=\"e-con-inner\">\n\t\t<div class=\"elementor-element elementor-element-d180691 e-grid e-con-full e-con e-child\" data-id=\"d180691\" data-element_type=\"container\" data-e-type=\"container\" data-settings=\"{&quot;background_background&quot;:&quot;classic&quot;}\">\n\t\t\t\t<div class=\"elementor-element elementor-element-65a6ee4 elementor-nav-menu__align-center elementor-nav-menu--dropdown-tablet elementor-nav-menu__text-align-aside elementor-widget elementor-widget-nav-menu\" data-id=\"65a6ee4\" data-element_type=\"widget\" data-e-type=\"widget\" data-settings=\"{&quot;layout&quot;:&quot;vertical&quot;,&quot;submenu_icon&quot;:{&quot;value&quot;:&quot;&lt;i class=\\&quot;fas fa-caret-down\\&quot; aria-hidden=\\&quot;true\\&quot;&gt;&lt;\\\/i&gt;&quot;,&quot;library&quot;:&quot;fa-solid&quot;}}\" data-widget_type=\"nav-menu.default\">\n\t\t\t\t<div class=\"elementor-widget-container\">\n\t\t\t\t\t\t\t\t<nav aria-label=\"Menu\" class=\"elementor-nav-menu--main elementor-nav-menu__container elementor-nav-menu--layout-vertical e--pointer-none\">\n\t\t\t\t<ul id=\"menu-1-65a6ee4\" class=\"elementor-nav-menu sm-vertical\"><li class=\"menu-item menu-item-type-post_type menu-item-object-page menu-item-154\"><a href=\"https:\/\/airevejer.es\/en\/amenities\/\" class=\"elementor-item menu-link\">SPACES AND SERVICES<\/a><\/li>\n<li class=\"menu-item menu-item-type-post_type menu-item-object-page menu-item-155\"><a href=\"https:\/\/airevejer.es\/en\/rooms-2\/\" class=\"elementor-item menu-link\">ROOMS<\/a><\/li>\n<li class=\"menu-item menu-item-type-post_type menu-item-object-page menu-item-1249\"><a href=\"https:\/\/airevejer.es\/en\/el-entorno\/\" class=\"elementor-item menu-link\">The ENVIRONMENT<\/a><\/li>\n<li class=\"menu-item menu-item-type-post_type menu-item-object-page menu-item-919\"><a href=\"https:\/\/airevejer.es\/en\/contacto\/\" class=\"elementor-item menu-link\">CONTACT<\/a><\/li>\n<\/ul>\t\t\t<\/nav>\n\t\t\t\t\t\t<nav class=\"elementor-nav-menu--dropdown elementor-nav-menu__container\" aria-hidden=\"true\">\n\t\t\t\t<ul id=\"menu-2-65a6ee4\" class=\"elementor-nav-menu sm-vertical\"><li class=\"menu-item menu-item-type-post_type menu-item-object-page menu-item-154\"><a href=\"https:\/\/airevejer.es\/en\/amenities\/\" class=\"elementor-item menu-link\" tabindex=\"-1\">SPACES AND SERVICES<\/a><\/li>\n<li class=\"menu-item menu-item-type-post_type menu-item-object-page menu-item-155\"><a href=\"https:\/\/airevejer.es\/en\/rooms-2\/\" class=\"elementor-item menu-link\" tabindex=\"-1\">ROOMS<\/a><\/li>\n<li class=\"menu-item menu-item-type-post_type menu-item-object-page menu-item-1249\"><a href=\"https:\/\/airevejer.es\/en\/el-entorno\/\" class=\"elementor-item menu-link\" tabindex=\"-1\">The ENVIRONMENT<\/a><\/li>\n<li class=\"menu-item menu-item-type-post_type menu-item-object-page menu-item-919\"><a href=\"https:\/\/airevejer.es\/en\/contacto\/\" class=\"elementor-item menu-link\" tabindex=\"-1\">CONTACT<\/a><\/li>\n<\/ul>\t\t\t<\/nav>\n\t\t\t\t\t\t<\/div>\n\t\t\t\t<\/div>\n\t\t\t\t<div class=\"elementor-element elementor-element-21a0392 elementor-widget elementor-widget-text-editor\" data-id=\"21a0392\" data-element_type=\"widget\" data-e-type=\"widget\" data-widget_type=\"text-editor.default\">\n\t\t\t\t<div class=\"elementor-widget-container\">\n\t\t\t\t\t\t\t\t\t<h6>AIRE VEJER boutique hostel<\/h6><p>\u00a0<\/p><p>La Barca de Vejer s\/n<\/p><p>Vejer de la Frontera (C\u00e1diz)<\/p><p>info@airevejer.es<\/p><p>638805946<\/p>\t\t\t\t\t\t\t\t<\/div>\n\t\t\t\t<\/div>\n\t\t\t\t<div class=\"elementor-element elementor-element-3ceff2f elementor-nav-menu__align-center elementor-nav-menu--dropdown-tablet elementor-nav-menu__text-align-aside elementor-widget elementor-widget-nav-menu\" data-id=\"3ceff2f\" data-element_type=\"widget\" data-e-type=\"widget\" data-settings=\"{&quot;layout&quot;:&quot;vertical&quot;,&quot;submenu_icon&quot;:{&quot;value&quot;:&quot;&lt;i class=\\&quot;fas fa-caret-down\\&quot; aria-hidden=\\&quot;true\\&quot;&gt;&lt;\\\/i&gt;&quot;,&quot;library&quot;:&quot;fa-solid&quot;}}\" data-widget_type=\"nav-menu.default\">\n\t\t\t\t<div class=\"elementor-widget-container\">\n\t\t\t\t\t\t\t\t<nav aria-label=\"Menu\" class=\"elementor-nav-menu--main elementor-nav-menu__container elementor-nav-menu--layout-vertical e--pointer-none\">\n\t\t\t\t<ul id=\"menu-1-3ceff2f\" class=\"elementor-nav-menu sm-vertical\"><li class=\"menu-item menu-item-type-post_type menu-item-object-page menu-item-972\"><a href=\"https:\/\/airevejer.es\/en\/politica-de-cookies\/\" class=\"elementor-item menu-link\">Cookies Policy<\/a><\/li>\n<li class=\"menu-item menu-item-type-post_type menu-item-object-page menu-item-985\"><a href=\"https:\/\/airevejer.es\/en\/elementor-975\/\" class=\"elementor-item menu-link\">Legal Notice<\/a><\/li>\n<li class=\"menu-item menu-item-type-post_type menu-item-object-page menu-item-privacy-policy menu-item-1328\"><a rel=\"privacy-policy\" href=\"https:\/\/airevejer.es\/en\/politicas-de-privacidad\/\" class=\"elementor-item menu-link\">Privacy Policy<\/a><\/li>\n<li class=\"menu-item menu-item-type-post_type menu-item-object-page menu-item-1952\"><a href=\"https:\/\/airevejer.es\/en\/condiciones-de-reserva\/\" class=\"elementor-item menu-link\">Booking Conditions<\/a><\/li>\n<\/ul>\t\t\t<\/nav>\n\t\t\t\t\t\t<nav class=\"elementor-nav-menu--dropdown elementor-nav-menu__container\" aria-hidden=\"true\">\n\t\t\t\t<ul id=\"menu-2-3ceff2f\" class=\"elementor-nav-menu sm-vertical\"><li class=\"menu-item menu-item-type-post_type menu-item-object-page menu-item-972\"><a href=\"https:\/\/airevejer.es\/en\/politica-de-cookies\/\" class=\"elementor-item menu-link\" tabindex=\"-1\">Cookies Policy<\/a><\/li>\n<li class=\"menu-item menu-item-type-post_type menu-item-object-page menu-item-985\"><a href=\"https:\/\/airevejer.es\/en\/elementor-975\/\" class=\"elementor-item menu-link\" tabindex=\"-1\">Legal Notice<\/a><\/li>\n<li class=\"menu-item menu-item-type-post_type menu-item-object-page menu-item-privacy-policy menu-item-1328\"><a rel=\"privacy-policy\" href=\"https:\/\/airevejer.es\/en\/politicas-de-privacidad\/\" class=\"elementor-item menu-link\" tabindex=\"-1\">Privacy Policy<\/a><\/li>\n<li class=\"menu-item menu-item-type-post_type menu-item-object-page menu-item-1952\"><a href=\"https:\/\/airevejer.es\/en\/condiciones-de-reserva\/\" class=\"elementor-item menu-link\" tabindex=\"-1\">Booking Conditions<\/a><\/li>\n<\/ul>\t\t\t<\/nav>\n\t\t\t\t\t\t<\/div>\n\t\t\t\t<\/div>\n\t\t\t\t<\/div>\n\t\t\t\t\t<\/div>\n\t\t\t\t<\/div>\n\t\t<div class=\"elementor-element elementor-element-4b55916 e-flex e-con-boxed e-con e-parent\" data-id=\"4b55916\" data-element_type=\"container\" data-e-type=\"container\">\n\t\t\t\t\t<div class=\"e-con-inner\">\n\t\t\t\t<div class=\"elementor-element elementor-element-63e4c25 elementor-widget elementor-widget-copyright\" data-id=\"63e4c25\" data-element_type=\"widget\" data-e-type=\"widget\" data-widget_type=\"copyright.default\">\n\t\t\t\t<div class=\"elementor-widget-container\">\n\t\t\t\t\t\t\t<div class=\"hfe-copyright-wrapper\">\n\t\t\t\t\t\t\t<span> \u00a92025 Aire Vejer. Todos los derechos reservados <\/span>\n\t\t\t\t\t<\/div>\n\t\t\t\t\t\t<\/div>\n\t\t\t\t<\/div>\n\t\t\t\t\t<\/div>\n\t\t\t\t<\/div>\n\t\t<div class=\"elementor-element elementor-element-0612a47 e-flex e-con-boxed e-con e-parent\" data-id=\"0612a47\" data-element_type=\"container\" data-e-type=\"container\">\n\t\t\t\t\t<div class=\"e-con-inner\">\n\t\t\t\t\t<\/div>\n\t\t\t\t<\/div>\n\t\t\t\t<\/div>","protected":false},"excerpt":{"rendered":"<p>Pol\u00edticas de cookies \u00a0 En Aire Vejer utilizamos cookies propias y de terceros con la finalidad de garantizar el correcto funcionamiento del sitio web, facilitar el proceso de reservas, mejorar la experiencia del usuario, analizar el tr\u00e1fico y ofrecer contenidos relacionados con nuestros servicios de alojamiento. 1. \u00bfQu\u00e9 son las cookies? Las cookies son peque\u00f1os [&hellip;]<\/p>","protected":false},"author":1,"featured_media":0,"parent":0,"menu_order":0,"comment_status":"closed","ping_status":"closed","template":"elementor_canvas","meta":{"_uag_custom_page_level_css":"","site-sidebar-layout":"no-sidebar","site-content-layout":"page-builder","ast-site-content-layout":"full-width-container","site-content-style":"unboxed","site-sidebar-style":"unboxed","ast-global-header-display":"","ast-banner-title-visibility":"","ast-main-header-display":"","ast-hfb-above-header-display":"","ast-hfb-below-header-display":"","ast-hfb-mobile-header-display":"","site-post-title":"disabled","ast-breadcrumbs-content":"","ast-featured-img":"disabled","footer-sml-layout":"","ast-disable-related-posts":"","theme-transparent-header-meta":"","adv-header-id-meta":"","stick-header-meta":"","header-above-stick-meta":"","header-main-stick-meta":"","header-below-stick-meta":"","astra-migrate-meta-layouts":"set","ast-page-background-enabled":"default","ast-page-background-meta":{"desktop":{"background-color":"","background-image":"","background-repeat":"repeat","background-position":"center center","background-size":"auto","background-attachment":"scroll","background-type":"","background-media":"","overlay-type":"","overlay-color":"","overlay-opacity":"","overlay-gradient":""},"tablet":{"background-color":"","background-image":"","background-repeat":"repeat","background-position":"center center","background-size":"auto","background-attachment":"scroll","background-type":"","background-media":"","overlay-type":"","overlay-color":"","overlay-opacity":"","overlay-gradient":""},"mobile":{"background-color":"","background-image":"","background-repeat":"repeat","background-position":"center center","background-size":"auto","background-attachment":"scroll","background-type":"","background-media":"","overlay-type":"","overlay-color":"","overlay-opacity":"","overlay-gradient":""}},"ast-content-background-meta":{"desktop":{"background-color":"var(--ast-global-color-5)","background-image":"","background-repeat":"repeat","background-position":"center center","background-size":"auto","background-attachment":"scroll","background-type":"","background-media":"","overlay-type":"","overlay-color":"","overlay-opacity":"","overlay-gradient":""},"tablet":{"background-color":"var(--ast-global-color-5)","background-image":"","background-repeat":"repeat","background-position":"center center","background-size":"auto","background-attachment":"scroll","background-type":"","background-media":"","overlay-type":"","overlay-color":"","overlay-opacity":"","overlay-gradient":""},"mobile":{"background-color":"var(--ast-global-color-5)","background-image":"","background-repeat":"repeat","background-position":"center center","background-size":"auto","background-attachment":"scroll","background-type":"","background-media":"","overlay-type":"","overlay-color":"","overlay-opacity":"","overlay-gradient":""}},"footnotes":""},"class_list":["post-954","page","type-page","status-publish","hentry"],"_hostinger_reach_plugin_has_subscription_block":false,"_hostinger_reach_plugin_is_elementor":false,"uagb_featured_image_src":{"full":false,"thumbnail":false,"medium":false,"medium_large":false,"large":false,"1536x1536":false,"2048x2048":false,"trp-custom-language-flag":false},"uagb_author_info":{"display_name":"aire","author_link":"https:\/\/airevejer.es\/en\/author\/aire\/"},"uagb_comment_info":0,"uagb_excerpt":"Pol\u00edticas de cookies \u00a0 En Aire Vejer utilizamos cookies propias y de terceros con la finalidad de garantizar el correcto funcionamiento del sitio web, facilitar el proceso de reservas, mejorar la experiencia del usuario, analizar el tr\u00e1fico y ofrecer contenidos relacionados con nuestros servicios de alojamiento. 1. \u00bfQu\u00e9 son las cookies? Las cookies son peque\u00f1os&hellip;","_links":{"self":[{"href":"https:\/\/airevejer.es\/en\/wp-json\/wp\/v2\/pages\/954","targetHints":{"allow":["GET"]}}],"collection":[{"href":"https:\/\/airevejer.es\/en\/wp-json\/wp\/v2\/pages"}],"about":[{"href":"https:\/\/airevejer.es\/en\/wp-json\/wp\/v2\/types\/page"}],"author":[{"embeddable":true,"href":"https:\/\/airevejer.es\/en\/wp-json\/wp\/v2\/users\/1"}],"replies":[{"embeddable":true,"href":"https:\/\/airevejer.es\/en\/wp-json\/wp\/v2\/comments?post=954"}],"version-history":[{"count":17,"href":"https:\/\/airevejer.es\/en\/wp-json\/wp\/v2\/pages\/954\/revisions"}],"predecessor-version":[{"id":1327,"href":"https:\/\/airevejer.es\/en\/wp-json\/wp\/v2\/pages\/954\/revisions\/1327"}],"wp:attachment":[{"href":"https:\/\/airevejer.es\/en\/wp-json\/wp\/v2\/media?parent=954"}],"curies":[{"name":"wp","href":"https:\/\/api.w.org\/{rel}","templated":true}]}}