{"id":1298,"date":"2025-12-27T17:26:54","date_gmt":"2025-12-27T17:26:54","guid":{"rendered":"https:\/\/airevejer.es\/?page_id=1298"},"modified":"2025-12-27T17:44:33","modified_gmt":"2025-12-27T17:44:33","slug":"politicas-de-privacidad","status":"publish","type":"page","link":"https:\/\/airevejer.es\/fr\/politicas-de-privacidad\/","title":{"rendered":"Politique de confidentialit\u00e9"},"content":{"rendered":"<div data-elementor-type=\"wp-page\" data-elementor-id=\"1298\" class=\"elementor elementor-1298\" data-elementor-post-type=\"page\">\n\t\t\t\t<div class=\"elementor-element elementor-element-6ca16b9 e-flex e-con-boxed e-con e-parent\" data-id=\"6ca16b9\" data-element_type=\"container\" data-e-type=\"container\">\n\t\t\t\t\t<div class=\"e-con-inner\">\n\t\t\t\t<div class=\"elementor-element elementor-element-029c8b7 elementor-fixed elementor-widget elementor-widget-theme-site-logo elementor-widget-image\" data-id=\"029c8b7\" data-element_type=\"widget\" data-e-type=\"widget\" data-settings=\"{&quot;_position&quot;:&quot;fixed&quot;}\" data-widget_type=\"theme-site-logo.default\">\n\t\t\t\t<div class=\"elementor-widget-container\">\n\t\t\t\t\t\t\t\t\t\t\t<a href=\"https:\/\/airevejer.es\/fr\">\n\t\t\t<img decoding=\"async\" width=\"150\" height=\"150\" src=\"https:\/\/airevejer.es\/wp-content\/uploads\/2025\/12\/37EAE454-1607-4673-92E9-595A68030E3A-scaled.png\" class=\"attachment-thumbnail size-thumbnail wp-image-16\" alt=\"37EAE454 1607 4673 92E9 595A68030E3A Scaled\" srcset=\"https:\/\/airevejer.es\/wp-content\/uploads\/2025\/12\/37EAE454-1607-4673-92E9-595A68030E3A-scaled-150x150.png 150w, https:\/\/airevejer.es\/wp-content\/uploads\/2025\/12\/37EAE454-1607-4673-92E9-595A68030E3A-scaled-300x300.png 300w, https:\/\/airevejer.es\/wp-content\/uploads\/2025\/12\/37EAE454-1607-4673-92E9-595A68030E3A-scaled-1024x1024.png 1024w, https:\/\/airevejer.es\/wp-content\/uploads\/2025\/12\/37EAE454-1607-4673-92E9-595A68030E3A-scaled-768x768.png 768w, https:\/\/airevejer.es\/wp-content\/uploads\/2025\/12\/37EAE454-1607-4673-92E9-595A68030E3A-scaled-1536x1536.png 1536w, https:\/\/airevejer.es\/wp-content\/uploads\/2025\/12\/37EAE454-1607-4673-92E9-595A68030E3A-scaled-2048x2048.png 2048w, https:\/\/airevejer.es\/wp-content\/uploads\/2025\/12\/37EAE454-1607-4673-92E9-595A68030E3A-scaled-12x12.png 12w, https:\/\/airevejer.es\/wp-content\/uploads\/2025\/12\/37EAE454-1607-4673-92E9-595A68030E3A-scaled-600x600.png 600w, https:\/\/airevejer.es\/wp-content\/uploads\/2025\/12\/37EAE454-1607-4673-92E9-595A68030E3A-scaled-100x100.png 100w, https:\/\/airevejer.es\/wp-content\/uploads\/2025\/12\/37EAE454-1607-4673-92E9-595A68030E3A-scaled-144x144.png 144w\" sizes=\"(max-width: 150px) 100vw, 150px\" title=\"Politique de confidentialit\u00e9\">\t\t\t\t<\/a>\n\t\t\t\t\t\t\t\t\t\t\t<\/div>\n\t\t\t\t<\/div>\n\t\t\t\t\t<\/div>\n\t\t\t\t<\/div>\n\t\t<div class=\"elementor-element elementor-element-0d08fef e-flex e-con-boxed e-con e-parent\" data-id=\"0d08fef\" data-element_type=\"container\" data-e-type=\"container\">\n\t\t\t\t\t<div class=\"e-con-inner\">\n\t\t\t\t<div class=\"elementor-element elementor-element-6bf1d54 elementor-widget elementor-widget-heading\" data-id=\"6bf1d54\" data-element_type=\"widget\" data-e-type=\"widget\" data-widget_type=\"heading.default\">\n\t\t\t\t<div class=\"elementor-widget-container\">\n\t\t\t\t\t<h2 class=\"elementor-heading-title elementor-size-default\">Politique de confidentialit\u00e9<\/h2>\t\t\t\t<\/div>\n\t\t\t\t<\/div>\n\t\t\t\t\t<\/div>\n\t\t\t\t<\/div>\n\t\t<div class=\"elementor-element elementor-element-b1bd2c1 e-flex e-con-boxed e-con e-parent\" data-id=\"b1bd2c1\" data-element_type=\"container\" data-e-type=\"container\">\n\t\t\t\t\t<div class=\"e-con-inner\">\n\t\t\t\t<div class=\"elementor-element elementor-element-2d7ed93 elementor-widget elementor-widget-text-editor\" data-id=\"2d7ed93\" data-element_type=\"widget\" data-e-type=\"widget\" data-widget_type=\"text-editor.default\">\n\t\t\t\t<div class=\"elementor-widget-container\">\n\t\t\t\t\t\t\t\t\t<p class=\"p1\"><b>Politique de confidentialit\u00e9<\/b><b><\/b><\/p><p class=\"p1\">Au <b>Air Vejer<\/b> nous nous engageons \u00e0 prot\u00e9ger la vie priv\u00e9e et les donn\u00e9es personnelles des utilisateurs qui acc\u00e8dent \u00e0 notre site web, conform\u00e9ment aux dispositions de la <b>R\u00e8glement (UE) 2016\/679 (GDPR)<\/b> et le <b>Loi organique 3\/2018 sur la protection des donn\u00e9es personnelles et la garantie des droits num\u00e9riques (LOPDGDD)<\/b>.<\/p><p class=\"p1\"><b>1. le responsable du traitement des donn\u00e9es<\/b><b><\/b><\/p><p class=\"p1\"><b>Responsable :<\/b> Aire Vejer S.L.<\/p><p class=\"p1\"><b>Nom commercial :<\/b> Air Vejer<\/p><p class=\"p1\"><b>CIF :<\/b> B72342579<\/p><p class=\"p1\"><b>Si\u00e8ge social :<\/b> La Barca de Vejer s\/n, Vejer de la Frontera (C\u00e1diz)<\/p><p class=\"p1\"><b>E-mail :<\/b> info@airevejer.es<\/p><p class=\"p1\"><b>T\u00e9l\u00e9phone :<\/b> 638805946<\/p><p class=\"p1\"><b>2. Donn\u00e9es \u00e0 caract\u00e8re personnel que nous traitons<\/b><b><\/b><\/p><p class=\"p1\">Par le biais de ce site web, nous pouvons collecter les donn\u00e9es personnelles suivantes :<\/p><p class=\"p1\">-Donn\u00e9es d'identification : nom et pr\u00e9nom(s)<\/p><p class=\"p1\">Coordonn\u00e9es : adresse \u00e9lectronique, num\u00e9ro de t\u00e9l\u00e9phone<\/p><p class=\"p1\">-Donn\u00e9es de r\u00e9servation et de facturation<\/p><p class=\"p1\">-Donn\u00e9es de navigation (adresse IP, type d'appareil, navigateur)<\/p><p class=\"p1\">-toute autre donn\u00e9e fournie volontairement par l'utilisateur au moyen de formulaires.<\/p><p class=\"p1\"><b>3. Finalit\u00e9 du traitement<\/b><b><\/b><\/p><p class=\"p1\">Les donn\u00e9es personnelles de l'utilisateur seront trait\u00e9es aux fins suivantes :<\/p><p class=\"p1\">-Traitement des demandes d'information ou de contact<\/p><p class=\"p1\">-Gestion et formalisation des r\u00e9servations d'h\u00e9bergement<\/p><p class=\"p1\">-Envoi de communications relatives au s\u00e9jour ou aux services contractuels.<\/p><p class=\"p1\">-Respecter les obligations l\u00e9gales et fiscales<\/p><p class=\"p1\">-Am\u00e9liorer l'exp\u00e9rience de navigation et les services fournis<\/p><p class=\"p1\"><b>4. Base juridique du traitement<\/b><b><\/b><\/p><p class=\"p1\">La base juridique du traitement des donn\u00e9es est la suivante :<\/p><p class=\"p1\">L'ex\u00e9cution d'un contrat ou la mise en \u0153uvre de mesures pr\u00e9contractuelles<\/p><p class=\"p1\">-Consentement de l'utilisateur<\/p><p class=\"p1\">-Respect des obligations l\u00e9gales<\/p><p class=\"p1\">-l'int\u00e9r\u00eat l\u00e9gitime du responsable du traitement \u00e0 am\u00e9liorer ses services.<\/p><p class=\"p1\"><b>5. Conservation des donn\u00e9es<\/b><b><\/b><\/p><p class=\"p1\">Les donn\u00e9es \u00e0 caract\u00e8re personnel sont conserv\u00e9es pendant la dur\u00e9e n\u00e9cessaire \u00e0 la r\u00e9alisation de l'objectif pour lequel elles ont \u00e9t\u00e9 collect\u00e9es et, par la suite, pendant les p\u00e9riodes l\u00e9galement requises pour respecter les obligations l\u00e9gales.<\/p><p class=\"p1\"><b>6. Destinataires des donn\u00e9es<\/b><b><\/b><\/p><p class=\"p1\">Les donn\u00e9es peuvent \u00eatre communiqu\u00e9es \u00e0 :<\/p><p class=\"p1\">-Fournisseurs de services n\u00e9cessaires \u00e0 l'activit\u00e9 (moteur de r\u00e9servation, h\u00e9bergement web, services technologiques).<\/p><p class=\"p1\">-les administrations publiques, lorsque la loi l'exige<\/p><p class=\"p1\">Les donn\u00e9es personnelles ne seront pas transmises \u00e0 des tiers \u00e0 des fins commerciales, sauf en cas d'obligation l\u00e9gale ou avec le consentement expr\u00e8s de l'utilisateur.<\/p><p class=\"p1\"><b>7. Transferts internationaux de donn\u00e9es<\/b><b><\/b><\/p><p class=\"p1\">En cas d'utilisation de services tiers impliquant des transferts internationaux de donn\u00e9es, ceux-ci seront effectu\u00e9s avec des garanties appropri\u00e9es conform\u00e9ment au GDPR, au moyen de clauses contractuelles standard ou d'autres m\u00e9canismes juridiques.<\/p><p class=\"p1\"><b>8. Droits de l'utilisateur<\/b><b><\/b><\/p><p class=\"p1\">L'utilisateur a le droit de :<\/p><p class=\"p1\">-Acc\u00e8s \u00e0 vos donn\u00e9es personnelles<\/p><p class=\"p1\">-Correction des donn\u00e9es inexactes<\/p><p class=\"p1\">-Demande de suppression<\/p><p class=\"p1\">-Demande de limitation du traitement<\/p><p class=\"p1\">-Traitement d'opposition<\/p><p class=\"p1\">-Demander la portabilit\u00e9 de vos donn\u00e9es<\/p><p class=\"p1\">Ces droits peuvent \u00eatre exerc\u00e9s en envoyant une demande \u00e9crite, en joignant une copie d'un document d'identification, \u00e0 l'adresse \u00e9lectronique info@airevejer.es.<\/p><p class=\"p1\">L'utilisateur a \u00e9galement le droit de d\u00e9poser une plainte aupr\u00e8s de la <b>Agence espagnole de protection des donn\u00e9es (www.aepd.es)<\/b> si vous estimez que le traitement de vos donn\u00e9es n'est pas conforme \u00e0 la r\u00e9glementation en vigueur.<\/p><p class=\"p1\"><b>9. Mesures de s\u00e9curit\u00e9<\/b><b><\/b><\/p><p class=\"p1\">Aire Vejer S.L. adopte les mesures techniques et organisationnelles n\u00e9cessaires pour garantir la s\u00e9curit\u00e9, l'int\u00e9grit\u00e9 et la confidentialit\u00e9 des donn\u00e9es personnelles, en \u00e9vitant leur perte, leur alt\u00e9ration ou leur acc\u00e8s non autoris\u00e9.<\/p><p class=\"p1\"><b>10. Exactitude des donn\u00e9es<\/b><b><\/b><\/p><p class=\"p1\">L'utilisateur garantit que les donn\u00e9es fournies sont v\u00e9ridiques, exactes et \u00e0 jour, et il est responsable de la communication de tout changement les concernant.<\/p><p class=\"p1\"><b>11. Mise \u00e0 jour de la politique de confidentialit\u00e9<\/b><b><\/b><\/p><p class=\"p1\" style=\"text-align: center;\">Aire Vejer S.L. se r\u00e9serve le droit de modifier cette politique de confidentialit\u00e9 afin de l'adapter aux changements l\u00e9gislatifs ou jurisprudentiels. La version publi\u00e9e sur le site web sera celle en vigueur \u00e0 tout moment.<\/p>\t\t\t\t\t\t\t\t<\/div>\n\t\t\t\t<\/div>\n\t\t\t\t\t<\/div>\n\t\t\t\t<\/div>\n\t\t<div class=\"elementor-element elementor-element-2f69fa7 e-flex e-con-boxed e-con e-parent\" data-id=\"2f69fa7\" data-element_type=\"container\" data-e-type=\"container\">\n\t\t\t\t\t<div class=\"e-con-inner\">\n\t\t\t\t<div class=\"elementor-element elementor-element-4ac63da elementor-widget elementor-widget-image\" data-id=\"4ac63da\" data-element_type=\"widget\" data-e-type=\"widget\" data-widget_type=\"image.default\">\n\t\t\t\t<div class=\"elementor-widget-container\">\n\t\t\t\t\t\t\t\t\t\t\t\t\t\t\t<img decoding=\"async\" width=\"150\" height=\"150\" src=\"https:\/\/airevejer.es\/wp-content\/uploads\/2025\/12\/99406FFE-D393-4936-9DCB-5F3A69EF0A72-150x150.png\" class=\"attachment-thumbnail size-thumbnail wp-image-802\" alt=\"99406ffe d393 4936 9dcb 5f3a69ef0a72\" srcset=\"https:\/\/airevejer.es\/wp-content\/uploads\/2025\/12\/99406FFE-D393-4936-9DCB-5F3A69EF0A72-150x150.png 150w, https:\/\/airevejer.es\/wp-content\/uploads\/2025\/12\/99406FFE-D393-4936-9DCB-5F3A69EF0A72-100x100.png 100w\" sizes=\"(max-width: 150px) 100vw, 150px\" title=\"Politique de confidentialit\u00e9\">\t\t\t\t\t\t\t\t\t\t\t\t\t\t\t<\/div>\n\t\t\t\t<\/div>\n\t\t\t\t\t<\/div>\n\t\t\t\t<\/div>\n\t\t<div class=\"elementor-element elementor-element-32bc51a e-flex e-con-boxed e-con e-parent\" data-id=\"32bc51a\" data-element_type=\"container\" data-e-type=\"container\">\n\t\t\t\t\t<div class=\"e-con-inner\">\n\t\t<div class=\"elementor-element elementor-element-fdd2790 e-grid e-con-full e-con e-child\" data-id=\"fdd2790\" data-element_type=\"container\" data-e-type=\"container\">\n\t\t\t\t<div class=\"elementor-element elementor-element-77437d8 elementor-nav-menu__align-center elementor-nav-menu--dropdown-tablet elementor-nav-menu__text-align-aside elementor-widget elementor-widget-nav-menu\" data-id=\"77437d8\" data-element_type=\"widget\" data-e-type=\"widget\" data-settings=\"{&quot;layout&quot;:&quot;vertical&quot;,&quot;submenu_icon&quot;:{&quot;value&quot;:&quot;&lt;i class=\\&quot;fas fa-caret-down\\&quot; aria-hidden=\\&quot;true\\&quot;&gt;&lt;\\\/i&gt;&quot;,&quot;library&quot;:&quot;fa-solid&quot;}}\" data-widget_type=\"nav-menu.default\">\n\t\t\t\t<div class=\"elementor-widget-container\">\n\t\t\t\t\t\t\t\t<nav aria-label=\"Menu\" class=\"elementor-nav-menu--main elementor-nav-menu__container elementor-nav-menu--layout-vertical e--pointer-none\">\n\t\t\t\t<ul id=\"menu-1-77437d8\" class=\"elementor-nav-menu sm-vertical\"><li class=\"menu-item menu-item-type-post_type menu-item-object-page menu-item-154\"><a href=\"https:\/\/airevejer.es\/fr\/amenities\/\" class=\"elementor-item menu-link\">ESPACES ET SERVICES<\/a><\/li>\n<li class=\"menu-item menu-item-type-post_type menu-item-object-page menu-item-155\"><a href=\"https:\/\/airevejer.es\/fr\/rooms-2\/\" class=\"elementor-item menu-link\">CHAMBRES<\/a><\/li>\n<li class=\"menu-item menu-item-type-post_type menu-item-object-page menu-item-1249\"><a href=\"https:\/\/airevejer.es\/fr\/el-entorno\/\" class=\"elementor-item menu-link\">L'ENVIRONNEMENT<\/a><\/li>\n<li class=\"menu-item menu-item-type-post_type menu-item-object-page menu-item-919\"><a href=\"https:\/\/airevejer.es\/fr\/contacto\/\" class=\"elementor-item menu-link\">CONTACT<\/a><\/li>\n<\/ul>\t\t\t<\/nav>\n\t\t\t\t\t\t<nav class=\"elementor-nav-menu--dropdown elementor-nav-menu__container\" aria-hidden=\"true\">\n\t\t\t\t<ul id=\"menu-2-77437d8\" class=\"elementor-nav-menu sm-vertical\"><li class=\"menu-item menu-item-type-post_type menu-item-object-page menu-item-154\"><a href=\"https:\/\/airevejer.es\/fr\/amenities\/\" class=\"elementor-item menu-link\" tabindex=\"-1\">ESPACES ET SERVICES<\/a><\/li>\n<li class=\"menu-item menu-item-type-post_type menu-item-object-page menu-item-155\"><a href=\"https:\/\/airevejer.es\/fr\/rooms-2\/\" class=\"elementor-item menu-link\" tabindex=\"-1\">CHAMBRES<\/a><\/li>\n<li class=\"menu-item menu-item-type-post_type menu-item-object-page menu-item-1249\"><a href=\"https:\/\/airevejer.es\/fr\/el-entorno\/\" class=\"elementor-item menu-link\" tabindex=\"-1\">L'ENVIRONNEMENT<\/a><\/li>\n<li class=\"menu-item menu-item-type-post_type menu-item-object-page menu-item-919\"><a href=\"https:\/\/airevejer.es\/fr\/contacto\/\" class=\"elementor-item menu-link\" tabindex=\"-1\">CONTACT<\/a><\/li>\n<\/ul>\t\t\t<\/nav>\n\t\t\t\t\t\t<\/div>\n\t\t\t\t<\/div>\n\t\t\t\t<div class=\"elementor-element elementor-element-b49b527 elementor-widget elementor-widget-text-editor\" data-id=\"b49b527\" data-element_type=\"widget\" data-e-type=\"widget\" data-widget_type=\"text-editor.default\">\n\t\t\t\t<div class=\"elementor-widget-container\">\n\t\t\t\t\t\t\t\t\t<h6>Auberge de jeunesse AIRE VEJER<\/h6><p>\u00a0<\/p><p>La Barca de Vejer s\/n<\/p><p>Vejer de la Frontera (C\u00e1diz)<\/p><p>info@airevejer.es<\/p><p>638805946<\/p>\t\t\t\t\t\t\t\t<\/div>\n\t\t\t\t<\/div>\n\t\t\t\t<div class=\"elementor-element elementor-element-355807e elementor-nav-menu__align-center elementor-nav-menu--dropdown-tablet elementor-nav-menu__text-align-aside elementor-widget elementor-widget-nav-menu\" data-id=\"355807e\" data-element_type=\"widget\" data-e-type=\"widget\" data-settings=\"{&quot;layout&quot;:&quot;vertical&quot;,&quot;submenu_icon&quot;:{&quot;value&quot;:&quot;&lt;i class=\\&quot;fas fa-caret-down\\&quot; aria-hidden=\\&quot;true\\&quot;&gt;&lt;\\\/i&gt;&quot;,&quot;library&quot;:&quot;fa-solid&quot;}}\" data-widget_type=\"nav-menu.default\">\n\t\t\t\t<div class=\"elementor-widget-container\">\n\t\t\t\t\t\t\t\t<nav aria-label=\"Menu\" class=\"elementor-nav-menu--main elementor-nav-menu__container elementor-nav-menu--layout-vertical e--pointer-none\">\n\t\t\t\t<ul id=\"menu-1-355807e\" class=\"elementor-nav-menu sm-vertical\"><li class=\"menu-item menu-item-type-post_type menu-item-object-page menu-item-972\"><a href=\"https:\/\/airevejer.es\/fr\/politica-de-cookies\/\" class=\"elementor-item menu-link\">Politique en mati\u00e8re de cookies<\/a><\/li>\n<li class=\"menu-item menu-item-type-post_type menu-item-object-page menu-item-985\"><a href=\"https:\/\/airevejer.es\/fr\/elementor-975\/\" class=\"elementor-item menu-link\">Avis juridique<\/a><\/li>\n<li class=\"menu-item menu-item-type-post_type menu-item-object-page menu-item-privacy-policy menu-item-1328\"><a rel=\"privacy-policy\" href=\"https:\/\/airevejer.es\/fr\/politicas-de-privacidad\/\" class=\"elementor-item menu-link\">Politique de confidentialit\u00e9<\/a><\/li>\n<li class=\"menu-item menu-item-type-post_type menu-item-object-page menu-item-1952\"><a href=\"https:\/\/airevejer.es\/fr\/condiciones-de-reserva\/\" class=\"elementor-item menu-link\">Conditions de r\u00e9servation<\/a><\/li>\n<\/ul>\t\t\t<\/nav>\n\t\t\t\t\t\t<nav class=\"elementor-nav-menu--dropdown elementor-nav-menu__container\" aria-hidden=\"true\">\n\t\t\t\t<ul id=\"menu-2-355807e\" class=\"elementor-nav-menu sm-vertical\"><li class=\"menu-item menu-item-type-post_type menu-item-object-page menu-item-972\"><a href=\"https:\/\/airevejer.es\/fr\/politica-de-cookies\/\" class=\"elementor-item menu-link\" tabindex=\"-1\">Politique en mati\u00e8re de cookies<\/a><\/li>\n<li class=\"menu-item menu-item-type-post_type menu-item-object-page menu-item-985\"><a href=\"https:\/\/airevejer.es\/fr\/elementor-975\/\" class=\"elementor-item menu-link\" tabindex=\"-1\">Avis juridique<\/a><\/li>\n<li class=\"menu-item menu-item-type-post_type menu-item-object-page menu-item-privacy-policy menu-item-1328\"><a rel=\"privacy-policy\" href=\"https:\/\/airevejer.es\/fr\/politicas-de-privacidad\/\" class=\"elementor-item menu-link\" tabindex=\"-1\">Politique de confidentialit\u00e9<\/a><\/li>\n<li class=\"menu-item menu-item-type-post_type menu-item-object-page menu-item-1952\"><a href=\"https:\/\/airevejer.es\/fr\/condiciones-de-reserva\/\" class=\"elementor-item menu-link\" tabindex=\"-1\">Conditions de r\u00e9servation<\/a><\/li>\n<\/ul>\t\t\t<\/nav>\n\t\t\t\t\t\t<\/div>\n\t\t\t\t<\/div>\n\t\t\t\t<\/div>\n\t\t\t\t\t<\/div>\n\t\t\t\t<\/div>\n\t\t<div class=\"elementor-element elementor-element-34e7976 e-flex e-con-boxed e-con e-parent\" data-id=\"34e7976\" data-element_type=\"container\" data-e-type=\"container\">\n\t\t\t\t\t<div class=\"e-con-inner\">\n\t\t\t\t<div class=\"elementor-element elementor-element-364fb25 elementor-widget elementor-widget-copyright\" data-id=\"364fb25\" data-element_type=\"widget\" data-e-type=\"widget\" data-widget_type=\"copyright.default\">\n\t\t\t\t<div class=\"elementor-widget-container\">\n\t\t\t\t\t\t\t<div class=\"hfe-copyright-wrapper\">\n\t\t\t\t\t\t\t<span>\u00a92025 Aire Vejer. Tous droits r\u00e9serv\u00e9s. <\/span>\n\t\t\t\t\t<\/div>\n\t\t\t\t\t\t<\/div>\n\t\t\t\t<\/div>\n\t\t\t\t\t<\/div>\n\t\t\t\t<\/div>\n\t\t\t\t<\/div>","protected":false},"excerpt":{"rendered":"<p>Pol\u00edticas de privacidad Pol\u00edtica de Privacidad En Aire Vejer nos comprometemos a proteger la privacidad y los datos personales de los usuarios que acceden a nuestro sitio web, conforme a lo dispuesto en el Reglamento (UE) 2016\/679 (RGPD) y la Ley Org\u00e1nica 3\/2018, de Protecci\u00f3n de Datos Personales y garant\u00eda de los derechos digitales (LOPDGDD). [&hellip;]<\/p>","protected":false},"author":1,"featured_media":0,"parent":0,"menu_order":0,"comment_status":"closed","ping_status":"closed","template":"","meta":{"_uag_custom_page_level_css":"","site-sidebar-layout":"no-sidebar","site-content-layout":"page-builder","ast-site-content-layout":"full-width-container","site-content-style":"default","site-sidebar-style":"default","ast-global-header-display":"","ast-banner-title-visibility":"","ast-main-header-display":"","ast-hfb-above-header-display":"","ast-hfb-below-header-display":"","ast-hfb-mobile-header-display":"","site-post-title":"","ast-breadcrumbs-content":"","ast-featured-img":"disabled","footer-sml-layout":"","ast-disable-related-posts":"","theme-transparent-header-meta":"","adv-header-id-meta":"","stick-header-meta":"","header-above-stick-meta":"","header-main-stick-meta":"","header-below-stick-meta":"","astra-migrate-meta-layouts":"set","ast-page-background-enabled":"default","ast-page-background-meta":{"desktop":{"background-color":"","background-image":"","background-repeat":"repeat","background-position":"center center","background-size":"auto","background-attachment":"scroll","background-type":"","background-media":"","overlay-type":"","overlay-color":"","overlay-opacity":"","overlay-gradient":""},"tablet":{"background-color":"","background-image":"","background-repeat":"repeat","background-position":"center center","background-size":"auto","background-attachment":"scroll","background-type":"","background-media":"","overlay-type":"","overlay-color":"","overlay-opacity":"","overlay-gradient":""},"mobile":{"background-color":"","background-image":"","background-repeat":"repeat","background-position":"center center","background-size":"auto","background-attachment":"scroll","background-type":"","background-media":"","overlay-type":"","overlay-color":"","overlay-opacity":"","overlay-gradient":""}},"ast-content-background-meta":{"desktop":{"background-color":"var(--ast-global-color-5)","background-image":"","background-repeat":"repeat","background-position":"center center","background-size":"auto","background-attachment":"scroll","background-type":"","background-media":"","overlay-type":"","overlay-color":"","overlay-opacity":"","overlay-gradient":""},"tablet":{"background-color":"var(--ast-global-color-5)","background-image":"","background-repeat":"repeat","background-position":"center center","background-size":"auto","background-attachment":"scroll","background-type":"","background-media":"","overlay-type":"","overlay-color":"","overlay-opacity":"","overlay-gradient":""},"mobile":{"background-color":"var(--ast-global-color-5)","background-image":"","background-repeat":"repeat","background-position":"center center","background-size":"auto","background-attachment":"scroll","background-type":"","background-media":"","overlay-type":"","overlay-color":"","overlay-opacity":"","overlay-gradient":""}},"footnotes":""},"class_list":["post-1298","page","type-page","status-publish","hentry"],"_hostinger_reach_plugin_has_subscription_block":false,"_hostinger_reach_plugin_is_elementor":false,"uagb_featured_image_src":{"full":false,"thumbnail":false,"medium":false,"medium_large":false,"large":false,"1536x1536":false,"2048x2048":false,"trp-custom-language-flag":false},"uagb_author_info":{"display_name":"aire","author_link":"https:\/\/airevejer.es\/fr\/author\/aire\/"},"uagb_comment_info":0,"uagb_excerpt":"Pol\u00edticas de privacidad Pol\u00edtica de Privacidad En Aire Vejer nos comprometemos a proteger la privacidad y los datos personales de los usuarios que acceden a nuestro sitio web, conforme a lo dispuesto en el Reglamento (UE) 2016\/679 (RGPD) y la Ley Org\u00e1nica 3\/2018, de Protecci\u00f3n de Datos Personales y garant\u00eda de los derechos digitales (LOPDGDD).\u2026","_links":{"self":[{"href":"https:\/\/airevejer.es\/fr\/wp-json\/wp\/v2\/pages\/1298","targetHints":{"allow":["GET"]}}],"collection":[{"href":"https:\/\/airevejer.es\/fr\/wp-json\/wp\/v2\/pages"}],"about":[{"href":"https:\/\/airevejer.es\/fr\/wp-json\/wp\/v2\/types\/page"}],"author":[{"embeddable":true,"href":"https:\/\/airevejer.es\/fr\/wp-json\/wp\/v2\/users\/1"}],"replies":[{"embeddable":true,"href":"https:\/\/airevejer.es\/fr\/wp-json\/wp\/v2\/comments?post=1298"}],"version-history":[{"count":10,"href":"https:\/\/airevejer.es\/fr\/wp-json\/wp\/v2\/pages\/1298\/revisions"}],"predecessor-version":[{"id":1324,"href":"https:\/\/airevejer.es\/fr\/wp-json\/wp\/v2\/pages\/1298\/revisions\/1324"}],"wp:attachment":[{"href":"https:\/\/airevejer.es\/fr\/wp-json\/wp\/v2\/media?parent=1298"}],"curies":[{"name":"wp","href":"https:\/\/api.w.org\/{rel}","templated":true}]}}