{"id":954,"date":"2025-12-22T16:50:13","date_gmt":"2025-12-22T16:50:13","guid":{"rendered":"https:\/\/airevejer.es\/?page_id=954"},"modified":"2025-12-27T17:45:49","modified_gmt":"2025-12-27T17:45:49","slug":"politica-de-cookies","status":"publish","type":"page","link":"https:\/\/airevejer.es\/fr\/politica-de-cookies\/","title":{"rendered":"Politique en mati\u00e8re de cookies"},"content":{"rendered":"<div data-elementor-type=\"wp-page\" data-elementor-id=\"954\" class=\"elementor elementor-954\" data-elementor-post-type=\"page\">\n\t\t\t\t<div class=\"elementor-element elementor-element-84e359c e-flex e-con-boxed e-con e-parent\" data-id=\"84e359c\" data-element_type=\"container\" data-e-type=\"container\">\n\t\t\t\t\t<div class=\"e-con-inner\">\n\t\t\t\t<div class=\"elementor-element elementor-element-a8f804d elementor-widget elementor-widget-heading\" data-id=\"a8f804d\" data-element_type=\"widget\" data-e-type=\"widget\" data-widget_type=\"heading.default\">\n\t\t\t\t<div class=\"elementor-widget-container\">\n\t\t\t\t\t<h2 class=\"elementor-heading-title elementor-size-default\">Politique de cookies<\/h2>\t\t\t\t<\/div>\n\t\t\t\t<\/div>\n\t\t\t\t\t<\/div>\n\t\t\t\t<\/div>\n\t\t<div class=\"elementor-element elementor-element-f5327e8 e-flex e-con-boxed e-con e-parent\" data-id=\"f5327e8\" data-element_type=\"container\" data-e-type=\"container\">\n\t\t\t\t\t<div class=\"e-con-inner\">\n\t\t\t\t<div class=\"elementor-element elementor-element-2445278 elementor-fixed elementor-widget elementor-widget-theme-site-logo elementor-widget-image\" data-id=\"2445278\" data-element_type=\"widget\" data-e-type=\"widget\" data-settings=\"{&quot;_position&quot;:&quot;fixed&quot;}\" data-widget_type=\"theme-site-logo.default\">\n\t\t\t\t<div class=\"elementor-widget-container\">\n\t\t\t\t\t\t\t\t\t\t\t<a href=\"https:\/\/airevejer.es\/fr\">\n\t\t\t<img decoding=\"async\" width=\"150\" height=\"150\" src=\"https:\/\/airevejer.es\/wp-content\/uploads\/2025\/12\/37EAE454-1607-4673-92E9-595A68030E3A-scaled.png\" class=\"attachment-thumbnail size-thumbnail wp-image-16\" alt=\"37EAE454 1607 4673 92E9 595A68030E3A Scaled\" srcset=\"https:\/\/airevejer.es\/wp-content\/uploads\/2025\/12\/37EAE454-1607-4673-92E9-595A68030E3A-scaled-150x150.png 150w, https:\/\/airevejer.es\/wp-content\/uploads\/2025\/12\/37EAE454-1607-4673-92E9-595A68030E3A-scaled-300x300.png 300w, https:\/\/airevejer.es\/wp-content\/uploads\/2025\/12\/37EAE454-1607-4673-92E9-595A68030E3A-scaled-1024x1024.png 1024w, https:\/\/airevejer.es\/wp-content\/uploads\/2025\/12\/37EAE454-1607-4673-92E9-595A68030E3A-scaled-768x768.png 768w, https:\/\/airevejer.es\/wp-content\/uploads\/2025\/12\/37EAE454-1607-4673-92E9-595A68030E3A-scaled-1536x1536.png 1536w, https:\/\/airevejer.es\/wp-content\/uploads\/2025\/12\/37EAE454-1607-4673-92E9-595A68030E3A-scaled-2048x2048.png 2048w, https:\/\/airevejer.es\/wp-content\/uploads\/2025\/12\/37EAE454-1607-4673-92E9-595A68030E3A-scaled-12x12.png 12w, https:\/\/airevejer.es\/wp-content\/uploads\/2025\/12\/37EAE454-1607-4673-92E9-595A68030E3A-scaled-600x600.png 600w, https:\/\/airevejer.es\/wp-content\/uploads\/2025\/12\/37EAE454-1607-4673-92E9-595A68030E3A-scaled-100x100.png 100w, https:\/\/airevejer.es\/wp-content\/uploads\/2025\/12\/37EAE454-1607-4673-92E9-595A68030E3A-scaled-144x144.png 144w\" sizes=\"(max-width: 150px) 100vw, 150px\" title=\"Politique en mati\u00e8re de cookies\">\t\t\t\t<\/a>\n\t\t\t\t\t\t\t\t\t\t\t<\/div>\n\t\t\t\t<\/div>\n\t\t\t\t<div class=\"elementor-element elementor-element-c79d605 elementor-widget elementor-widget-text-editor\" data-id=\"c79d605\" data-element_type=\"widget\" data-e-type=\"widget\" data-widget_type=\"text-editor.default\">\n\t\t\t\t<div class=\"elementor-widget-container\">\n\t\t\t\t\t\t\t\t\t<h5 class=\"p1\">\u00a0<\/h5><p class=\"p1\">Au <b>Air Vejer<\/b> nous utilisons des cookies propres et des cookies de tiers afin de garantir le bon fonctionnement du site web, de faciliter le processus de r\u00e9servation, d'am\u00e9liorer l'exp\u00e9rience utilisateur, d'analyser le trafic et de proposer du contenu en rapport avec nos services d'h\u00e9bergement.<\/p><p class=\"p1\"><b>Que sont les cookies ?<\/b><b><\/b><\/p><p class=\"p1\">Les cookies sont de petits fichiers texte qui sont t\u00e9l\u00e9charg\u00e9s sur l'appareil de l'utilisateur lorsqu'il visite une page web. Ils permettent de stocker et de r\u00e9cup\u00e9rer des informations sur la navigation de l'utilisateur ou de son \u00e9quipement, afin d'am\u00e9liorer le service offert.<\/p><p class=\"p1\"><b>2. Types de cookies utilis\u00e9s<\/b><b><\/b><\/p><p class=\"p1\"><b>a) Cookies techniques ou n\u00e9cessaires<\/b><b><\/b><\/p><p class=\"p1\">Ils sont indispensables au bon fonctionnement du site web et permettent des actions telles que la navigation, l'acc\u00e8s aux zones s\u00e9curis\u00e9es ou la gestion des r\u00e9servations. Ils ne n\u00e9cessitent pas le consentement de l'utilisateur.<\/p><p class=\"p1\"><b>b) Cookies de personnalisation<\/b><b><\/b><\/p><p class=\"p1\">Ils permettent de se souvenir des pr\u00e9f\u00e9rences de l'utilisateur, comme la langue ou le type d'appareil, afin d'offrir une exp\u00e9rience plus personnalis\u00e9e.<\/p><p class=\"p1\"><b>c) Cookies d'analyse ou de mesure<\/b><b><\/b><\/p><p class=\"p1\">Permettent d'analyser le comportement des utilisateurs sur le site web et de mesurer l'activit\u00e9, dans le but d'am\u00e9liorer les services et les contenus propos\u00e9s.<\/p><p class=\"p1\"><b>d) Cookies de publicit\u00e9 et de marketing<\/b><b><\/b><\/p><p class=\"p1\">Ils sont utilis\u00e9s pour afficher des publicit\u00e9s relatives \u00e0 nos services et mesurer l'efficacit\u00e9 des campagnes publicitaires.<\/p><p class=\"p1\"><b>3. Cookies de tiers<\/b><b><\/b><\/p><p class=\"p1\">Le site web d'Aire Vejer peut utiliser des services tiers qui installent des cookies \u00e0 des fins analytiques ou publicitaires, tels que :<\/p><p class=\"p1\">Google Analytics<\/p><p class=\"p1\">\u2022Google Ads<\/p><p class=\"p1\">\u2022Meta (Facebook \/ Instagram)<\/p><p class=\"p1\">\u2022Moteur de r\u00e9servation externe, le cas \u00e9ch\u00e9ant<\/p><p class=\"p1\">Ces tiers peuvent effectuer des transferts de donn\u00e9es internationaux, qui s'effectuent conform\u00e9ment aux garanties exig\u00e9es par la r\u00e9glementation europ\u00e9enne en mati\u00e8re de protection des donn\u00e9es.<\/p><p class=\"p1\"><b>4. Gestion du consentement<\/b><b><\/b><\/p><p class=\"p1\">Lors de l'acc\u00e8s au site web, l'utilisateur peut <b>accepter, refuser ou configurer<\/b> l'utilisation de cookies via la banni\u00e8re de cookies activ\u00e9e.<\/p><p class=\"p1\">Le consentement peut \u00eatre modifi\u00e9 ou retir\u00e9 \u00e0 tout moment.<\/p><p class=\"p1\"><b>5. Configuration des cookies dans le navigateur<\/b><b><\/b><\/p><p class=\"p1\">L'utilisateur peut autoriser, bloquer ou supprimer les cookies install\u00e9es sur son appareil via les param\u00e8tres du navigateur :<\/p><p class=\"p1\">\u2022Google Chrome<\/p><p class=\"p1\">Mozilla Firefox<\/p><p class=\"p1\">Safari<\/p><p class=\"p1\">\u2022Microsoft Edge<\/p><p class=\"p1\">La d\u00e9sactivation de certains cookies peut affecter le bon fonctionnement du site web ou du syst\u00e8me de r\u00e9servation.<\/p><p class=\"p1\"><b>6. Base juridique du traitement<\/b><b><\/b><\/p><p class=\"p1\">La base l\u00e9gale pour l'utilisation des cookies non n\u00e9cessaires est le <b>consentement de l'utilisateur<\/b>, conform\u00e9ment \u00e0 l\u2019article 6.1.a du r\u00e8glement (UE) 2016\/679 (RGPD).<\/p><p class=\"p1\"><b>7. Mise \u00e0 jour de la politique en mati\u00e8re de cookies<\/b><b><\/b><\/p><p class=\"p1\">Aire Vejer se r\u00e9serve le droit de modifier la pr\u00e9sente Politique de Cookies pour l'adapter aux nouveaut\u00e9s l\u00e9gislatives ou techniques. La version publi\u00e9e sur le site web sera celle en vigueur \u00e0 tout moment.<\/p><p class=\"p1\"><b>8. Responsable du traitement<\/b><b><\/b><\/p><p class=\"p1\"><b>Titre :<\/b> Air Vejer<\/p><p class=\"p1\"><b>Adresse :<\/b> La Barca de Vejer s\/n, Vejer de la Frontera (Cadix)<\/p><p class=\"p1\"><b>Courriel :<\/b> info@airevejer.es<\/p>\t\t\t\t\t\t\t\t<\/div>\n\t\t\t\t<\/div>\n\t\t\t\t\t<\/div>\n\t\t\t\t<\/div>\n\t\t<div class=\"elementor-element elementor-element-9d67433 e-flex e-con-boxed e-con e-parent\" data-id=\"9d67433\" data-element_type=\"container\" data-e-type=\"container\">\n\t\t\t\t\t<div class=\"e-con-inner\">\n\t\t\t\t<div class=\"elementor-element elementor-element-2a6cfe1 elementor-widget elementor-widget-image\" data-id=\"2a6cfe1\" data-element_type=\"widget\" data-e-type=\"widget\" data-widget_type=\"image.default\">\n\t\t\t\t<div class=\"elementor-widget-container\">\n\t\t\t\t\t\t\t\t\t\t\t\t\t\t\t<img decoding=\"async\" width=\"150\" height=\"150\" src=\"https:\/\/airevejer.es\/wp-content\/uploads\/2025\/12\/99406FFE-D393-4936-9DCB-5F3A69EF0A72-150x150.png\" class=\"attachment-thumbnail size-thumbnail wp-image-802\" alt=\"99406ffe d393 4936 9dcb 5f3a69ef0a72\" srcset=\"https:\/\/airevejer.es\/wp-content\/uploads\/2025\/12\/99406FFE-D393-4936-9DCB-5F3A69EF0A72-150x150.png 150w, https:\/\/airevejer.es\/wp-content\/uploads\/2025\/12\/99406FFE-D393-4936-9DCB-5F3A69EF0A72-100x100.png 100w\" sizes=\"(max-width: 150px) 100vw, 150px\" title=\"Politique en mati\u00e8re de cookies\">\t\t\t\t\t\t\t\t\t\t\t\t\t\t\t<\/div>\n\t\t\t\t<\/div>\n\t\t\t\t\t<\/div>\n\t\t\t\t<\/div>\n\t\t<div class=\"elementor-element elementor-element-f24e9d9 e-flex e-con-boxed e-con e-parent\" data-id=\"f24e9d9\" data-element_type=\"container\" data-e-type=\"container\">\n\t\t\t\t\t<div class=\"e-con-inner\">\n\t\t<div class=\"elementor-element elementor-element-d180691 e-grid e-con-full e-con e-child\" data-id=\"d180691\" data-element_type=\"container\" data-e-type=\"container\" data-settings=\"{&quot;background_background&quot;:&quot;classic&quot;}\">\n\t\t\t\t<div class=\"elementor-element elementor-element-65a6ee4 elementor-nav-menu__align-center elementor-nav-menu--dropdown-tablet elementor-nav-menu__text-align-aside elementor-widget elementor-widget-nav-menu\" data-id=\"65a6ee4\" data-element_type=\"widget\" data-e-type=\"widget\" data-settings=\"{&quot;layout&quot;:&quot;vertical&quot;,&quot;submenu_icon&quot;:{&quot;value&quot;:&quot;&lt;i class=\\&quot;fas fa-caret-down\\&quot; aria-hidden=\\&quot;true\\&quot;&gt;&lt;\\\/i&gt;&quot;,&quot;library&quot;:&quot;fa-solid&quot;}}\" data-widget_type=\"nav-menu.default\">\n\t\t\t\t<div class=\"elementor-widget-container\">\n\t\t\t\t\t\t\t\t<nav aria-label=\"Menu\" class=\"elementor-nav-menu--main elementor-nav-menu__container elementor-nav-menu--layout-vertical e--pointer-none\">\n\t\t\t\t<ul id=\"menu-1-65a6ee4\" class=\"elementor-nav-menu sm-vertical\"><li class=\"menu-item menu-item-type-post_type menu-item-object-page menu-item-154\"><a href=\"https:\/\/airevejer.es\/fr\/amenities\/\" class=\"elementor-item menu-link\">ESPACES ET SERVICES<\/a><\/li>\n<li class=\"menu-item menu-item-type-post_type menu-item-object-page menu-item-155\"><a href=\"https:\/\/airevejer.es\/fr\/rooms-2\/\" class=\"elementor-item menu-link\">CHAMBRES<\/a><\/li>\n<li class=\"menu-item menu-item-type-post_type menu-item-object-page menu-item-1249\"><a href=\"https:\/\/airevejer.es\/fr\/el-entorno\/\" class=\"elementor-item menu-link\">L'ENVIRONNEMENT<\/a><\/li>\n<li class=\"menu-item menu-item-type-post_type menu-item-object-page menu-item-919\"><a href=\"https:\/\/airevejer.es\/fr\/contacto\/\" class=\"elementor-item menu-link\">CONTACT<\/a><\/li>\n<\/ul>\t\t\t<\/nav>\n\t\t\t\t\t\t<nav class=\"elementor-nav-menu--dropdown elementor-nav-menu__container\" aria-hidden=\"true\">\n\t\t\t\t<ul id=\"menu-2-65a6ee4\" class=\"elementor-nav-menu sm-vertical\"><li class=\"menu-item menu-item-type-post_type menu-item-object-page menu-item-154\"><a href=\"https:\/\/airevejer.es\/fr\/amenities\/\" class=\"elementor-item menu-link\" tabindex=\"-1\">ESPACES ET SERVICES<\/a><\/li>\n<li class=\"menu-item menu-item-type-post_type menu-item-object-page menu-item-155\"><a href=\"https:\/\/airevejer.es\/fr\/rooms-2\/\" class=\"elementor-item menu-link\" tabindex=\"-1\">CHAMBRES<\/a><\/li>\n<li class=\"menu-item menu-item-type-post_type menu-item-object-page menu-item-1249\"><a href=\"https:\/\/airevejer.es\/fr\/el-entorno\/\" class=\"elementor-item menu-link\" tabindex=\"-1\">L'ENVIRONNEMENT<\/a><\/li>\n<li class=\"menu-item menu-item-type-post_type menu-item-object-page menu-item-919\"><a href=\"https:\/\/airevejer.es\/fr\/contacto\/\" class=\"elementor-item menu-link\" tabindex=\"-1\">CONTACT<\/a><\/li>\n<\/ul>\t\t\t<\/nav>\n\t\t\t\t\t\t<\/div>\n\t\t\t\t<\/div>\n\t\t\t\t<div class=\"elementor-element elementor-element-21a0392 elementor-widget elementor-widget-text-editor\" data-id=\"21a0392\" data-element_type=\"widget\" data-e-type=\"widget\" data-widget_type=\"text-editor.default\">\n\t\t\t\t<div class=\"elementor-widget-container\">\n\t\t\t\t\t\t\t\t\t<h6>Auberge de jeunesse AIRE VEJER<\/h6><p>\u00a0<\/p><p>La Barca de Vejer s\/n<\/p><p>Vejer de la Frontera (C\u00e1diz)<\/p><p>info@airevejer.es<\/p><p>638805946<\/p>\t\t\t\t\t\t\t\t<\/div>\n\t\t\t\t<\/div>\n\t\t\t\t<div class=\"elementor-element elementor-element-3ceff2f elementor-nav-menu__align-center elementor-nav-menu--dropdown-tablet elementor-nav-menu__text-align-aside elementor-widget elementor-widget-nav-menu\" data-id=\"3ceff2f\" data-element_type=\"widget\" data-e-type=\"widget\" data-settings=\"{&quot;layout&quot;:&quot;vertical&quot;,&quot;submenu_icon&quot;:{&quot;value&quot;:&quot;&lt;i class=\\&quot;fas fa-caret-down\\&quot; aria-hidden=\\&quot;true\\&quot;&gt;&lt;\\\/i&gt;&quot;,&quot;library&quot;:&quot;fa-solid&quot;}}\" data-widget_type=\"nav-menu.default\">\n\t\t\t\t<div class=\"elementor-widget-container\">\n\t\t\t\t\t\t\t\t<nav aria-label=\"Menu\" class=\"elementor-nav-menu--main elementor-nav-menu__container elementor-nav-menu--layout-vertical e--pointer-none\">\n\t\t\t\t<ul id=\"menu-1-3ceff2f\" class=\"elementor-nav-menu sm-vertical\"><li class=\"menu-item menu-item-type-post_type menu-item-object-page menu-item-972\"><a href=\"https:\/\/airevejer.es\/fr\/politica-de-cookies\/\" class=\"elementor-item menu-link\">Politique en mati\u00e8re de cookies<\/a><\/li>\n<li class=\"menu-item menu-item-type-post_type menu-item-object-page menu-item-985\"><a href=\"https:\/\/airevejer.es\/fr\/elementor-975\/\" class=\"elementor-item menu-link\">Avis juridique<\/a><\/li>\n<li class=\"menu-item menu-item-type-post_type menu-item-object-page menu-item-privacy-policy menu-item-1328\"><a rel=\"privacy-policy\" href=\"https:\/\/airevejer.es\/fr\/politicas-de-privacidad\/\" class=\"elementor-item menu-link\">Politique de confidentialit\u00e9<\/a><\/li>\n<li class=\"menu-item menu-item-type-post_type menu-item-object-page menu-item-1952\"><a href=\"https:\/\/airevejer.es\/fr\/condiciones-de-reserva\/\" class=\"elementor-item menu-link\">Conditions de r\u00e9servation<\/a><\/li>\n<\/ul>\t\t\t<\/nav>\n\t\t\t\t\t\t<nav class=\"elementor-nav-menu--dropdown elementor-nav-menu__container\" aria-hidden=\"true\">\n\t\t\t\t<ul id=\"menu-2-3ceff2f\" class=\"elementor-nav-menu sm-vertical\"><li class=\"menu-item menu-item-type-post_type menu-item-object-page menu-item-972\"><a href=\"https:\/\/airevejer.es\/fr\/politica-de-cookies\/\" class=\"elementor-item menu-link\" tabindex=\"-1\">Politique en mati\u00e8re de cookies<\/a><\/li>\n<li class=\"menu-item menu-item-type-post_type menu-item-object-page menu-item-985\"><a href=\"https:\/\/airevejer.es\/fr\/elementor-975\/\" class=\"elementor-item menu-link\" tabindex=\"-1\">Avis juridique<\/a><\/li>\n<li class=\"menu-item menu-item-type-post_type menu-item-object-page menu-item-privacy-policy menu-item-1328\"><a rel=\"privacy-policy\" href=\"https:\/\/airevejer.es\/fr\/politicas-de-privacidad\/\" class=\"elementor-item menu-link\" tabindex=\"-1\">Politique de confidentialit\u00e9<\/a><\/li>\n<li class=\"menu-item menu-item-type-post_type menu-item-object-page menu-item-1952\"><a href=\"https:\/\/airevejer.es\/fr\/condiciones-de-reserva\/\" class=\"elementor-item menu-link\" tabindex=\"-1\">Conditions de r\u00e9servation<\/a><\/li>\n<\/ul>\t\t\t<\/nav>\n\t\t\t\t\t\t<\/div>\n\t\t\t\t<\/div>\n\t\t\t\t<\/div>\n\t\t\t\t\t<\/div>\n\t\t\t\t<\/div>\n\t\t<div class=\"elementor-element elementor-element-4b55916 e-flex e-con-boxed e-con e-parent\" data-id=\"4b55916\" data-element_type=\"container\" data-e-type=\"container\">\n\t\t\t\t\t<div class=\"e-con-inner\">\n\t\t\t\t<div class=\"elementor-element elementor-element-63e4c25 elementor-widget elementor-widget-copyright\" data-id=\"63e4c25\" data-element_type=\"widget\" data-e-type=\"widget\" data-widget_type=\"copyright.default\">\n\t\t\t\t<div class=\"elementor-widget-container\">\n\t\t\t\t\t\t\t<div class=\"hfe-copyright-wrapper\">\n\t\t\t\t\t\t\t<span> \u00a92025 Aire Vejer. Tous droits r\u00e9serv\u00e9s <\/span>\n\t\t\t\t\t<\/div>\n\t\t\t\t\t\t<\/div>\n\t\t\t\t<\/div>\n\t\t\t\t\t<\/div>\n\t\t\t\t<\/div>\n\t\t<div class=\"elementor-element elementor-element-0612a47 e-flex e-con-boxed e-con e-parent\" data-id=\"0612a47\" data-element_type=\"container\" data-e-type=\"container\">\n\t\t\t\t\t<div class=\"e-con-inner\">\n\t\t\t\t\t<\/div>\n\t\t\t\t<\/div>\n\t\t\t\t<\/div>","protected":false},"excerpt":{"rendered":"<p>Pol\u00edticas de cookies \u00a0 En Aire Vejer utilizamos cookies propias y de terceros con la finalidad de garantizar el correcto funcionamiento del sitio web, facilitar el proceso de reservas, mejorar la experiencia del usuario, analizar el tr\u00e1fico y ofrecer contenidos relacionados con nuestros servicios de alojamiento. 1. \u00bfQu\u00e9 son las cookies? Las cookies son peque\u00f1os [&hellip;]<\/p>","protected":false},"author":1,"featured_media":0,"parent":0,"menu_order":0,"comment_status":"closed","ping_status":"closed","template":"elementor_canvas","meta":{"_uag_custom_page_level_css":"","site-sidebar-layout":"no-sidebar","site-content-layout":"page-builder","ast-site-content-layout":"full-width-container","site-content-style":"unboxed","site-sidebar-style":"unboxed","ast-global-header-display":"","ast-banner-title-visibility":"","ast-main-header-display":"","ast-hfb-above-header-display":"","ast-hfb-below-header-display":"","ast-hfb-mobile-header-display":"","site-post-title":"disabled","ast-breadcrumbs-content":"","ast-featured-img":"disabled","footer-sml-layout":"","ast-disable-related-posts":"","theme-transparent-header-meta":"","adv-header-id-meta":"","stick-header-meta":"","header-above-stick-meta":"","header-main-stick-meta":"","header-below-stick-meta":"","astra-migrate-meta-layouts":"set","ast-page-background-enabled":"default","ast-page-background-meta":{"desktop":{"background-color":"","background-image":"","background-repeat":"repeat","background-position":"center center","background-size":"auto","background-attachment":"scroll","background-type":"","background-media":"","overlay-type":"","overlay-color":"","overlay-opacity":"","overlay-gradient":""},"tablet":{"background-color":"","background-image":"","background-repeat":"repeat","background-position":"center center","background-size":"auto","background-attachment":"scroll","background-type":"","background-media":"","overlay-type":"","overlay-color":"","overlay-opacity":"","overlay-gradient":""},"mobile":{"background-color":"","background-image":"","background-repeat":"repeat","background-position":"center center","background-size":"auto","background-attachment":"scroll","background-type":"","background-media":"","overlay-type":"","overlay-color":"","overlay-opacity":"","overlay-gradient":""}},"ast-content-background-meta":{"desktop":{"background-color":"var(--ast-global-color-5)","background-image":"","background-repeat":"repeat","background-position":"center center","background-size":"auto","background-attachment":"scroll","background-type":"","background-media":"","overlay-type":"","overlay-color":"","overlay-opacity":"","overlay-gradient":""},"tablet":{"background-color":"var(--ast-global-color-5)","background-image":"","background-repeat":"repeat","background-position":"center center","background-size":"auto","background-attachment":"scroll","background-type":"","background-media":"","overlay-type":"","overlay-color":"","overlay-opacity":"","overlay-gradient":""},"mobile":{"background-color":"var(--ast-global-color-5)","background-image":"","background-repeat":"repeat","background-position":"center center","background-size":"auto","background-attachment":"scroll","background-type":"","background-media":"","overlay-type":"","overlay-color":"","overlay-opacity":"","overlay-gradient":""}},"footnotes":""},"class_list":["post-954","page","type-page","status-publish","hentry"],"_hostinger_reach_plugin_has_subscription_block":false,"_hostinger_reach_plugin_is_elementor":false,"uagb_featured_image_src":{"full":false,"thumbnail":false,"medium":false,"medium_large":false,"large":false,"1536x1536":false,"2048x2048":false,"trp-custom-language-flag":false},"uagb_author_info":{"display_name":"aire","author_link":"https:\/\/airevejer.es\/fr\/author\/aire\/"},"uagb_comment_info":0,"uagb_excerpt":"Pol\u00edticas de cookies \u00a0 En Aire Vejer utilizamos cookies propias y de terceros con la finalidad de garantizar el correcto funcionamiento del sitio web, facilitar el proceso de reservas, mejorar la experiencia del usuario, analizar el tr\u00e1fico y ofrecer contenidos relacionados con nuestros servicios de alojamiento. 1. \u00bfQu\u00e9 son las cookies? Las cookies son peque\u00f1os\u2026","_links":{"self":[{"href":"https:\/\/airevejer.es\/fr\/wp-json\/wp\/v2\/pages\/954","targetHints":{"allow":["GET"]}}],"collection":[{"href":"https:\/\/airevejer.es\/fr\/wp-json\/wp\/v2\/pages"}],"about":[{"href":"https:\/\/airevejer.es\/fr\/wp-json\/wp\/v2\/types\/page"}],"author":[{"embeddable":true,"href":"https:\/\/airevejer.es\/fr\/wp-json\/wp\/v2\/users\/1"}],"replies":[{"embeddable":true,"href":"https:\/\/airevejer.es\/fr\/wp-json\/wp\/v2\/comments?post=954"}],"version-history":[{"count":17,"href":"https:\/\/airevejer.es\/fr\/wp-json\/wp\/v2\/pages\/954\/revisions"}],"predecessor-version":[{"id":1327,"href":"https:\/\/airevejer.es\/fr\/wp-json\/wp\/v2\/pages\/954\/revisions\/1327"}],"wp:attachment":[{"href":"https:\/\/airevejer.es\/fr\/wp-json\/wp\/v2\/media?parent=954"}],"curies":[{"name":"wp","href":"https:\/\/api.w.org\/{rel}","templated":true}]}}