{"id":1910,"date":"2026-01-10T17:13:12","date_gmt":"2026-01-10T17:13:12","guid":{"rendered":"https:\/\/airevejer.es\/?page_id=1910"},"modified":"2026-02-25T17:03:46","modified_gmt":"2026-02-25T17:03:46","slug":"condiciones-de-reserva","status":"publish","type":"page","link":"https:\/\/airevejer.es\/it\/condiciones-de-reserva\/","title":{"rendered":"Condizioni di prenotazione"},"content":{"rendered":"<div data-elementor-type=\"wp-page\" data-elementor-id=\"1910\" class=\"elementor elementor-1910\" data-elementor-post-type=\"page\">\n\t\t\t\t<div class=\"elementor-element elementor-element-1e0b9416 e-con-full e-flex e-con e-parent\" data-id=\"1e0b9416\" data-element_type=\"container\" data-e-type=\"container\" data-settings=\"{&quot;background_background&quot;:&quot;classic&quot;,&quot;sticky&quot;:&quot;top&quot;,&quot;sticky_on&quot;:[&quot;desktop&quot;,&quot;tablet&quot;,&quot;mobile&quot;],&quot;sticky_offset&quot;:0,&quot;sticky_effects_offset&quot;:0,&quot;sticky_anchor_link_offset&quot;:0}\">\n\t\t<div class=\"elementor-element elementor-element-7225b271 e-grid e-con-full e-con e-child\" data-id=\"7225b271\" data-element_type=\"container\" data-e-type=\"container\">\n\t\t\t\t<div class=\"elementor-element elementor-element-47e196ad elementor-widget elementor-widget-theme-site-logo elementor-widget-image\" data-id=\"47e196ad\" data-element_type=\"widget\" data-e-type=\"widget\" data-widget_type=\"theme-site-logo.default\">\n\t\t\t\t<div class=\"elementor-widget-container\">\n\t\t\t\t\t\t\t\t\t\t\t<a href=\"https:\/\/airevejer.es\/it\">\n\t\t\t<img decoding=\"async\" width=\"150\" height=\"150\" src=\"https:\/\/airevejer.es\/wp-content\/uploads\/2025\/12\/37EAE454-1607-4673-92E9-595A68030E3A-scaled.png\" class=\"attachment-thumbnail size-thumbnail wp-image-16\" alt=\"37EAE454 1607 4673 92E9 595A68030E3A Scaled\" srcset=\"https:\/\/airevejer.es\/wp-content\/uploads\/2025\/12\/37EAE454-1607-4673-92E9-595A68030E3A-scaled-150x150.png 150w, https:\/\/airevejer.es\/wp-content\/uploads\/2025\/12\/37EAE454-1607-4673-92E9-595A68030E3A-scaled-300x300.png 300w, https:\/\/airevejer.es\/wp-content\/uploads\/2025\/12\/37EAE454-1607-4673-92E9-595A68030E3A-scaled-1024x1024.png 1024w, https:\/\/airevejer.es\/wp-content\/uploads\/2025\/12\/37EAE454-1607-4673-92E9-595A68030E3A-scaled-768x768.png 768w, https:\/\/airevejer.es\/wp-content\/uploads\/2025\/12\/37EAE454-1607-4673-92E9-595A68030E3A-scaled-1536x1536.png 1536w, https:\/\/airevejer.es\/wp-content\/uploads\/2025\/12\/37EAE454-1607-4673-92E9-595A68030E3A-scaled-2048x2048.png 2048w, https:\/\/airevejer.es\/wp-content\/uploads\/2025\/12\/37EAE454-1607-4673-92E9-595A68030E3A-scaled-12x12.png 12w, https:\/\/airevejer.es\/wp-content\/uploads\/2025\/12\/37EAE454-1607-4673-92E9-595A68030E3A-scaled-600x600.png 600w, https:\/\/airevejer.es\/wp-content\/uploads\/2025\/12\/37EAE454-1607-4673-92E9-595A68030E3A-scaled-100x100.png 100w, https:\/\/airevejer.es\/wp-content\/uploads\/2025\/12\/37EAE454-1607-4673-92E9-595A68030E3A-scaled-144x144.png 144w\" sizes=\"(max-width: 150px) 100vw, 150px\" title=\"Condizioni di prenotazione\">\t\t\t\t<\/a>\n\t\t\t\t\t\t\t\t\t\t\t<\/div>\n\t\t\t\t<\/div>\n\t\t\t\t<div class=\"elementor-element elementor-element-56e8b49e elementor-nav-menu__align-center elementor-nav-menu--dropdown-tablet elementor-nav-menu__text-align-aside elementor-nav-menu--toggle elementor-nav-menu--burger elementor-widget elementor-widget-nav-menu\" data-id=\"56e8b49e\" data-element_type=\"widget\" data-e-type=\"widget\" data-settings=\"{&quot;layout&quot;:&quot;horizontal&quot;,&quot;submenu_icon&quot;:{&quot;value&quot;:&quot;&lt;i class=\\&quot;fas fa-caret-down\\&quot; aria-hidden=\\&quot;true\\&quot;&gt;&lt;\\\/i&gt;&quot;,&quot;library&quot;:&quot;fa-solid&quot;},&quot;toggle&quot;:&quot;burger&quot;}\" data-widget_type=\"nav-menu.default\">\n\t\t\t\t<div class=\"elementor-widget-container\">\n\t\t\t\t\t\t\t\t<nav aria-label=\"Menu\" class=\"elementor-nav-menu--main elementor-nav-menu__container elementor-nav-menu--layout-horizontal e--pointer-none\">\n\t\t\t\t<ul id=\"menu-1-56e8b49e\" class=\"elementor-nav-menu\"><li class=\"menu-item menu-item-type-post_type menu-item-object-page menu-item-154\"><a href=\"https:\/\/airevejer.es\/it\/amenities\/\" class=\"elementor-item menu-link\">SPAZI E SERVIZI<\/a><\/li>\n<li class=\"menu-item menu-item-type-post_type menu-item-object-page menu-item-155\"><a href=\"https:\/\/airevejer.es\/it\/rooms-2\/\" class=\"elementor-item menu-link\">CAMERE<\/a><\/li>\n<li class=\"menu-item menu-item-type-post_type menu-item-object-page menu-item-1249\"><a href=\"https:\/\/airevejer.es\/it\/el-entorno\/\" class=\"elementor-item menu-link\">L'AMBIENTE<\/a><\/li>\n<li class=\"menu-item menu-item-type-post_type menu-item-object-page menu-item-919\"><a href=\"https:\/\/airevejer.es\/it\/contacto\/\" class=\"elementor-item menu-link\">CONTATTO<\/a><\/li>\n<\/ul>\t\t\t<\/nav>\n\t\t\t\t\t<div class=\"elementor-menu-toggle\" role=\"button\" tabindex=\"0\" aria-label=\"Menu di commutazione\" aria-expanded=\"false\">\n\t\t\t<i aria-hidden=\"true\" role=\"presentation\" class=\"elementor-menu-toggle__icon--open eicon-menu-bar\"><\/i><i aria-hidden=\"true\" role=\"presentation\" class=\"elementor-menu-toggle__icon--close eicon-close\"><\/i>\t\t<\/div>\n\t\t\t\t\t<nav class=\"elementor-nav-menu--dropdown elementor-nav-menu__container\" aria-hidden=\"true\">\n\t\t\t\t<ul id=\"menu-2-56e8b49e\" class=\"elementor-nav-menu\"><li class=\"menu-item menu-item-type-post_type menu-item-object-page menu-item-154\"><a href=\"https:\/\/airevejer.es\/it\/amenities\/\" class=\"elementor-item menu-link\" tabindex=\"-1\">SPAZI E SERVIZI<\/a><\/li>\n<li class=\"menu-item menu-item-type-post_type menu-item-object-page menu-item-155\"><a href=\"https:\/\/airevejer.es\/it\/rooms-2\/\" class=\"elementor-item menu-link\" tabindex=\"-1\">CAMERE<\/a><\/li>\n<li class=\"menu-item menu-item-type-post_type menu-item-object-page menu-item-1249\"><a href=\"https:\/\/airevejer.es\/it\/el-entorno\/\" class=\"elementor-item menu-link\" tabindex=\"-1\">L'AMBIENTE<\/a><\/li>\n<li class=\"menu-item menu-item-type-post_type menu-item-object-page menu-item-919\"><a href=\"https:\/\/airevejer.es\/it\/contacto\/\" class=\"elementor-item menu-link\" tabindex=\"-1\">CONTATTO<\/a><\/li>\n<\/ul>\t\t\t<\/nav>\n\t\t\t\t\t\t<\/div>\n\t\t\t\t<\/div>\n\t\t\t\t<\/div>\n\t\t\t\t<\/div>\n\t\t<div class=\"elementor-element elementor-element-7544c5a e-flex e-con-boxed e-con e-parent\" data-id=\"7544c5a\" data-element_type=\"container\" data-e-type=\"container\">\n\t\t\t\t\t<div class=\"e-con-inner\">\n\t\t\t\t<div class=\"elementor-element elementor-element-9f96514 elementor-widget elementor-widget-heading\" data-id=\"9f96514\" data-element_type=\"widget\" data-e-type=\"widget\" data-widget_type=\"heading.default\">\n\t\t\t\t<div class=\"elementor-widget-container\">\n\t\t\t\t\t<h2 class=\"elementor-heading-title elementor-size-default\">Condiciones de reserva<\/h2>\t\t\t\t<\/div>\n\t\t\t\t<\/div>\n\t\t\t\t\t<\/div>\n\t\t\t\t<\/div>\n\t\t<div class=\"elementor-element elementor-element-ccf0787 e-flex e-con-boxed e-con e-parent\" data-id=\"ccf0787\" data-element_type=\"container\" data-e-type=\"container\">\n\t\t\t\t\t<div class=\"e-con-inner\">\n\t\t\t\t<div class=\"elementor-element elementor-element-80c1feb elementor-widget elementor-widget-text-editor\" data-id=\"80c1feb\" data-element_type=\"widget\" data-e-type=\"widget\" data-widget_type=\"text-editor.default\">\n\t\t\t\t<div class=\"elementor-widget-container\">\n\t\t\t\t\t\t\t\t\t<p class=\"p1\" style=\"text-align: center;\">1.<b> Proceso de reserva y pago<\/b><b><\/b><\/p><p class=\"p1\" style=\"text-align: center;\">Para realizar una reserva en nuestra web, el cliente deber\u00e1 abonar <b>el 100% del importe<\/b> en el momento de realizar la reserva.\u00a0<\/p><p class=\"p1\" style=\"text-align: center;\">Garantizamos el mejor precio y mayor flexibilidad de cancelaci\u00f3n ( hasta 3 d\u00edas antes de la llegada) en comparaci\u00f3n con otros canales de venta.<\/p><p class=\"p1\" style=\"text-align: center;\">\u2e3b<\/p><p class=\"p1\" style=\"text-align: center;\"><b>2. Pol\u00edtica de cancelaci\u00f3n<\/b><b><\/b><\/p><p class=\"p1\" style=\"text-align: center;\">El cliente podr\u00e1 <b>cancelar\u00a0 la reserva hasta 3 d\u00edas antes de la fecha de llegada<\/b>.<\/p><p class=\"p1\" style=\"text-align: center;\">En este caso, se reembolsar\u00e1 el importe pagado de\u00a0 la reserva.<\/p><p class=\"p1\" style=\"text-align: center;\">Las cancelaciones realizadas <b>fuera de este plazo<\/b> no dar\u00e1n derecho a reembolso, y se cobrar\u00e1 el <b>importe total de la reserva<\/b>.<\/p><p class=\"p1\" style=\"text-align: center;\">\u2e3b<\/p><p class=\"p1\" style=\"text-align: center;\"><b>3. No presentaci\u00f3n (No Show)<\/b><b><\/b><\/p><p class=\"p1\" style=\"text-align: center;\">En caso de <b>no presentarse el d\u00eda de llegada<\/b> sin previo aviso, el establecimiento cargar\u00e1 el <b>100 % del importe total de la reserva<\/b>, y la misma ser\u00e1 cancelada autom\u00e1ticamente.<\/p><p class=\"p1\" style=\"text-align: center;\">\u2e3b<\/p><p class=\"p1\" style=\"text-align: center;\"><b>4. Modificaciones de la reserva<\/b><b><\/b><\/p><p class=\"p1\" style=\"text-align: center;\">Cualquier solicitud de modificaci\u00f3n (fechas, n\u00famero de hu\u00e9spedes, tipo de habitaci\u00f3n, etc.) estar\u00e1 sujeta a disponibilidad y deber\u00e1 realizarse dentro de los plazos de cancelaci\u00f3n gratuita. El establecimiento se reserva el derecho de aceptar o rechazar dichas modificaciones.<\/p><p class=\"p1\" style=\"text-align: center;\">\u2e3b<\/p><p class=\"p1\" style=\"text-align: center;\"><strong>5. Responsabilidad por da\u00f1os:<\/strong><\/p><p style=\"text-align: center;\">El hu\u00e9sped ser\u00e1 responsable de cualquier da\u00f1o, desperfecto o p\u00e9rdida ocasionada en las instalaciones, mobiliario o equipamiento del hostal durante su estancia. El importe correspondiente a la reparaci\u00f3n o resposici\u00f3n de dichos da\u00f1os ser\u00e1 a cargo del hu\u00e9sped.<\/p><p style=\"text-align: center;\"><strong>6. Otras condiciones particulares<\/strong><\/p><p style=\"text-align: center;\"><span style=\"font-style: inherit; font-weight: inherit;\">&#8211; Horario de entrada (check in)\u00a0 a partir de las 13:00h y check out\u00a0 hasta las 11.00h<\/span><\/p><p style=\"text-align: center;\"><span style=\"font-style: inherit; font-weight: inherit;\">&#8211; No se admiten mascotas, salvo perros gu\u00edas con su correspondiente certificaci\u00f3n.<\/span><\/p><p style=\"text-align: center;\"><span style=\"font-style: inherit; font-weight: inherit;\">\u00a0<\/span><\/p><p class=\"p1\" style=\"text-align: center;\"><b>7. Condiciones generales<\/b><b><\/b><\/p><p class=\"p1\" style=\"text-align: center;\">\u2022Los precios incluyen los impuestos aplicables, salvo que se indique lo contrario.<\/p><p class=\"p1\" style=\"text-align: center;\">\u2022El establecimiento se reserva el derecho de cancelar la reserva en caso de que el m\u00e9todo de pago no sea v\u00e1lido o el cobro no pueda realizarse.<\/p><p class=\"p3\" style=\"text-align: center;\">\u2022Al completar la reserva, el cliente declara haber le\u00eddo y aceptado las presentes condiciones.<\/p><p style=\"text-align: center;\">Para cualquier consulta puede ponerse en contacto a trav\u00e9s de <strong>info@airevejer.es<\/strong><\/p>\t\t\t\t\t\t\t\t<\/div>\n\t\t\t\t<\/div>\n\t\t\t\t\t<\/div>\n\t\t\t\t<\/div>\n\t\t<div class=\"elementor-element elementor-element-90562ca e-flex e-con-boxed e-con e-parent\" data-id=\"90562ca\" data-element_type=\"container\" data-e-type=\"container\">\n\t\t\t\t\t<div class=\"e-con-inner\">\n\t\t\t\t<div class=\"elementor-element elementor-element-f8e5f90 elementor-widget elementor-widget-image\" data-id=\"f8e5f90\" data-element_type=\"widget\" data-e-type=\"widget\" data-widget_type=\"image.default\">\n\t\t\t\t<div class=\"elementor-widget-container\">\n\t\t\t\t\t\t\t\t\t\t\t\t\t\t\t<img decoding=\"async\" width=\"150\" height=\"150\" src=\"https:\/\/airevejer.es\/wp-content\/uploads\/2025\/12\/99406FFE-D393-4936-9DCB-5F3A69EF0A72-150x150.png\" class=\"attachment-thumbnail size-thumbnail wp-image-802\" alt=\"99406ffe d393 4936 9dcb 5f3a69ef0a72\" srcset=\"https:\/\/airevejer.es\/wp-content\/uploads\/2025\/12\/99406FFE-D393-4936-9DCB-5F3A69EF0A72-150x150.png 150w, https:\/\/airevejer.es\/wp-content\/uploads\/2025\/12\/99406FFE-D393-4936-9DCB-5F3A69EF0A72-100x100.png 100w\" sizes=\"(max-width: 150px) 100vw, 150px\" title=\"Condizioni di prenotazione\">\t\t\t\t\t\t\t\t\t\t\t\t\t\t\t<\/div>\n\t\t\t\t<\/div>\n\t\t\t\t\t<\/div>\n\t\t\t\t<\/div>\n\t\t<div class=\"elementor-element elementor-element-cd66bb4 e-flex e-con-boxed e-con e-parent\" data-id=\"cd66bb4\" data-element_type=\"container\" data-e-type=\"container\">\n\t\t\t\t\t<div class=\"e-con-inner\">\n\t\t<div class=\"elementor-element elementor-element-2b17f39 e-con-full e-flex e-con e-child\" data-id=\"2b17f39\" data-element_type=\"container\" data-e-type=\"container\">\n\t\t<div class=\"elementor-element elementor-element-fefb353 e-grid e-con-full e-con e-child\" data-id=\"fefb353\" data-element_type=\"container\" data-e-type=\"container\">\n\t\t\t\t<div class=\"elementor-element elementor-element-db0257e elementor-nav-menu__align-center elementor-nav-menu--dropdown-tablet elementor-nav-menu__text-align-aside elementor-widget elementor-widget-nav-menu\" data-id=\"db0257e\" data-element_type=\"widget\" data-e-type=\"widget\" data-settings=\"{&quot;layout&quot;:&quot;vertical&quot;,&quot;submenu_icon&quot;:{&quot;value&quot;:&quot;&lt;i class=\\&quot;fas fa-caret-down\\&quot; aria-hidden=\\&quot;true\\&quot;&gt;&lt;\\\/i&gt;&quot;,&quot;library&quot;:&quot;fa-solid&quot;}}\" data-widget_type=\"nav-menu.default\">\n\t\t\t\t<div class=\"elementor-widget-container\">\n\t\t\t\t\t\t\t\t<nav aria-label=\"Menu\" class=\"elementor-nav-menu--main elementor-nav-menu__container elementor-nav-menu--layout-vertical e--pointer-none\">\n\t\t\t\t<ul id=\"menu-1-db0257e\" class=\"elementor-nav-menu sm-vertical\"><li class=\"menu-item menu-item-type-post_type menu-item-object-page menu-item-154\"><a href=\"https:\/\/airevejer.es\/it\/amenities\/\" class=\"elementor-item menu-link\">SPAZI E SERVIZI<\/a><\/li>\n<li class=\"menu-item menu-item-type-post_type menu-item-object-page menu-item-155\"><a href=\"https:\/\/airevejer.es\/it\/rooms-2\/\" class=\"elementor-item menu-link\">CAMERE<\/a><\/li>\n<li class=\"menu-item menu-item-type-post_type menu-item-object-page menu-item-1249\"><a href=\"https:\/\/airevejer.es\/it\/el-entorno\/\" class=\"elementor-item menu-link\">L'AMBIENTE<\/a><\/li>\n<li class=\"menu-item menu-item-type-post_type menu-item-object-page menu-item-919\"><a href=\"https:\/\/airevejer.es\/it\/contacto\/\" class=\"elementor-item menu-link\">CONTATTO<\/a><\/li>\n<\/ul>\t\t\t<\/nav>\n\t\t\t\t\t\t<nav class=\"elementor-nav-menu--dropdown elementor-nav-menu__container\" aria-hidden=\"true\">\n\t\t\t\t<ul id=\"menu-2-db0257e\" class=\"elementor-nav-menu sm-vertical\"><li class=\"menu-item menu-item-type-post_type menu-item-object-page menu-item-154\"><a href=\"https:\/\/airevejer.es\/it\/amenities\/\" class=\"elementor-item menu-link\" tabindex=\"-1\">SPAZI E SERVIZI<\/a><\/li>\n<li class=\"menu-item menu-item-type-post_type menu-item-object-page menu-item-155\"><a href=\"https:\/\/airevejer.es\/it\/rooms-2\/\" class=\"elementor-item menu-link\" tabindex=\"-1\">CAMERE<\/a><\/li>\n<li class=\"menu-item menu-item-type-post_type menu-item-object-page menu-item-1249\"><a href=\"https:\/\/airevejer.es\/it\/el-entorno\/\" class=\"elementor-item menu-link\" tabindex=\"-1\">L'AMBIENTE<\/a><\/li>\n<li class=\"menu-item menu-item-type-post_type menu-item-object-page menu-item-919\"><a href=\"https:\/\/airevejer.es\/it\/contacto\/\" class=\"elementor-item menu-link\" tabindex=\"-1\">CONTATTO<\/a><\/li>\n<\/ul>\t\t\t<\/nav>\n\t\t\t\t\t\t<\/div>\n\t\t\t\t<\/div>\n\t\t\t\t<div class=\"elementor-element elementor-element-2a8de77 elementor-widget elementor-widget-text-editor\" data-id=\"2a8de77\" data-element_type=\"widget\" data-e-type=\"widget\" data-widget_type=\"text-editor.default\">\n\t\t\t\t<div class=\"elementor-widget-container\">\n\t\t\t\t\t\t\t\t\t<h6>Ostello boutique AIRE VEJER<\/h6><p>\u00a0<\/p><p>La Barca de Vejer s\/n<\/p><p>Vejer de la Frontera (C\u00e1diz)<\/p><p>info@airevejer.es<\/p><p>638805946<\/p>\t\t\t\t\t\t\t\t<\/div>\n\t\t\t\t<\/div>\n\t\t\t\t<div class=\"elementor-element elementor-element-1dc0c75 elementor-nav-menu__align-center elementor-nav-menu--dropdown-tablet elementor-nav-menu__text-align-aside elementor-widget elementor-widget-nav-menu\" data-id=\"1dc0c75\" data-element_type=\"widget\" data-e-type=\"widget\" data-settings=\"{&quot;layout&quot;:&quot;vertical&quot;,&quot;submenu_icon&quot;:{&quot;value&quot;:&quot;&lt;i class=\\&quot;fas fa-caret-down\\&quot; aria-hidden=\\&quot;true\\&quot;&gt;&lt;\\\/i&gt;&quot;,&quot;library&quot;:&quot;fa-solid&quot;}}\" data-widget_type=\"nav-menu.default\">\n\t\t\t\t<div class=\"elementor-widget-container\">\n\t\t\t\t\t\t\t\t<nav aria-label=\"Menu\" class=\"elementor-nav-menu--main elementor-nav-menu__container elementor-nav-menu--layout-vertical e--pointer-none\">\n\t\t\t\t<ul id=\"menu-1-1dc0c75\" class=\"elementor-nav-menu sm-vertical\"><li class=\"menu-item menu-item-type-post_type menu-item-object-page menu-item-972\"><a href=\"https:\/\/airevejer.es\/it\/politica-de-cookies\/\" class=\"elementor-item menu-link\">Informativa sui cookie<\/a><\/li>\n<li class=\"menu-item menu-item-type-post_type menu-item-object-page menu-item-985\"><a href=\"https:\/\/airevejer.es\/it\/elementor-975\/\" class=\"elementor-item menu-link\">Avviso legale<\/a><\/li>\n<li class=\"menu-item menu-item-type-post_type menu-item-object-page menu-item-privacy-policy menu-item-1328\"><a rel=\"privacy-policy\" href=\"https:\/\/airevejer.es\/it\/politicas-de-privacidad\/\" class=\"elementor-item menu-link\">Informativa sulla privacy<\/a><\/li>\n<li class=\"menu-item menu-item-type-post_type menu-item-object-page menu-item-1952\"><a href=\"https:\/\/airevejer.es\/it\/condiciones-de-reserva\/\" class=\"elementor-item menu-link\">Condizioni di prenotazione<\/a><\/li>\n<\/ul>\t\t\t<\/nav>\n\t\t\t\t\t\t<nav class=\"elementor-nav-menu--dropdown elementor-nav-menu__container\" aria-hidden=\"true\">\n\t\t\t\t<ul id=\"menu-2-1dc0c75\" class=\"elementor-nav-menu sm-vertical\"><li class=\"menu-item menu-item-type-post_type menu-item-object-page menu-item-972\"><a href=\"https:\/\/airevejer.es\/it\/politica-de-cookies\/\" class=\"elementor-item menu-link\" tabindex=\"-1\">Informativa sui cookie<\/a><\/li>\n<li class=\"menu-item menu-item-type-post_type menu-item-object-page menu-item-985\"><a href=\"https:\/\/airevejer.es\/it\/elementor-975\/\" class=\"elementor-item menu-link\" tabindex=\"-1\">Avviso legale<\/a><\/li>\n<li class=\"menu-item menu-item-type-post_type menu-item-object-page menu-item-privacy-policy menu-item-1328\"><a rel=\"privacy-policy\" href=\"https:\/\/airevejer.es\/it\/politicas-de-privacidad\/\" class=\"elementor-item menu-link\" tabindex=\"-1\">Informativa sulla privacy<\/a><\/li>\n<li class=\"menu-item menu-item-type-post_type menu-item-object-page menu-item-1952\"><a href=\"https:\/\/airevejer.es\/it\/condiciones-de-reserva\/\" class=\"elementor-item menu-link\" tabindex=\"-1\">Condizioni di prenotazione<\/a><\/li>\n<\/ul>\t\t\t<\/nav>\n\t\t\t\t\t\t<\/div>\n\t\t\t\t<\/div>\n\t\t\t\t<\/div>\n\t\t\t\t<\/div>\n\t\t\t\t\t<\/div>\n\t\t\t\t<\/div>\n\t\t<div class=\"elementor-element elementor-element-752c026 e-flex e-con-boxed e-con e-parent\" data-id=\"752c026\" data-element_type=\"container\" data-e-type=\"container\">\n\t\t\t\t\t<div class=\"e-con-inner\">\n\t\t\t\t<div class=\"elementor-element elementor-element-67276b2 elementor-widget elementor-widget-copyright\" data-id=\"67276b2\" data-element_type=\"widget\" data-e-type=\"widget\" data-widget_type=\"copyright.default\">\n\t\t\t\t<div class=\"elementor-widget-container\">\n\t\t\t\t\t\t\t<div class=\"hfe-copyright-wrapper\">\n\t\t\t\t\t\t\t<span>Copyright \u00a9 2026 AIRE Vejer<\/span>\n\t\t\t\t\t<\/div>\n\t\t\t\t\t\t<\/div>\n\t\t\t\t<\/div>\n\t\t\t\t\t<\/div>\n\t\t\t\t<\/div>\n\t\t\t\t<\/div>","protected":false},"excerpt":{"rendered":"<p>Condiciones de reserva 1. Proceso de reserva y pago Para realizar una reserva en nuestra web, el cliente deber\u00e1 abonar el 100% del importe en el momento de realizar la reserva.\u00a0 Garantizamos el mejor precio y mayor flexibilidad de cancelaci\u00f3n ( hasta 3 d\u00edas antes de la llegada) en comparaci\u00f3n con otros canales de venta. [&hellip;]<\/p>","protected":false},"author":1,"featured_media":0,"parent":0,"menu_order":0,"comment_status":"closed","ping_status":"closed","template":"","meta":{"_uag_custom_page_level_css":"","site-sidebar-layout":"no-sidebar","site-content-layout":"page-builder","ast-site-content-layout":"full-width-container","site-content-style":"default","site-sidebar-style":"default","ast-global-header-display":"","ast-banner-title-visibility":"","ast-main-header-display":"","ast-hfb-above-header-display":"","ast-hfb-below-header-display":"","ast-hfb-mobile-header-display":"","site-post-title":"disabled","ast-breadcrumbs-content":"","ast-featured-img":"disabled","footer-sml-layout":"","ast-disable-related-posts":"","theme-transparent-header-meta":"","adv-header-id-meta":"","stick-header-meta":"","header-above-stick-meta":"","header-main-stick-meta":"","header-below-stick-meta":"","astra-migrate-meta-layouts":"set","ast-page-background-enabled":"default","ast-page-background-meta":{"desktop":{"background-color":"","background-image":"","background-repeat":"repeat","background-position":"center center","background-size":"auto","background-attachment":"scroll","background-type":"","background-media":"","overlay-type":"","overlay-color":"","overlay-opacity":"","overlay-gradient":""},"tablet":{"background-color":"","background-image":"","background-repeat":"repeat","background-position":"center center","background-size":"auto","background-attachment":"scroll","background-type":"","background-media":"","overlay-type":"","overlay-color":"","overlay-opacity":"","overlay-gradient":""},"mobile":{"background-color":"","background-image":"","background-repeat":"repeat","background-position":"center center","background-size":"auto","background-attachment":"scroll","background-type":"","background-media":"","overlay-type":"","overlay-color":"","overlay-opacity":"","overlay-gradient":""}},"ast-content-background-meta":{"desktop":{"background-color":"var(--ast-global-color-5)","background-image":"","background-repeat":"repeat","background-position":"center center","background-size":"auto","background-attachment":"scroll","background-type":"","background-media":"","overlay-type":"","overlay-color":"","overlay-opacity":"","overlay-gradient":""},"tablet":{"background-color":"var(--ast-global-color-5)","background-image":"","background-repeat":"repeat","background-position":"center center","background-size":"auto","background-attachment":"scroll","background-type":"","background-media":"","overlay-type":"","overlay-color":"","overlay-opacity":"","overlay-gradient":""},"mobile":{"background-color":"var(--ast-global-color-5)","background-image":"","background-repeat":"repeat","background-position":"center center","background-size":"auto","background-attachment":"scroll","background-type":"","background-media":"","overlay-type":"","overlay-color":"","overlay-opacity":"","overlay-gradient":""}},"footnotes":""},"class_list":["post-1910","page","type-page","status-publish","hentry"],"_hostinger_reach_plugin_has_subscription_block":false,"_hostinger_reach_plugin_is_elementor":false,"uagb_featured_image_src":{"full":false,"thumbnail":false,"medium":false,"medium_large":false,"large":false,"1536x1536":false,"2048x2048":false,"trp-custom-language-flag":false},"uagb_author_info":{"display_name":"aire","author_link":"https:\/\/airevejer.es\/it\/author\/aire\/"},"uagb_comment_info":0,"uagb_excerpt":"Condiciones de reserva 1. Proceso de reserva y pago Para realizar una reserva en nuestra web, el cliente deber\u00e1 abonar el 100% del importe en el momento de realizar la reserva.\u00a0 Garantizamos el mejor precio y mayor flexibilidad de cancelaci\u00f3n ( hasta 3 d\u00edas antes de la llegada) en comparaci\u00f3n con otros canales de venta.&hellip;","_links":{"self":[{"href":"https:\/\/airevejer.es\/it\/wp-json\/wp\/v2\/pages\/1910","targetHints":{"allow":["GET"]}}],"collection":[{"href":"https:\/\/airevejer.es\/it\/wp-json\/wp\/v2\/pages"}],"about":[{"href":"https:\/\/airevejer.es\/it\/wp-json\/wp\/v2\/types\/page"}],"author":[{"embeddable":true,"href":"https:\/\/airevejer.es\/it\/wp-json\/wp\/v2\/users\/1"}],"replies":[{"embeddable":true,"href":"https:\/\/airevejer.es\/it\/wp-json\/wp\/v2\/comments?post=1910"}],"version-history":[{"count":37,"href":"https:\/\/airevejer.es\/it\/wp-json\/wp\/v2\/pages\/1910\/revisions"}],"predecessor-version":[{"id":2317,"href":"https:\/\/airevejer.es\/it\/wp-json\/wp\/v2\/pages\/1910\/revisions\/2317"}],"wp:attachment":[{"href":"https:\/\/airevejer.es\/it\/wp-json\/wp\/v2\/media?parent=1910"}],"curies":[{"name":"wp","href":"https:\/\/api.w.org\/{rel}","templated":true}]}}