{"id":1910,"date":"2026-01-10T17:13:12","date_gmt":"2026-01-10T17:13:12","guid":{"rendered":"https:\/\/airevejer.es\/?page_id=1910"},"modified":"2026-02-25T17:03:46","modified_gmt":"2026-02-25T17:03:46","slug":"condiciones-de-reserva","status":"publish","type":"page","link":"https:\/\/airevejer.es\/zh\/condiciones-de-reserva\/","title":{"rendered":"\u9884\u8ba2\u6761\u4ef6"},"content":{"rendered":"<div data-elementor-type=\"wp-page\" data-elementor-id=\"1910\" class=\"elementor elementor-1910\" data-elementor-post-type=\"page\">\n\t\t\t\t<div class=\"elementor-element elementor-element-1e0b9416 e-con-full e-flex e-con e-parent\" data-id=\"1e0b9416\" data-element_type=\"container\" data-e-type=\"container\" data-settings=\"{&quot;background_background&quot;:&quot;classic&quot;,&quot;sticky&quot;:&quot;top&quot;,&quot;sticky_on&quot;:[&quot;desktop&quot;,&quot;tablet&quot;,&quot;mobile&quot;],&quot;sticky_offset&quot;:0,&quot;sticky_effects_offset&quot;:0,&quot;sticky_anchor_link_offset&quot;:0}\">\n\t\t<div class=\"elementor-element elementor-element-7225b271 e-grid e-con-full e-con e-child\" data-id=\"7225b271\" data-element_type=\"container\" data-e-type=\"container\">\n\t\t\t\t<div class=\"elementor-element elementor-element-47e196ad elementor-widget elementor-widget-theme-site-logo elementor-widget-image\" data-id=\"47e196ad\" data-element_type=\"widget\" data-e-type=\"widget\" data-widget_type=\"theme-site-logo.default\">\n\t\t\t\t<div class=\"elementor-widget-container\">\n\t\t\t\t\t\t\t\t\t\t\t<a href=\"https:\/\/airevejer.es\/zh\">\n\t\t\t<img decoding=\"async\" width=\"150\" height=\"150\" src=\"https:\/\/airevejer.es\/wp-content\/uploads\/2025\/12\/37EAE454-1607-4673-92E9-595A68030E3A-scaled.png\" class=\"attachment-thumbnail size-thumbnail wp-image-16\" alt=\"37EAE454 1607 4673 92E9 595A68030E3A Scaled\" srcset=\"https:\/\/airevejer.es\/wp-content\/uploads\/2025\/12\/37EAE454-1607-4673-92E9-595A68030E3A-scaled-150x150.png 150w, https:\/\/airevejer.es\/wp-content\/uploads\/2025\/12\/37EAE454-1607-4673-92E9-595A68030E3A-scaled-300x300.png 300w, https:\/\/airevejer.es\/wp-content\/uploads\/2025\/12\/37EAE454-1607-4673-92E9-595A68030E3A-scaled-1024x1024.png 1024w, https:\/\/airevejer.es\/wp-content\/uploads\/2025\/12\/37EAE454-1607-4673-92E9-595A68030E3A-scaled-768x768.png 768w, https:\/\/airevejer.es\/wp-content\/uploads\/2025\/12\/37EAE454-1607-4673-92E9-595A68030E3A-scaled-1536x1536.png 1536w, https:\/\/airevejer.es\/wp-content\/uploads\/2025\/12\/37EAE454-1607-4673-92E9-595A68030E3A-scaled-2048x2048.png 2048w, https:\/\/airevejer.es\/wp-content\/uploads\/2025\/12\/37EAE454-1607-4673-92E9-595A68030E3A-scaled-12x12.png 12w, https:\/\/airevejer.es\/wp-content\/uploads\/2025\/12\/37EAE454-1607-4673-92E9-595A68030E3A-scaled-600x600.png 600w, https:\/\/airevejer.es\/wp-content\/uploads\/2025\/12\/37EAE454-1607-4673-92E9-595A68030E3A-scaled-100x100.png 100w, https:\/\/airevejer.es\/wp-content\/uploads\/2025\/12\/37EAE454-1607-4673-92E9-595A68030E3A-scaled-144x144.png 144w\" sizes=\"(max-width: 150px) 100vw, 150px\" title=\"\u9884\u8ba2\u6761\u4ef6\">\t\t\t\t<\/a>\n\t\t\t\t\t\t\t\t\t\t\t<\/div>\n\t\t\t\t<\/div>\n\t\t\t\t<div class=\"elementor-element elementor-element-56e8b49e elementor-nav-menu__align-center elementor-nav-menu--dropdown-tablet elementor-nav-menu__text-align-aside elementor-nav-menu--toggle elementor-nav-menu--burger elementor-widget elementor-widget-nav-menu\" data-id=\"56e8b49e\" data-element_type=\"widget\" data-e-type=\"widget\" data-settings=\"{&quot;layout&quot;:&quot;horizontal&quot;,&quot;submenu_icon&quot;:{&quot;value&quot;:&quot;&lt;i class=\\&quot;fas fa-caret-down\\&quot; aria-hidden=\\&quot;true\\&quot;&gt;&lt;\\\/i&gt;&quot;,&quot;library&quot;:&quot;fa-solid&quot;},&quot;toggle&quot;:&quot;burger&quot;}\" data-widget_type=\"nav-menu.default\">\n\t\t\t\t<div class=\"elementor-widget-container\">\n\t\t\t\t\t\t\t\t<nav aria-label=\"\u83dc\u5355\" class=\"elementor-nav-menu--main elementor-nav-menu__container elementor-nav-menu--layout-horizontal e--pointer-none\">\n\t\t\t\t<ul id=\"menu-1-56e8b49e\" class=\"elementor-nav-menu\"><li class=\"menu-item menu-item-type-post_type menu-item-object-page menu-item-154\"><a href=\"https:\/\/airevejer.es\/zh\/amenities\/\" class=\"elementor-item menu-link\">\u7a7a\u95f4\u548c\u670d\u52a1<\/a><\/li>\n<li class=\"menu-item menu-item-type-post_type menu-item-object-page menu-item-155\"><a href=\"https:\/\/airevejer.es\/zh\/rooms-2\/\" class=\"elementor-item menu-link\">\u623f\u95f4<\/a><\/li>\n<li class=\"menu-item menu-item-type-post_type menu-item-object-page menu-item-1249\"><a href=\"https:\/\/airevejer.es\/zh\/el-entorno\/\" class=\"elementor-item menu-link\">\u73af\u5883<\/a><\/li>\n<li class=\"menu-item menu-item-type-post_type menu-item-object-page menu-item-919\"><a href=\"https:\/\/airevejer.es\/zh\/contacto\/\" class=\"elementor-item menu-link\">\u8054\u7cfb<\/a><\/li>\n<\/ul>\t\t\t<\/nav>\n\t\t\t\t\t<div class=\"elementor-menu-toggle\" role=\"button\" tabindex=\"0\" aria-label=\"Menu Toggle\" aria-expanded=\"false\">\n\t\t\t<i aria-hidden=\"true\" role=\"presentation\" class=\"elementor-menu-toggle__icon--open eicon-menu-bar\"><\/i><i aria-hidden=\"true\" role=\"presentation\" class=\"elementor-menu-toggle__icon--close eicon-close\"><\/i>\t\t<\/div>\n\t\t\t\t\t<nav class=\"elementor-nav-menu--dropdown elementor-nav-menu__container\" aria-hidden=\"true\">\n\t\t\t\t<ul id=\"menu-2-56e8b49e\" class=\"elementor-nav-menu\"><li class=\"menu-item menu-item-type-post_type menu-item-object-page menu-item-154\"><a href=\"https:\/\/airevejer.es\/zh\/amenities\/\" class=\"elementor-item menu-link\" tabindex=\"-1\">\u7a7a\u95f4\u548c\u670d\u52a1<\/a><\/li>\n<li class=\"menu-item menu-item-type-post_type menu-item-object-page menu-item-155\"><a href=\"https:\/\/airevejer.es\/zh\/rooms-2\/\" class=\"elementor-item menu-link\" tabindex=\"-1\">\u623f\u95f4<\/a><\/li>\n<li class=\"menu-item menu-item-type-post_type menu-item-object-page menu-item-1249\"><a href=\"https:\/\/airevejer.es\/zh\/el-entorno\/\" class=\"elementor-item menu-link\" tabindex=\"-1\">\u73af\u5883<\/a><\/li>\n<li class=\"menu-item menu-item-type-post_type menu-item-object-page menu-item-919\"><a href=\"https:\/\/airevejer.es\/zh\/contacto\/\" class=\"elementor-item menu-link\" tabindex=\"-1\">\u8054\u7cfb<\/a><\/li>\n<\/ul>\t\t\t<\/nav>\n\t\t\t\t\t\t<\/div>\n\t\t\t\t<\/div>\n\t\t\t\t<\/div>\n\t\t\t\t<\/div>\n\t\t<div class=\"elementor-element elementor-element-7544c5a e-flex e-con-boxed e-con e-parent\" data-id=\"7544c5a\" data-element_type=\"container\" data-e-type=\"container\">\n\t\t\t\t\t<div class=\"e-con-inner\">\n\t\t\t\t<div class=\"elementor-element elementor-element-9f96514 elementor-widget elementor-widget-heading\" data-id=\"9f96514\" data-element_type=\"widget\" data-e-type=\"widget\" data-widget_type=\"heading.default\">\n\t\t\t\t<div class=\"elementor-widget-container\">\n\t\t\t\t\t<h2 class=\"elementor-heading-title elementor-size-default\">\u9884\u8ba2\u6761\u6b3e<\/h2>\t\t\t\t<\/div>\n\t\t\t\t<\/div>\n\t\t\t\t\t<\/div>\n\t\t\t\t<\/div>\n\t\t<div class=\"elementor-element elementor-element-ccf0787 e-flex e-con-boxed e-con e-parent\" data-id=\"ccf0787\" data-element_type=\"container\" data-e-type=\"container\">\n\t\t\t\t\t<div class=\"e-con-inner\">\n\t\t\t\t<div class=\"elementor-element elementor-element-80c1feb elementor-widget elementor-widget-text-editor\" data-id=\"80c1feb\" data-element_type=\"widget\" data-e-type=\"widget\" data-widget_type=\"text-editor.default\">\n\t\t\t\t<div class=\"elementor-widget-container\">\n\t\t\t\t\t\t\t\t\t<p class=\"p1\" style=\"text-align: center;\">1.<b> \u9884\u8ba2\u548c\u4ed8\u6b3e\u6d41\u7a0b<\/b><b><\/b><\/p><p class=\"p1\" style=\"text-align: center;\">\u8981\u5728\u6211\u4eec\u7684\u7f51\u7ad9\u4e0a\u8fdb\u884c\u9884\u8ba2\uff0c\u5ba2\u6237\u9700\u8981\u652f\u4ed8 <b>100% \u7684\u91d1\u989d<\/b> \u5728\u9884\u8ba2\u65f6\u3002.\u00a0<\/p><p class=\"p1\" style=\"text-align: center;\">\u6211\u4eec\u4fdd\u8bc1\u5728\u4e0e\u5176\u4ed6\u9500\u552e\u6e20\u9053\u76f8\u6bd4\uff0c\u63d0\u4f9b\u6700\u4f18\u60e0\u7684\u4ef7\u683c\u548c\u6700\u7075\u6d3b\u7684\u53d6\u6d88\u653f\u7b56\uff08\u6700\u665a\u5165\u4f4f\u524d 3 \u5929\uff09\u3002.<\/p><p class=\"p1\" style=\"text-align: center;\">\u2e3b<\/p><p class=\"p1\" style=\"text-align: center;\"><b>2. \u53d6\u6d88\u653f\u7b56<\/b><b><\/b><\/p><p class=\"p1\" style=\"text-align: center;\">\u5ba2\u6237\u53ef\u4ee5 <b>\u53d6\u6d88\u9884\u8ba2\uff0c\u6700\u665a\u5728\u62b5\u8fbe\u65e5\u671f\u524d 3 \u5929<\/b>.<\/p><p class=\"p1\" style=\"text-align: center;\">\u5728\u8fd9\u79cd\u60c5\u51b5\u4e0b\uff0c\u5c06\u9000\u8fd8\u9884\u8ba2\u7684\u4ed8\u6b3e\u91d1\u989d\u3002.<\/p><p class=\"p1\" style=\"text-align: center;\">\u5df2\u53d6\u6d88\u7684 <b>\u5728\u8fd9\u4e2a\u671f\u9650\u4e4b\u5916<\/b> \u4e0d\u4f1a\u9000\u6b3e\uff0c\u5e76\u4e14\u4f1a\u6536\u53d6 <b>\u603b\u50a8\u5907\u91d1\u989d<\/b>.<\/p><p class=\"p1\" style=\"text-align: center;\">\u2e3b<\/p><p class=\"p1\" style=\"text-align: center;\"><b>3. \u672a\u5230 (No Show)<\/b><b><\/b><\/p><p class=\"p1\" style=\"text-align: center;\">\u4e07\u4e00 <b>\u4e0d\u6309\u65f6\u5230\u8fbe<\/b> \u672a\u7ecf\u4e8b\u5148\u901a\u77e5\uff0c\u672c\u516c\u53f8\u5c06\u6536\u53d6 <b>\u9884\u8ba2\u603b\u91d1\u989d\u7684 100 %<\/b>, \uff0c\u5e76\u5c06\u81ea\u52a8\u53d6\u6d88\u3002.<\/p><p class=\"p1\" style=\"text-align: center;\">\u2e3b<\/p><p class=\"p1\" style=\"text-align: center;\"><b>4. \u9884\u8ba2\u4fee\u6539<\/b><b><\/b><\/p><p class=\"p1\" style=\"text-align: center;\">\u4efb\u4f55\u4fee\u6539\u8bf7\u6c42\uff08\u65e5\u671f\u3001\u5ba2\u4eba\u4eba\u6570\u3001\u623f\u95f4\u7c7b\u578b\u7b49\uff09\u5747\u9700\u89c6\u60c5\u51b5\u800c\u5b9a\uff0c\u5e76\u4e14\u5fc5\u987b\u5728\u514d\u8d39\u53d6\u6d88\u671f\u5185\u63d0\u51fa\u3002\u672c\u9152\u5e97\u4fdd\u7559\u63a5\u53d7\u6216\u62d2\u7edd\u6b64\u7c7b\u4fee\u6539\u7684\u6743\u5229\u3002.<\/p><p class=\"p1\" style=\"text-align: center;\">\u2e3b<\/p><p class=\"p1\" style=\"text-align: center;\"><strong>5. \u635f\u5bb3\u8d54\u507f\u8d23\u4efb\uff1a<\/strong><\/p><p style=\"text-align: center;\">\u5ba2\u4eba\u5c06\u8d1f\u8d23\u5728\u5176\u5165\u4f4f\u671f\u95f4\u5bf9\u65c5\u9986\u7684\u8bbe\u65bd\u3001\u5bb6\u5177\u6216\u8bbe\u5907\u9020\u6210\u7684\u4efb\u4f55\u635f\u574f\u3001\u7f3a\u9677\u6216\u635f\u5931\u3002\u4fee\u590d\u6216\u66f4\u6362\u6b64\u7c7b\u635f\u5bb3\u7684\u8d39\u7528\u5c06\u7531\u5ba2\u4eba\u627f\u62c5\u3002.<\/p><p style=\"text-align: center;\"><strong>6. \u5176\u4ed6\u7279\u6b8a\u6761\u4ef6<\/strong><\/p><p style=\"text-align: center;\"><span style=\"font-style: inherit; font-weight: inherit;\">\u5165\u4f4f\u65f6\u95f4\uff08check in\uff09\u4e3a\u4e0b\u5348 1:00 \u8d77\uff0c\u9000\u623f\u65f6\u95f4\uff08check out\uff09\u4e3a\u4e0a\u5348 11:00 \u524d\u3002<\/span><\/p><p style=\"text-align: center;\"><span style=\"font-style: inherit; font-weight: inherit;\">\u2013 \u9664\u975e\u6301\u6709\u76f8\u5e94\u8ba4\u8bc1\u7684\u5bfc\u76f2\u72ac\uff0c\u5426\u5219\u4e0d\u5141\u8bb8\u643a\u5e26\u5ba0\u7269\u3002.<\/span><\/p><p style=\"text-align: center;\"><span style=\"font-style: inherit; font-weight: inherit;\">\u00a0<\/span><\/p><p class=\"p1\" style=\"text-align: center;\"><b>7. \u901a\u7528\u6761\u6b3e<\/b><b><\/b><\/p><p class=\"p1\" style=\"text-align: center;\">\u2022\u4ef7\u683c\u5305\u542b\u9002\u7528\u7684\u7a0e\u8d39\uff0c\u9664\u975e\u53e6\u6709\u8bf4\u660e\u3002.<\/p><p class=\"p1\" style=\"text-align: center;\">\u672c\u9152\u5e97\u4fdd\u7559\u56e0\u4ed8\u6b3e\u65b9\u5f0f\u65e0\u6548\u6216\u65e0\u6cd5\u6536\u6b3e\u800c\u53d6\u6d88\u9884\u8ba2\u7684\u6743\u5229\u3002.<\/p><p class=\"p3\" style=\"text-align: center;\">\u5b8c\u6210\u9884\u8ba2\u540e\uff0c\u5ba2\u6237\u5373\u58f0\u660e\u5df2\u9605\u8bfb\u5e76\u63a5\u53d7\u672c\u6761\u6b3e\u3002.<\/p><p style=\"text-align: center;\">\u5982\u9700\u4efb\u4f55\u54a8\u8be2\uff0c\u8bf7\u901a\u8fc7\u4ee5\u4e0b\u65b9\u5f0f\u8054\u7cfb <strong>info@airevejer.es<\/strong><\/p>\t\t\t\t\t\t\t\t<\/div>\n\t\t\t\t<\/div>\n\t\t\t\t\t<\/div>\n\t\t\t\t<\/div>\n\t\t<div class=\"elementor-element elementor-element-90562ca e-flex e-con-boxed e-con e-parent\" data-id=\"90562ca\" data-element_type=\"container\" data-e-type=\"container\">\n\t\t\t\t\t<div class=\"e-con-inner\">\n\t\t\t\t<div class=\"elementor-element elementor-element-f8e5f90 elementor-widget elementor-widget-image\" data-id=\"f8e5f90\" data-element_type=\"widget\" data-e-type=\"widget\" data-widget_type=\"image.default\">\n\t\t\t\t<div class=\"elementor-widget-container\">\n\t\t\t\t\t\t\t\t\t\t\t\t\t\t\t<img decoding=\"async\" width=\"150\" height=\"150\" src=\"https:\/\/airevejer.es\/wp-content\/uploads\/2025\/12\/99406FFE-D393-4936-9DCB-5F3A69EF0A72-150x150.png\" class=\"attachment-thumbnail size-thumbnail wp-image-802\" alt=\"99406ffe d393 4936 9dcb 5f3a69ef0a72\" srcset=\"https:\/\/airevejer.es\/wp-content\/uploads\/2025\/12\/99406FFE-D393-4936-9DCB-5F3A69EF0A72-150x150.png 150w, https:\/\/airevejer.es\/wp-content\/uploads\/2025\/12\/99406FFE-D393-4936-9DCB-5F3A69EF0A72-100x100.png 100w\" sizes=\"(max-width: 150px) 100vw, 150px\" title=\"\u9884\u8ba2\u6761\u4ef6\">\t\t\t\t\t\t\t\t\t\t\t\t\t\t\t<\/div>\n\t\t\t\t<\/div>\n\t\t\t\t\t<\/div>\n\t\t\t\t<\/div>\n\t\t<div class=\"elementor-element elementor-element-cd66bb4 e-flex e-con-boxed e-con e-parent\" data-id=\"cd66bb4\" data-element_type=\"container\" data-e-type=\"container\">\n\t\t\t\t\t<div class=\"e-con-inner\">\n\t\t<div class=\"elementor-element elementor-element-2b17f39 e-con-full e-flex e-con e-child\" data-id=\"2b17f39\" data-element_type=\"container\" data-e-type=\"container\">\n\t\t<div class=\"elementor-element elementor-element-fefb353 e-grid e-con-full e-con e-child\" data-id=\"fefb353\" data-element_type=\"container\" data-e-type=\"container\">\n\t\t\t\t<div class=\"elementor-element elementor-element-db0257e elementor-nav-menu__align-center elementor-nav-menu--dropdown-tablet elementor-nav-menu__text-align-aside elementor-widget elementor-widget-nav-menu\" data-id=\"db0257e\" data-element_type=\"widget\" data-e-type=\"widget\" data-settings=\"{&quot;layout&quot;:&quot;vertical&quot;,&quot;submenu_icon&quot;:{&quot;value&quot;:&quot;&lt;i class=\\&quot;fas fa-caret-down\\&quot; aria-hidden=\\&quot;true\\&quot;&gt;&lt;\\\/i&gt;&quot;,&quot;library&quot;:&quot;fa-solid&quot;}}\" data-widget_type=\"nav-menu.default\">\n\t\t\t\t<div class=\"elementor-widget-container\">\n\t\t\t\t\t\t\t\t<nav aria-label=\"\u83dc\u5355\" class=\"elementor-nav-menu--main elementor-nav-menu__container elementor-nav-menu--layout-vertical e--pointer-none\">\n\t\t\t\t<ul id=\"menu-1-db0257e\" class=\"elementor-nav-menu sm-vertical\"><li class=\"menu-item menu-item-type-post_type menu-item-object-page menu-item-154\"><a href=\"https:\/\/airevejer.es\/zh\/amenities\/\" class=\"elementor-item menu-link\">\u7a7a\u95f4\u548c\u670d\u52a1<\/a><\/li>\n<li class=\"menu-item menu-item-type-post_type menu-item-object-page menu-item-155\"><a href=\"https:\/\/airevejer.es\/zh\/rooms-2\/\" class=\"elementor-item menu-link\">\u623f\u95f4<\/a><\/li>\n<li class=\"menu-item menu-item-type-post_type menu-item-object-page menu-item-1249\"><a href=\"https:\/\/airevejer.es\/zh\/el-entorno\/\" class=\"elementor-item menu-link\">\u73af\u5883<\/a><\/li>\n<li class=\"menu-item menu-item-type-post_type menu-item-object-page menu-item-919\"><a href=\"https:\/\/airevejer.es\/zh\/contacto\/\" class=\"elementor-item menu-link\">\u8054\u7cfb<\/a><\/li>\n<\/ul>\t\t\t<\/nav>\n\t\t\t\t\t\t<nav class=\"elementor-nav-menu--dropdown elementor-nav-menu__container\" aria-hidden=\"true\">\n\t\t\t\t<ul id=\"menu-2-db0257e\" class=\"elementor-nav-menu sm-vertical\"><li class=\"menu-item menu-item-type-post_type menu-item-object-page menu-item-154\"><a href=\"https:\/\/airevejer.es\/zh\/amenities\/\" class=\"elementor-item menu-link\" tabindex=\"-1\">\u7a7a\u95f4\u548c\u670d\u52a1<\/a><\/li>\n<li class=\"menu-item menu-item-type-post_type menu-item-object-page menu-item-155\"><a href=\"https:\/\/airevejer.es\/zh\/rooms-2\/\" class=\"elementor-item menu-link\" tabindex=\"-1\">\u623f\u95f4<\/a><\/li>\n<li class=\"menu-item menu-item-type-post_type menu-item-object-page menu-item-1249\"><a href=\"https:\/\/airevejer.es\/zh\/el-entorno\/\" class=\"elementor-item menu-link\" tabindex=\"-1\">\u73af\u5883<\/a><\/li>\n<li class=\"menu-item menu-item-type-post_type menu-item-object-page menu-item-919\"><a href=\"https:\/\/airevejer.es\/zh\/contacto\/\" class=\"elementor-item menu-link\" tabindex=\"-1\">\u8054\u7cfb<\/a><\/li>\n<\/ul>\t\t\t<\/nav>\n\t\t\t\t\t\t<\/div>\n\t\t\t\t<\/div>\n\t\t\t\t<div class=\"elementor-element elementor-element-2a8de77 elementor-widget elementor-widget-text-editor\" data-id=\"2a8de77\" data-element_type=\"widget\" data-e-type=\"widget\" data-widget_type=\"text-editor.default\">\n\t\t\t\t<div class=\"elementor-widget-container\">\n\t\t\t\t\t\t\t\t\t<h6>AIRE VEJER \u7cbe\u54c1\u65c5\u820d<\/h6><p>\u00a0<\/p><p>La Barca de Vejer s\/n<\/p><p>\u5f17\u9f99\u7279\u62c9\u7684\u97e6\u8d6b\u5c14\uff08\u52a0\u7684\u65af\uff09<\/p><p>info@airevejer.es<\/p><p>638805946<\/p>\t\t\t\t\t\t\t\t<\/div>\n\t\t\t\t<\/div>\n\t\t\t\t<div class=\"elementor-element elementor-element-1dc0c75 elementor-nav-menu__align-center elementor-nav-menu--dropdown-tablet elementor-nav-menu__text-align-aside elementor-widget elementor-widget-nav-menu\" data-id=\"1dc0c75\" data-element_type=\"widget\" data-e-type=\"widget\" data-settings=\"{&quot;layout&quot;:&quot;vertical&quot;,&quot;submenu_icon&quot;:{&quot;value&quot;:&quot;&lt;i class=\\&quot;fas fa-caret-down\\&quot; aria-hidden=\\&quot;true\\&quot;&gt;&lt;\\\/i&gt;&quot;,&quot;library&quot;:&quot;fa-solid&quot;}}\" data-widget_type=\"nav-menu.default\">\n\t\t\t\t<div class=\"elementor-widget-container\">\n\t\t\t\t\t\t\t\t<nav aria-label=\"\u83dc\u5355\" class=\"elementor-nav-menu--main elementor-nav-menu__container elementor-nav-menu--layout-vertical e--pointer-none\">\n\t\t\t\t<ul id=\"menu-1-1dc0c75\" class=\"elementor-nav-menu sm-vertical\"><li class=\"menu-item menu-item-type-post_type menu-item-object-page menu-item-972\"><a href=\"https:\/\/airevejer.es\/zh\/politica-de-cookies\/\" class=\"elementor-item menu-link\">Cookie \u653f\u7b56<\/a><\/li>\n<li class=\"menu-item menu-item-type-post_type menu-item-object-page menu-item-985\"><a href=\"https:\/\/airevejer.es\/zh\/elementor-975\/\" class=\"elementor-item menu-link\">\u6cd5\u5f8b\u58f0\u660e<\/a><\/li>\n<li class=\"menu-item menu-item-type-post_type menu-item-object-page menu-item-privacy-policy menu-item-1328\"><a rel=\"privacy-policy\" href=\"https:\/\/airevejer.es\/zh\/politicas-de-privacidad\/\" class=\"elementor-item menu-link\">\u9690\u79c1\u653f\u7b56<\/a><\/li>\n<li class=\"menu-item menu-item-type-post_type menu-item-object-page menu-item-1952\"><a href=\"https:\/\/airevejer.es\/zh\/condiciones-de-reserva\/\" class=\"elementor-item menu-link\">\u9884\u8ba2\u6761\u4ef6<\/a><\/li>\n<\/ul>\t\t\t<\/nav>\n\t\t\t\t\t\t<nav class=\"elementor-nav-menu--dropdown elementor-nav-menu__container\" aria-hidden=\"true\">\n\t\t\t\t<ul id=\"menu-2-1dc0c75\" class=\"elementor-nav-menu sm-vertical\"><li class=\"menu-item menu-item-type-post_type menu-item-object-page menu-item-972\"><a href=\"https:\/\/airevejer.es\/zh\/politica-de-cookies\/\" class=\"elementor-item menu-link\" tabindex=\"-1\">Cookie \u653f\u7b56<\/a><\/li>\n<li class=\"menu-item menu-item-type-post_type menu-item-object-page menu-item-985\"><a href=\"https:\/\/airevejer.es\/zh\/elementor-975\/\" class=\"elementor-item menu-link\" tabindex=\"-1\">\u6cd5\u5f8b\u58f0\u660e<\/a><\/li>\n<li class=\"menu-item menu-item-type-post_type menu-item-object-page menu-item-privacy-policy menu-item-1328\"><a rel=\"privacy-policy\" href=\"https:\/\/airevejer.es\/zh\/politicas-de-privacidad\/\" class=\"elementor-item menu-link\" tabindex=\"-1\">\u9690\u79c1\u653f\u7b56<\/a><\/li>\n<li class=\"menu-item menu-item-type-post_type menu-item-object-page menu-item-1952\"><a href=\"https:\/\/airevejer.es\/zh\/condiciones-de-reserva\/\" class=\"elementor-item menu-link\" tabindex=\"-1\">\u9884\u8ba2\u6761\u4ef6<\/a><\/li>\n<\/ul>\t\t\t<\/nav>\n\t\t\t\t\t\t<\/div>\n\t\t\t\t<\/div>\n\t\t\t\t<\/div>\n\t\t\t\t<\/div>\n\t\t\t\t\t<\/div>\n\t\t\t\t<\/div>\n\t\t<div class=\"elementor-element elementor-element-752c026 e-flex e-con-boxed e-con e-parent\" data-id=\"752c026\" data-element_type=\"container\" data-e-type=\"container\">\n\t\t\t\t\t<div class=\"e-con-inner\">\n\t\t\t\t<div class=\"elementor-element elementor-element-67276b2 elementor-widget elementor-widget-copyright\" data-id=\"67276b2\" data-element_type=\"widget\" data-e-type=\"widget\" data-widget_type=\"copyright.default\">\n\t\t\t\t<div class=\"elementor-widget-container\">\n\t\t\t\t\t\t\t<div class=\"hfe-copyright-wrapper\">\n\t\t\t\t\t\t\t<span>\u7248\u6743\u6240\u6709 \u00a9 2026 AIRE Vejer<\/span>\n\t\t\t\t\t<\/div>\n\t\t\t\t\t\t<\/div>\n\t\t\t\t<\/div>\n\t\t\t\t\t<\/div>\n\t\t\t\t<\/div>\n\t\t\t\t<\/div>","protected":false},"excerpt":{"rendered":"<p>Condiciones de reserva 1. Proceso de reserva y pago Para realizar una reserva en nuestra web, el cliente deber\u00e1 abonar el 100% del importe en el momento de realizar la reserva.\u00a0 Garantizamos el mejor precio y mayor flexibilidad de cancelaci\u00f3n ( hasta 3 d\u00edas antes de la llegada) en comparaci\u00f3n con otros canales de venta. [&hellip;]<\/p>","protected":false},"author":1,"featured_media":0,"parent":0,"menu_order":0,"comment_status":"closed","ping_status":"closed","template":"","meta":{"_uag_custom_page_level_css":"","site-sidebar-layout":"no-sidebar","site-content-layout":"page-builder","ast-site-content-layout":"full-width-container","site-content-style":"default","site-sidebar-style":"default","ast-global-header-display":"","ast-banner-title-visibility":"","ast-main-header-display":"","ast-hfb-above-header-display":"","ast-hfb-below-header-display":"","ast-hfb-mobile-header-display":"","site-post-title":"disabled","ast-breadcrumbs-content":"","ast-featured-img":"disabled","footer-sml-layout":"","ast-disable-related-posts":"","theme-transparent-header-meta":"","adv-header-id-meta":"","stick-header-meta":"","header-above-stick-meta":"","header-main-stick-meta":"","header-below-stick-meta":"","astra-migrate-meta-layouts":"set","ast-page-background-enabled":"default","ast-page-background-meta":{"desktop":{"background-color":"","background-image":"","background-repeat":"repeat","background-position":"center center","background-size":"auto","background-attachment":"scroll","background-type":"","background-media":"","overlay-type":"","overlay-color":"","overlay-opacity":"","overlay-gradient":""},"tablet":{"background-color":"","background-image":"","background-repeat":"repeat","background-position":"center center","background-size":"auto","background-attachment":"scroll","background-type":"","background-media":"","overlay-type":"","overlay-color":"","overlay-opacity":"","overlay-gradient":""},"mobile":{"background-color":"","background-image":"","background-repeat":"repeat","background-position":"center center","background-size":"auto","background-attachment":"scroll","background-type":"","background-media":"","overlay-type":"","overlay-color":"","overlay-opacity":"","overlay-gradient":""}},"ast-content-background-meta":{"desktop":{"background-color":"var(--ast-global-color-5)","background-image":"","background-repeat":"repeat","background-position":"center center","background-size":"auto","background-attachment":"scroll","background-type":"","background-media":"","overlay-type":"","overlay-color":"","overlay-opacity":"","overlay-gradient":""},"tablet":{"background-color":"var(--ast-global-color-5)","background-image":"","background-repeat":"repeat","background-position":"center center","background-size":"auto","background-attachment":"scroll","background-type":"","background-media":"","overlay-type":"","overlay-color":"","overlay-opacity":"","overlay-gradient":""},"mobile":{"background-color":"var(--ast-global-color-5)","background-image":"","background-repeat":"repeat","background-position":"center center","background-size":"auto","background-attachment":"scroll","background-type":"","background-media":"","overlay-type":"","overlay-color":"","overlay-opacity":"","overlay-gradient":""}},"footnotes":""},"class_list":["post-1910","page","type-page","status-publish","hentry"],"_hostinger_reach_plugin_has_subscription_block":false,"_hostinger_reach_plugin_is_elementor":false,"uagb_featured_image_src":{"full":false,"thumbnail":false,"medium":false,"medium_large":false,"large":false,"1536x1536":false,"2048x2048":false,"trp-custom-language-flag":false},"uagb_author_info":{"display_name":"aire","author_link":"https:\/\/airevejer.es\/zh\/author\/aire\/"},"uagb_comment_info":0,"uagb_excerpt":"Condiciones de reserva 1. Proceso de reserva y pago Para realizar una reserva en nuestra web, el cliente deber\u00e1 abonar el 100% del importe en el momento de realizar la reserva.\u00a0 Garantizamos el mejor precio y mayor flexibilidad de cancelaci\u00f3n ( hasta 3 d\u00edas antes de la llegada) en comparaci\u00f3n con otros canales de venta.&hellip;","_links":{"self":[{"href":"https:\/\/airevejer.es\/zh\/wp-json\/wp\/v2\/pages\/1910","targetHints":{"allow":["GET"]}}],"collection":[{"href":"https:\/\/airevejer.es\/zh\/wp-json\/wp\/v2\/pages"}],"about":[{"href":"https:\/\/airevejer.es\/zh\/wp-json\/wp\/v2\/types\/page"}],"author":[{"embeddable":true,"href":"https:\/\/airevejer.es\/zh\/wp-json\/wp\/v2\/users\/1"}],"replies":[{"embeddable":true,"href":"https:\/\/airevejer.es\/zh\/wp-json\/wp\/v2\/comments?post=1910"}],"version-history":[{"count":37,"href":"https:\/\/airevejer.es\/zh\/wp-json\/wp\/v2\/pages\/1910\/revisions"}],"predecessor-version":[{"id":2317,"href":"https:\/\/airevejer.es\/zh\/wp-json\/wp\/v2\/pages\/1910\/revisions\/2317"}],"wp:attachment":[{"href":"https:\/\/airevejer.es\/zh\/wp-json\/wp\/v2\/media?parent=1910"}],"curies":[{"name":"wp","href":"https:\/\/api.w.org\/{rel}","templated":true}]}}